{"id":117,"date":"2016-11-28T16:40:30","date_gmt":"2016-11-28T16:40:30","guid":{"rendered":"http:\/\/schuetzencops.apps-1and1.net\/?page_id=117"},"modified":"2026-02-20T12:17:56","modified_gmt":"2026-02-20T12:17:56","slug":"aktuelles","status":"publish","type":"page","link":"https:\/\/wp.schuetzencorps.de\/?page_id=117","title":{"rendered":"Aktuelles"},"content":{"rendered":"<p style=\"text-align: left;\"><strong>Aktualisierungen auf dieser Seite:<br \/>\n<\/strong><\/p>\n<p><span style=\"text-align: left; color: #333333; text-transform: none; text-indent: 0px; letter-spacing: normal; font-family: Georgia,'Times New Roman','Bitstream Charter',Times,serif; font-size: 16px; font-style: normal; font-variant: normal; font-weight: 400; text-decoration: none; word-spacing: 0px; float: none; display: inline !important; white-space: normal; cursor: text; orphans: 2; background-color: #ffffff; -webkit-text-stroke-width: 0px;\">2026-02-20 <a href=\"https:\/\/wp.schuetzencorps.de\/?page_id=3229\">Ehrentafel<\/a><br \/>\n2025-12-03 <a href=\"https:\/\/wp.schuetzencorps.de\/?page_id=3229\">Ehrentafel<\/a><br \/>\n2025-07-00 <a href=\"https:\/\/wp.schuetzencorps.de\/?page_id=4206\">K\u00f6nige<\/a>, <a href=\"https:\/\/wp.schuetzencorps.de\/?page_id=90\">K\u00f6nigsGalerie<\/a>, <a href=\"https:\/\/wp.schuetzencorps.de\/?page_id=162\">Hierachie<\/a>, <a href=\"https:\/\/wp.schuetzencorps.de\/?page_id=123\">Termine<\/a>, &#8230;<br \/>\n2025-06-30 <a href=\"https:\/\/wp.schuetzencorps.de\/?page_id=4160\">Ergebniss Einschie\u00dfen<\/a> und\u00a0<a href=\"https:\/\/wp.schuetzencorps.de\/?page_id=4192\">Liedertexte<\/a><br \/>\n2025-06-26 <a href=\"https:\/\/wp.schuetzencorps.de\/?page_id=269\">Kr\u00e4nzebinden<\/a> und <a href=\"https:\/\/wp.schuetzencorps.de\/?page_id=2680\">Festschrift 2025<\/a><br \/>\n2025-05.19 <a href=\"https:\/\/wp.schuetzencorps.de\/?page_id=2680\">Info 2025<\/a> und Co.<br \/>\n2025-05-12 <a href=\"https:\/\/wp.schuetzencorps.de\/?page_id=162\">Hierarchie<\/a> und <a href=\"https:\/\/wp.schuetzencorps.de\/?page_id=123\">Interne Termine<\/a><br \/>\n2025-03-06 <a href=\"https:\/\/wp.schuetzencorps.de\/?page_id=123\">Interne Termine<\/a><br \/>\n2025-02-03 <a href=\"https:\/\/wp.schuetzencorps.de\/?page_id=123\">Interne Termine<\/a><br \/>\n2024-10-14 <a href=\"https:\/\/wp.schuetzencorps.de\/?page_id=3229\">Ehrentafel<\/a>, <a href=\"https:\/\/wp.schuetzencorps.de\/?page_id=123\">Interne Termine<\/a><br \/>\n2024-08-02 <a href=\"https:\/\/wp.schuetzencorps.de\/?page_id=3229\">Ehrentafel<\/a>, <a href=\"https:\/\/wp.schuetzencorps.de\/?page_id=123\">Interne Termine<\/a><br \/>\n2024-07-01 Ergebnisse Einschie\u00dfen\u00a0<a href=\"https:\/\/wp.schuetzencorps.de\/?page_id=3964\">&#8222;K\u00f6nige 2024&#8220;<\/a><br \/>\n2024-06-26 Anpassungen f\u00fcr 2024 sind online<br \/>\n2023-11-13 <a href=\"https:\/\/wp.schuetzencorps.de\/?page_id=123\">Interne Termine<\/a><br \/>\n2023-10-06 <a href=\"https:\/\/wp.schuetzencorps.de\/?page_id=123\">Interne Termine<\/a>, <a href=\"https:\/\/wp.schuetzencorps.de\/?page_id=165\">Telegramm<\/a><br \/>\n2023-09-13 <a href=\"https:\/\/wp.schuetzencorps.de\/?page_id=3229\">Ehrentafel<\/a>, <a href=\"https:\/\/wp.schuetzencorps.de\/?page_id=162\">Hierarchie<\/a><br \/>\n2023-08-02\u00a0<a href=\"https:\/\/wp.schuetzencorps.de\/?page_id=123\">Interne Termine<\/a><br \/>\n2023-07-27\u00a0<a href=\"https:\/\/wp.schuetzencorps.de\/?page_id=3820\">K\u00f6nige 2023.07<\/a><br \/>\n2023-07-06\u00a0<a href=\"https:\/\/wp.schuetzencorps.de\/?page_id=162\">Hierarchie<\/a><br \/>\n2023-06-26 Information 2023<br \/>\n2023-05-19 <a href=\"https:\/\/wp.schuetzencorps.de\/?page_id=3229\">Ehrentafel\u00a0<\/a><br \/>\n2023-02-06\u00a0<a href=\"https:\/\/wp.schuetzencorps.de\/?page_id=165\">Telegramm<\/a> (vervollst\u00e4ndigt)<br \/>\n2023-02-05\u00a0<a href=\"https:\/\/wp.schuetzencorps.de\/?page_id=123\">Interne Termine<\/a> (Termine \u00dcbungsschie\u00dfen + \u00dcbersicht 2023)<br \/>\n2023-02-04\u00a0<a href=\"https:\/\/wp.schuetzencorps.de\/?page_id=147\">BilderGalerie<\/a><br \/>\n<\/span><\/p>\n<p><iframe loading=\"lazy\" title=\"Final 2019 07 01\" width=\"605\" height=\"340\" src=\"https:\/\/www.youtube.com\/embed\/m2G5lYGcp20?feature=oembed\" frameborder=\"0\" allow=\"accelerometer; autoplay; clipboard-write; encrypted-media; gyroscope; picture-in-picture; web-share\" referrerpolicy=\"strict-origin-when-cross-origin\" allowfullscreen><\/iframe><\/p>\n<p><iframe loading=\"lazy\" title=\"Sch\u00fctzencorps der Stadt Bergen, Cold-Water-Bier-Challenge 2018\" width=\"605\" height=\"340\" src=\"https:\/\/www.youtube.com\/embed\/ltJ3T0X3ZvU?feature=oembed\" frameborder=\"0\" allow=\"accelerometer; autoplay; clipboard-write; encrypted-media; gyroscope; picture-in-picture; web-share\" referrerpolicy=\"strict-origin-when-cross-origin\" allowfullscreen><\/iframe><\/p>\n","protected":false},"excerpt":{"rendered":"<p>Aktualisierungen auf dieser Seite: 2026-02-20 Ehrentafel 2025-12-03 Ehrentafel 2025-07-00 K\u00f6nige, K\u00f6nigsGalerie, Hierachie, Termine, &#8230; 2025-06-30 Ergebniss Einschie\u00dfen und\u00a0Liedertexte 2025-06-26 Kr\u00e4nzebinden und Festschrift 2025 2025-05.19 Info 2025 und Co. 2025-05-12 Hierarchie und Interne Termine 2025-03-06 Interne Termine 2025-02-03 Interne Termine 2024-10-14 &hellip;<\/p>\n<p class=\"read-more\"> <a class=\"more-link\" href=\"https:\/\/wp.schuetzencorps.de\/?page_id=117\"> <span class=\"screen-reader-text\">Aktuelles<\/span> Weiterlesen &raquo;<\/a><\/p>\n","protected":false},"author":1,"featured_media":0,"parent":0,"menu_order":1,"comment_status":"closed","ping_status":"closed","template":"","meta":{"footnotes":""},"class_list":["post-117","page","type-page","status-publish","hentry"],"_links":{"self":[{"href":"https:\/\/wp.schuetzencorps.de\/index.php?rest_route=\/wp\/v2\/pages\/117","targetHints":{"allow":["GET"]}}],"collection":[{"href":"https:\/\/wp.schuetzencorps.de\/index.php?rest_route=\/wp\/v2\/pages"}],"about":[{"href":"https:\/\/wp.schuetzencorps.de\/index.php?rest_route=\/wp\/v2\/types\/page"}],"author":[{"embeddable":true,"href":"https:\/\/wp.schuetzencorps.de\/index.php?rest_route=\/wp\/v2\/users\/1"}],"replies":[{"embeddable":true,"href":"https:\/\/wp.schuetzencorps.de\/index.php?rest_route=%2Fwp%2Fv2%2Fcomments&post=117"}],"version-history":[{"count":92,"href":"https:\/\/wp.schuetzencorps.de\/index.php?rest_route=\/wp\/v2\/pages\/117\/revisions"}],"predecessor-version":[{"id":4307,"href":"https:\/\/wp.schuetzencorps.de\/index.php?rest_route=\/wp\/v2\/pages\/117\/revisions\/4307"}],"wp:attachment":[{"href":"https:\/\/wp.schuetzencorps.de\/index.php?rest_route=%2Fwp%2Fv2%2Fmedia&parent=117"}],"curies":[{"name":"wp","href":"https:\/\/api.w.org\/{rel}","templated":true}]}}