{"id":123,"date":"2016-11-28T16:45:28","date_gmt":"2016-11-28T16:45:28","guid":{"rendered":"http:\/\/schuetzencops.apps-1and1.net\/?page_id=123"},"modified":"2026-04-22T11:09:39","modified_gmt":"2026-04-22T11:09:39","slug":"internetermine","status":"publish","type":"page","link":"https:\/\/wp.schuetzencorps.de\/?page_id=123","title":{"rendered":"Interne Termine"},"content":{"rendered":"<p><\/p>\r\n<table style=\"width: 100%; border-style: dashed;\" width=\"100%\">\r\n<tbody>\r\n<tr>\r\n<td style=\"width: 9.78695%;\"><strong>Datum von<\/strong><\/td>\r\n<td style=\"width: 9.38747%;\"><strong>Datum bis<\/strong><\/td>\r\n<td style=\"width: 12.6497%;\"><strong>Uhrzeit<\/strong><\/td>\r\n<td style=\"width: 21.4381%;\"><strong>Veranstaltung<\/strong><\/td>\r\n<td style=\"width: 25.8988%;\"><strong>Ort<\/strong><\/td>\r\n<td style=\"width: 19.9734%;\"><strong>Hinweis\/Vermerk<\/strong><\/td>\r\n<\/tr>\r\n<tr>\r\n<td style=\"width: 9.78695%;\"><del>07.01.2026<\/del><\/td>\r\n<td style=\"width: 9.38747%;\">\u00a0<\/td>\r\n<td style=\"width: 12.6497%;\"><del>ab 16:00 Uhr<\/del><\/td>\r\n<td style=\"width: 21.4381%;\"><del>Seniorenschie\u00dfen<\/del><\/td>\r\n<td style=\"width: 25.8988%;\"><del>Schie\u00dfstand (Heisterkamp)<\/del><\/td>\r\n<td style=\"width: 19.9734%;\">\u00a0<\/td>\r\n<\/tr>\r\n<tr>\r\n<td style=\"width: 9.78695%;\"><del>09.01.2026<\/del><\/td>\r\n<td style=\"width: 9.38747%;\">\u00a0<\/td>\r\n<td style=\"width: 12.6497%;\"><del>ab 19:30 Uhr<\/del><\/td>\r\n<td style=\"width: 21.4381%;\"><del>Stammtisch\u00a0<\/del><\/td>\r\n<td style=\"width: 25.8988%;\"><del>Sch\u00fctzenhaus (Heisterkamp)<\/del><\/td>\r\n<td style=\"width: 19.9734%;\"><del>entf\u00e4llt, wetterbedingt<\/del><\/td>\r\n<\/tr>\r\n<tr>\r\n<td style=\"width: 9.78695%;\"><del>04.02.2026<\/del><\/td>\r\n<td style=\"width: 9.38747%;\">\u00a0<\/td>\r\n<td style=\"width: 12.6497%;\"><del>ab 16:00 Uhr<\/del><\/td>\r\n<td style=\"width: 21.4381%;\"><del>Seniorenschie\u00dfen<\/del><\/td>\r\n<td style=\"width: 25.8988%;\"><del>Schie\u00dfstand (Heisterkamp)<\/del><\/td>\r\n<td style=\"width: 19.9734%;\">\u00a0<\/td>\r\n<\/tr>\r\n<tr>\r\n<td style=\"width: 9.78695%;\"><del>13.02.2026<\/del><\/td>\r\n<td style=\"width: 9.38747%;\">\u00a0<\/td>\r\n<td style=\"width: 12.6497%;\"><del>ab 19:00 Uhr<\/del><\/td>\r\n<td style=\"width: 21.4381%;\"><del>\u00dcbungsschie\u00dfen<\/del><\/td>\r\n<td style=\"width: 25.8988%;\"><del>Schie\u00dfstand (Heisterkamp)<\/del><\/td>\r\n<td style=\"width: 19.9734%;\">\u00a0<\/td>\r\n<\/tr>\r\n<tr>\r\n<td style=\"width: 9.78695%;\"><del>04.03.2026<\/del><\/td>\r\n<td style=\"width: 9.38747%;\">\u00a0<\/td>\r\n<td style=\"width: 12.6497%;\"><del>ab 16:00 Uhr<\/del><\/td>\r\n<td style=\"width: 21.4381%;\"><del>Seniorenschie\u00dfen<\/del><\/td>\r\n<td style=\"width: 25.8988%;\"><del>Schie\u00dfstand (Heisterkamp)<\/del><\/td>\r\n<td style=\"width: 19.9734%;\">\u00a0<\/td>\r\n<\/tr>\r\n<tr>\r\n<td style=\"width: 9.78695%;\"><del>13.03.2026<\/del><\/td>\r\n<td style=\"width: 9.38747%;\">\u00a0<\/td>\r\n<td style=\"width: 12.6497%;\"><del>ab 19:30 Uhr<\/del><\/td>\r\n<td style=\"width: 21.4381%;\"><del>Stammtisch\u00a0<\/del><\/td>\r\n<td style=\"width: 25.8988%;\"><del>Sch\u00fctzenhaus (Heisterkamp)<\/del><\/td>\r\n<td style=\"width: 19.9734%;\"><del>verschoben auf 20.03.<\/del><\/td>\r\n<\/tr>\r\n<tr>\r\n<td style=\"width: 9.78695%;\"><del><strong>14.03.2026<\/strong><\/del><\/td>\r\n<td style=\"width: 9.38747%;\">\u00a0<\/td>\r\n<td style=\"width: 12.6497%;\"><del><strong>19:00 Uhr<\/strong><\/del><\/td>\r\n<td style=\"width: 21.4381%;\"><del><strong>Kameradschaftsabend<\/strong><\/del><\/td>\r\n<td style=\"width: 25.8988%;\"><del><strong>Stadthaus Bergen<\/strong><\/del><\/td>\r\n<td style=\"width: 19.9734%;\">\u00a0<\/td>\r\n<\/tr>\r\n<tr>\r\n<td style=\"width: 9.78695%;\"><del>20.03.2026<\/del><\/td>\r\n<td style=\"width: 9.38747%;\">\u00a0<\/td>\r\n<td style=\"width: 12.6497%;\"><del>ab 19:30 Uhr<\/del><\/td>\r\n<td style=\"width: 21.4381%;\"><del>Stammtisch\u00a0<\/del><\/td>\r\n<td style=\"width: 25.8988%;\"><del>Sch\u00fctzenhaus (Heisterkamp)<\/del><\/td>\r\n<td style=\"width: 19.9734%;\"><del>verschoben vom 13.03.<\/del><\/td>\r\n<\/tr>\r\n<tr>\r\n<td style=\"width: 9.78695%;\"><del>01.04.2026<\/del><\/td>\r\n<td style=\"width: 9.38747%;\">\u00a0<\/td>\r\n<td style=\"width: 12.6497%;\"><del>ab 16:00 Uhr<\/del><\/td>\r\n<td style=\"width: 21.4381%;\"><del>Seniorenschie\u00dfen<\/del><\/td>\r\n<td style=\"width: 25.8988%;\"><del>Schie\u00dfstand (Heisterkamp)<\/del><\/td>\r\n<td style=\"width: 19.9734%;\"><del>(Datum korrigiert)<\/del><\/td>\r\n<\/tr>\r\n<tr>\r\n<td style=\"width: 9.78695%;\"><del>10.04.2026<\/del><\/td>\r\n<td style=\"width: 9.38747%;\">\u00a0<\/td>\r\n<td style=\"width: 12.6497%;\"><del>ab 19:00 Uhr<\/del><\/td>\r\n<td style=\"width: 21.4381%;\"><del>\u00dcbungsschie\u00dfen<\/del><\/td>\r\n<td style=\"width: 25.8988%;\"><del>Schie\u00dfstand (Heisterkamp)<\/del><\/td>\r\n<td style=\"width: 19.9734%;\">\u00a0<\/td>\r\n<\/tr>\r\n<tr>\r\n<td style=\"width: 9.78695%;\">24.04.2026<\/td>\r\n<td style=\"width: 9.38747%;\">26.04.2026<\/td>\r\n<td style=\"width: 12.6497%;\">\u00a0<\/td>\r\n<td style=\"width: 21.4381%;\">Sch\u00fctzenfest Diesten<\/td>\r\n<td style=\"width: 25.8988%;\">Diesten<\/td>\r\n<td style=\"width: 19.9734%;\">\u00a0<\/td>\r\n<\/tr>\r\n<tr>\r\n<td style=\"width: 9.78695%;\">30.04.2026<\/td>\r\n<td style=\"width: 9.38747%;\">03.05.2026<\/td>\r\n<td style=\"width: 12.6497%;\">\u00a0<\/td>\r\n<td style=\"width: 21.4381%;\">Sch\u00fctzenfest Bleckmar<\/td>\r\n<td style=\"width: 25.8988%;\">Bleckmar<\/td>\r\n<td style=\"width: 19.9734%;\">\u00a0<\/td>\r\n<\/tr>\r\n<tr>\r\n<td style=\"width: 9.78695%;\">01.05.2026<\/td>\r\n<td style=\"width: 9.38747%;\">03.05.2026<\/td>\r\n<td style=\"width: 12.6497%;\">\u00a0<\/td>\r\n<td style=\"width: 21.4381%;\">Sch\u00fctzenfest Hassel<\/td>\r\n<td style=\"width: 25.8988%;\">Hassel<\/td>\r\n<td style=\"width: 19.9734%;\">\u00a0<\/td>\r\n<\/tr>\r\n<tr>\r\n<td style=\"width: 9.78695%;\">06.05.2026<\/td>\r\n<td style=\"width: 9.38747%;\">\u00a0<\/td>\r\n<td style=\"width: 12.6497%;\">ab 16:00 Uhr<\/td>\r\n<td style=\"width: 21.4381%;\">Seniorenschie\u00dfen<\/td>\r\n<td style=\"width: 25.8988%;\">Schie\u00dfstand (Heisterkamp)<\/td>\r\n<td style=\"width: 19.9734%;\">\u00a0<\/td>\r\n<\/tr>\r\n<tr>\r\n<td style=\"width: 9.78695%;\">08.05.2026<\/td>\r\n<td style=\"width: 9.38747%;\">10.05.2026<\/td>\r\n<td style=\"width: 12.6497%;\">\u00a0<\/td>\r\n<td style=\"width: 21.4381%;\">Sch\u00fctzenfest Offen<\/td>\r\n<td style=\"width: 25.8988%;\">Offen<\/td>\r\n<td style=\"width: 19.9734%;\">\u00a0<\/td>\r\n<\/tr>\r\n<tr>\r\n<td style=\"width: 9.78695%;\">08.05.2026<\/td>\r\n<td style=\"width: 9.38747%;\">\u00a0<\/td>\r\n<td style=\"width: 12.6497%;\">ab 19:30 Uhr<\/td>\r\n<td style=\"width: 21.4381%;\">Stammtisch\u00a0<\/td>\r\n<td style=\"width: 25.8988%;\">Sch\u00fctzenhaus (Heisterkamp)<\/td>\r\n<td style=\"width: 19.9734%;\">\u00a0<\/td>\r\n<\/tr>\r\n<tr>\r\n<td style=\"width: 9.78695%;\">14.05.2026<\/td>\r\n<td style=\"width: 9.38747%;\">17.05.2026<\/td>\r\n<td style=\"width: 12.6497%;\">\u00a0<\/td>\r\n<td style=\"width: 21.4381%;\">Sch\u00fctzenfest Becklingen<\/td>\r\n<td style=\"width: 25.8988%;\">Becklingen<\/td>\r\n<td style=\"width: 19.9734%;\">\u00a0<\/td>\r\n<\/tr>\r\n<tr>\r\n<td style=\"width: 9.78695%;\">23.05.2026<\/td>\r\n<td style=\"width: 9.38747%;\">24.05.2026<\/td>\r\n<td style=\"width: 12.6497%;\">\u00a0<\/td>\r\n<td style=\"width: 21.4381%;\">Sch\u00fctzenfest Bollersen<\/td>\r\n<td style=\"width: 25.8988%;\">Bollersen<\/td>\r\n<td style=\"width: 19.9734%;\">\u00a0<\/td>\r\n<\/tr>\r\n<tr>\r\n<td style=\"width: 9.78695%;\">29.05.2026<\/td>\r\n<td style=\"width: 9.38747%;\">31.05.2026<\/td>\r\n<td style=\"width: 12.6497%;\">\u00a0<\/td>\r\n<td style=\"width: 21.4381%;\">Sch\u00fctzenfest Eversen\u00a0<\/td>\r\n<td style=\"width: 25.8988%;\">Eversen<\/td>\r\n<td style=\"width: 19.9734%;\">\u00a0<\/td>\r\n<\/tr>\r\n<tr>\r\n<td style=\"width: 9.78695%;\"><strong>30.05.2026<\/strong><\/td>\r\n<td style=\"width: 9.38747%;\">\u00a0<\/td>\r\n<td style=\"width: 12.6497%;\"><strong>19:30 Uhr<\/strong><\/td>\r\n<td style=\"width: 21.4381%;\"><strong>Generalversammlung<\/strong><\/td>\r\n<td style=\"width: 25.8988%;\"><strong>Stadthaus Bergen<\/strong><\/td>\r\n<td style=\"width: 19.9734%;\">\u00a0<\/td>\r\n<\/tr>\r\n<tr>\r\n<td style=\"width: 9.78695%;\">03.06.2026<\/td>\r\n<td style=\"width: 9.38747%;\">\u00a0<\/td>\r\n<td style=\"width: 12.6497%;\">ab 16:00 Uhr<\/td>\r\n<td style=\"width: 21.4381%;\">Seniorenschie\u00dfen<\/td>\r\n<td style=\"width: 25.8988%;\">Schie\u00dfstand (Heisterkamp)<\/td>\r\n<td style=\"width: 19.9734%;\">\u00a0<\/td>\r\n<\/tr>\r\n<tr>\r\n<td style=\"width: 9.78695%;\">04.06.2026<\/td>\r\n<td style=\"width: 9.38747%;\">07.06.2026<\/td>\r\n<td style=\"width: 12.6497%;\">\u00a0<\/td>\r\n<td style=\"width: 21.4381%;\">Sch\u00fctzenfest S\u00fclze<\/td>\r\n<td style=\"width: 25.8988%;\">S\u00fclze<\/td>\r\n<td style=\"width: 19.9734%;\">\u00a0<\/td>\r\n<\/tr>\r\n<tr>\r\n<td style=\"width: 9.78695%;\">12.06.2026<\/td>\r\n<td style=\"width: 9.38747%;\">\u00a0<\/td>\r\n<td style=\"width: 12.6497%;\">ab 19:00 Uhr<\/td>\r\n<td style=\"width: 21.4381%;\">\u00dcbungsschie\u00dfen<\/td>\r\n<td style=\"width: 25.8988%;\">Schie\u00dfstand (Heisterkamp)<\/td>\r\n<td style=\"width: 19.9734%;\">\u00a0<\/td>\r\n<\/tr>\r\n<tr>\r\n<td style=\"width: 9.78695%;\">12.06.2026<\/td>\r\n<td style=\"width: 9.38747%;\">14.06.2026<\/td>\r\n<td style=\"width: 12.6497%;\">\u00a0<\/td>\r\n<td style=\"width: 21.4381%;\">Sch\u00fctzenfest Wardb\u00f6hmen<\/td>\r\n<td style=\"width: 25.8988%;\">Wardb\u00f6hmen<\/td>\r\n<td style=\"width: 19.9734%;\">\u00a0<\/td>\r\n<\/tr>\r\n<tr>\r\n<td style=\"width: 9.78695%;\">19.06.2026<\/td>\r\n<td style=\"width: 9.38747%;\">21.06.2026<\/td>\r\n<td style=\"width: 12.6497%;\">\u00a0<\/td>\r\n<td style=\"width: 21.4381%;\">Siedler- und Sch\u00fctzenfest\u00a0<\/td>\r\n<td style=\"width: 25.8988%;\">Hasselhorst<\/td>\r\n<td style=\"width: 19.9734%;\">\u00a0<\/td>\r\n<\/tr>\r\n<tr>\r\n<td style=\"width: 9.78695%;\">24.06.2026<\/td>\r\n<td style=\"width: 9.38747%;\">\u00a0<\/td>\r\n<td style=\"width: 12.6497%;\">ab 16:00 Uhr<\/td>\r\n<td style=\"width: 21.4381%;\">Seniorenschie\u00dfen<\/td>\r\n<td style=\"width: 25.8988%;\">Schie\u00dfstand (Heisterkamp)<\/td>\r\n<td style=\"width: 19.9734%;\">(vorverlegt vom 01.07.2026)<\/td>\r\n<\/tr>\r\n<tr>\r\n<td style=\"width: 9.78695%;\">27.06.2026<\/td>\r\n<td style=\"width: 9.38747%;\">28.06.2026<\/td>\r\n<td style=\"width: 12.6497%;\">\u00a0<\/td>\r\n<td style=\"width: 21.4381%;\">H\u00e4ger Heuball<\/td>\r\n<td style=\"width: 25.8988%;\">Hagen<\/td>\r\n<td style=\"width: 19.9734%;\">\u00a0<\/td>\r\n<\/tr>\r\n<tr>\r\n<td style=\"width: 9.78695%;\">01.07.2026<\/td>\r\n<td style=\"width: 9.38747%;\">05.07.2026<\/td>\r\n<td style=\"width: 12.6497%;\">\u00a0<\/td>\r\n<td style=\"width: 21.4381%;\">Sch\u00fctzenfest Bergen<\/td>\r\n<td style=\"width: 25.8988%;\">Bergen<\/td>\r\n<td style=\"width: 19.9734%;\">\u00a0<\/td>\r\n<\/tr>\r\n<tr>\r\n<td style=\"width: 9.78695%;\"><del>01.07.2026<\/del><\/td>\r\n<td style=\"width: 9.38747%;\">\u00a0<\/td>\r\n<td style=\"width: 12.6497%;\"><del>ab 16:00 Uhr<\/del><\/td>\r\n<td style=\"width: 21.4381%;\"><del>Seniorenschie\u00dfen<\/del><\/td>\r\n<td style=\"width: 25.8988%;\"><del>Schie\u00dfstand (Heisterkamp)<\/del><\/td>\r\n<td>(vorverlegt auf 24.06.2026)<\/td>\r\n<\/tr>\r\n<tr>\r\n<td style=\"width: 9.78695%;\">10.07.2026<\/td>\r\n<td style=\"width: 9.38747%;\">\u00a0<\/td>\r\n<td style=\"width: 12.6497%;\">ab 19:30 Uhr<\/td>\r\n<td style=\"width: 21.4381%;\">Stammtisch\u00a0<\/td>\r\n<td style=\"width: 25.8988%;\">Sch\u00fctzenhaus (Heisterkamp)<\/td>\r\n<td style=\"width: 19.9734%;\">\u00a0<\/td>\r\n<\/tr>\r\n<tr>\r\n<td style=\"width: 9.78695%;\">05.08.2026<\/td>\r\n<td style=\"width: 9.38747%;\">\u00a0<\/td>\r\n<td style=\"width: 12.6497%;\">ab 16:00 Uhr<\/td>\r\n<td style=\"width: 21.4381%;\">Seniorenschie\u00dfen<\/td>\r\n<td style=\"width: 25.8988%;\">Schie\u00dfstand (Heisterkamp)<\/td>\r\n<td style=\"width: 19.9734%;\">\u00a0<\/td>\r\n<\/tr>\r\n<tr>\r\n<td style=\"width: 9.78695%;\">14.08.2026<\/td>\r\n<td style=\"width: 9.38747%;\">\u00a0<\/td>\r\n<td style=\"width: 12.6497%;\">ab 19:00 Uhr<\/td>\r\n<td style=\"width: 21.4381%;\">\u00dcbungsschie\u00dfen<\/td>\r\n<td style=\"width: 25.8988%;\">Schie\u00dfstand (Heisterkamp)<\/td>\r\n<td style=\"width: 19.9734%;\">\u00a0<\/td>\r\n<\/tr>\r\n<tr>\r\n<td style=\"width: 9.78695%;\">02.09.2026<\/td>\r\n<td style=\"width: 9.38747%;\">\u00a0<\/td>\r\n<td style=\"width: 12.6497%;\">ab 16:00 Uhr<\/td>\r\n<td style=\"width: 21.4381%;\">Seniorenschie\u00dfen<\/td>\r\n<td style=\"width: 25.8988%;\">Schie\u00dfstand (Heisterkamp)<\/td>\r\n<td style=\"width: 19.9734%;\">\u00a0<\/td>\r\n<\/tr>\r\n<tr>\r\n<td style=\"width: 9.78695%;\">05.09.2026<\/td>\r\n<td style=\"width: 9.38747%;\">06.09.2026<\/td>\r\n<td style=\"width: 12.6497%;\">\u00a0<\/td>\r\n<td style=\"width: 21.4381%;\">Kartoffelball Belsen<\/td>\r\n<td style=\"width: 25.8988%;\">Belsen<\/td>\r\n<td style=\"width: 19.9734%;\">\u00a0<\/td>\r\n<\/tr>\r\n<tr>\r\n<td style=\"width: 9.78695%;\">11.09.2026<\/td>\r\n<td style=\"width: 9.38747%;\">\u00a0<\/td>\r\n<td style=\"width: 12.6497%;\">ab 19:30 Uhr<\/td>\r\n<td style=\"width: 21.4381%;\">Stammtisch\u00a0<\/td>\r\n<td style=\"width: 25.8988%;\">Sch\u00fctzenhaus (Heisterkamp)<\/td>\r\n<td style=\"width: 19.9734%;\">\u00a0<\/td>\r\n<\/tr>\r\n<tr>\r\n<td style=\"width: 9.78695%;\">07.10.2026<\/td>\r\n<td style=\"width: 9.38747%;\">\u00a0<\/td>\r\n<td style=\"width: 12.6497%;\">ab 16:00 Uhr<\/td>\r\n<td style=\"width: 21.4381%;\">Seniorenschie\u00dfen<\/td>\r\n<td style=\"width: 25.8988%;\">Schie\u00dfstand (Heisterkamp)<\/td>\r\n<td style=\"width: 19.9734%;\">\u00a0<\/td>\r\n<\/tr>\r\n<tr>\r\n<td style=\"width: 9.78695%;\">09.10.2026<\/td>\r\n<td style=\"width: 9.38747%;\">\u00a0<\/td>\r\n<td style=\"width: 12.6497%;\">ab 19:00 Uhr<\/td>\r\n<td style=\"width: 21.4381%;\">\u00dcbungsschie\u00dfen<\/td>\r\n<td style=\"width: 25.8988%;\">Schie\u00dfstand (Heisterkamp)<\/td>\r\n<td style=\"width: 19.9734%;\">\u00a0<\/td>\r\n<\/tr>\r\n<tr>\r\n<td style=\"width: 9.78695%;\">04.11.2026<\/td>\r\n<td style=\"width: 9.38747%;\">\u00a0<\/td>\r\n<td style=\"width: 12.6497%;\">ab 16:00 Uhr<\/td>\r\n<td style=\"width: 21.4381%;\">Seniorenschie\u00dfen<\/td>\r\n<td style=\"width: 25.8988%;\">Schie\u00dfstand (Heisterkamp)<\/td>\r\n<td style=\"width: 19.9734%;\">\u00a0<\/td>\r\n<\/tr>\r\n<tr>\r\n<td style=\"width: 9.78695%;\">13.11.2026<\/td>\r\n<td style=\"width: 9.38747%;\">\u00a0<\/td>\r\n<td style=\"width: 12.6497%;\">ab 19:30 Uhr<\/td>\r\n<td style=\"width: 21.4381%;\">Stammtisch\u00a0<\/td>\r\n<td style=\"width: 25.8988%;\">Sch\u00fctzenhaus (Heisterkamp)<\/td>\r\n<td style=\"width: 19.9734%;\">\u00a0<\/td>\r\n<\/tr>\r\n<tr>\r\n<td style=\"width: 9.78695%;\">02.12.2026<\/td>\r\n<td style=\"width: 9.38747%;\">\u00a0<\/td>\r\n<td style=\"width: 12.6497%;\">ab 16:00 Uhr<\/td>\r\n<td style=\"width: 21.4381%;\">Seniorenschie\u00dfen<\/td>\r\n<td style=\"width: 25.8988%;\">Schie\u00dfstand (Heisterkamp)<\/td>\r\n<td style=\"width: 19.9734%;\">\u00a0<\/td>\r\n<\/tr>\r\n<tr>\r\n<td style=\"width: 9.78695%;\">11.12.2026<\/td>\r\n<td style=\"width: 9.38747%;\">\u00a0<\/td>\r\n<td style=\"width: 12.6497%;\">ab 19:00 Uhr<\/td>\r\n<td style=\"width: 21.4381%;\">\u00dcbungsschie\u00dfen<\/td>\r\n<td style=\"width: 25.8988%;\">Schie\u00dfstand (Heisterkamp)<\/td>\r\n<td style=\"width: 19.9734%;\">\u00a0<\/td>\r\n<\/tr>\r\n<\/tbody>\r\n<\/table>\r\n<figure class=\"wp-block-table\"><\/figure>\r\n\r\n\r\n\r\n<p><strong>Seniorenschie\u00dfen &#8211; Termin-Info:<\/strong> <br \/>Das Seniorenschie\u00dfen findet standardm\u00e4\u00dfig jeden ersten Mittwoch im Monat ab 16.00 Uhr auf dem Schie\u00dfstand im Heisterkamp statt.\u00a0<br \/>(Unser Dank und deine Fragen an: J\u00fcrgen Rodemann, Wilhelm Heers und Horst-Dieter Meyerholz)<\/p>\r\n\r\n\r\n\r\n<p><strong>\u00dcbungsschie\u00dfen &#8211; Termin &#8211; Info:<\/strong> <br \/>Das \u00dcbungsschie\u00dfen findet standardm\u00e4\u00dfig am zweiten Freitag in den &#8222;geraden&#8220; Monaten (Februar, April, Juni, August, Oktober, Dezember) ab 19.00 Uhr auf dem Schie\u00dfstand im Heisterkamp statt.<\/p>\r\n<p><strong>Stammtisch &#8211; Termin &#8211; Info:<\/strong> <br \/>Der Stammtisch findet standardm\u00e4\u00dfig am zweiten Freitag in den &#8222;ungeraden&#8220; Monaten (Januar, M\u00e4rz, Mai, Juli, September, November) ab 19.30 Uhr im Sch\u00fctzenhaus im Heisterkamp statt.<\/p>\r\n<p>&nbsp;<\/p>\r\n","protected":false},"excerpt":{"rendered":"<p>Datum von Datum bis Uhrzeit Veranstaltung Ort Hinweis\/Vermerk 07.01.2026 \u00a0 ab 16:00 Uhr Seniorenschie\u00dfen Schie\u00dfstand (Heisterkamp) \u00a0 09.01.2026 \u00a0 ab 19:30 Uhr Stammtisch\u00a0 Sch\u00fctzenhaus (Heisterkamp) entf\u00e4llt, wetterbedingt 04.02.2026 \u00a0 ab 16:00 Uhr Seniorenschie\u00dfen Schie\u00dfstand (Heisterkamp) \u00a0 13.02.2026 \u00a0 ab 19:00 &hellip;<\/p>\n<p class=\"read-more\"> <a class=\"more-link\" href=\"https:\/\/wp.schuetzencorps.de\/?page_id=123\"> <span class=\"screen-reader-text\">Interne Termine<\/span> Weiterlesen &raquo;<\/a><\/p>\n","protected":false},"author":1,"featured_media":0,"parent":117,"menu_order":1,"comment_status":"closed","ping_status":"closed","template":"","meta":{"footnotes":""},"class_list":["post-123","page","type-page","status-publish","hentry"],"_links":{"self":[{"href":"https:\/\/wp.schuetzencorps.de\/index.php?rest_route=\/wp\/v2\/pages\/123","targetHints":{"allow":["GET"]}}],"collection":[{"href":"https:\/\/wp.schuetzencorps.de\/index.php?rest_route=\/wp\/v2\/pages"}],"about":[{"href":"https:\/\/wp.schuetzencorps.de\/index.php?rest_route=\/wp\/v2\/types\/page"}],"author":[{"embeddable":true,"href":"https:\/\/wp.schuetzencorps.de\/index.php?rest_route=\/wp\/v2\/users\/1"}],"replies":[{"embeddable":true,"href":"https:\/\/wp.schuetzencorps.de\/index.php?rest_route=%2Fwp%2Fv2%2Fcomments&post=123"}],"version-history":[{"count":153,"href":"https:\/\/wp.schuetzencorps.de\/index.php?rest_route=\/wp\/v2\/pages\/123\/revisions"}],"predecessor-version":[{"id":4327,"href":"https:\/\/wp.schuetzencorps.de\/index.php?rest_route=\/wp\/v2\/pages\/123\/revisions\/4327"}],"up":[{"embeddable":true,"href":"https:\/\/wp.schuetzencorps.de\/index.php?rest_route=\/wp\/v2\/pages\/117"}],"wp:attachment":[{"href":"https:\/\/wp.schuetzencorps.de\/index.php?rest_route=%2Fwp%2Fv2%2Fmedia&parent=123"}],"curies":[{"name":"wp","href":"https:\/\/api.w.org\/{rel}","templated":true}]}}