{"id":131,"date":"2016-11-28T17:01:52","date_gmt":"2016-11-28T17:01:52","guid":{"rendered":"http:\/\/schuetzencops.apps-1and1.net\/?page_id=131"},"modified":"2025-05-27T05:53:21","modified_gmt":"2025-05-27T05:53:21","slug":"koenige-preistraeger-2014","status":"publish","type":"page","link":"https:\/\/wp.schuetzencorps.de\/?page_id=131","title":{"rendered":"K\u00f6nige 2014"},"content":{"rendered":"<p class=\"entry-title\"><strong>Stadtk\u00f6nig<\/strong> Friedrich-Wilhelm Hartung<br \/>\n1. Minister Harry Bade-Sell<br \/>\n2. Minister Bastian Majehrke<\/p>\n<div class=\"entry-content\">\n<p><strong>Corpsk\u00f6nig<\/strong> Jan Schmidt<br \/>\n1. Minister Thorsten Ahrens<br \/>\n2. Minister Chris Gijzemijter<\/p>\n<p><strong>Lederorden<\/strong> Thomas Timme<\/p>\n<p><strong>Kinderk\u00f6nig<\/strong> Hauke Fabian John<br \/>\n1. Minister Philip Pohl<br \/>\n2. Minister Rico Rettelbusch<\/p>\n<p><strong>Kinderk\u00f6nigin<\/strong> Hannah John<br \/>\n1. Minister Greta Ehlers<br \/>\n2. Minister Selina Yavsan<\/p>\n<p><strong>Jugendk\u00f6nig<\/strong> Colin Pietsch<br \/>\n1. Minister Jamie Williams<br \/>\n2. Minister Riley Garner<\/p>\n<p><strong>Jugendk\u00f6nigin<\/strong> Nevin Yavsan<br \/>\n1. Minister Julia Sander<br \/>\n2. Minister Hannah Kuhlmann<\/p>\n<p><strong>Jugendpokal<\/strong><br \/>\n1. Carl Christian Rosenau<br \/>\n2.&nbsp;Kevin Hut<br \/>\n3.&nbsp;Jan-Hermann Lampe<\/p>\n<p><strong>Damenpokal<\/strong><br \/>\n1. Monika Dressler<br \/>\n2. Wiebke Kohlmann<br \/>\n3. Janna Schmidt<\/p>\n<p><strong>G\u00e4stepokal<\/strong><br \/>\n1. Bernd Bizio<br \/>\n2. Ralf L\u00fcbkemann<br \/>\n3. Ernst Alm<\/p>\n<p><strong>Pembroke Orden<\/strong> Alexander Ruppert<\/p>\n<p><strong>Pokalorden<\/strong><br \/>\n1. Reinhart Runge<br \/>\n2. Albrecht Fienemann<br \/>\n3. Henning Ohlhoff<\/p>\n<p><strong>Srem Scheibe<\/strong> Holger Thiel<\/p>\n<p><strong>Einschie\u00dfen 29.06.2014<br \/>\n<\/strong>1. Hans-Herbert Dressler<br \/>\n2. Marcus Ebel<br \/>\n3. G\u00fcnther Lange<br \/>\n4. Carsten Siekmann<br \/>\n5. Bastian Majehrke<br \/>\n6. Roman Aslett<br \/>\n7. G\u00f6tz Holtz<br \/>\n8. Udo Ebel<br \/>\n9. Uwe Cassube<br \/>\n10. Holger Friedrichs<\/p>\n<p><span style=\"color: #282828; line-height: normal; font-family: 'Segoe UI WPC', 'Segoe UI', Tahoma, 'Microsoft Sans Serif', Verdana, sans-serif; font-size: 13px;\">(total: 14 x 36)<\/span><\/p>\n<\/div>\n","protected":false},"excerpt":{"rendered":"<p>Stadtk\u00f6nig Friedrich-Wilhelm Hartung 1. Minister Harry Bade-Sell 2. Minister Bastian Majehrke Corpsk\u00f6nig Jan Schmidt 1. Minister Thorsten Ahrens 2. Minister Chris Gijzemijter Lederorden Thomas Timme Kinderk\u00f6nig Hauke Fabian John 1. Minister Philip Pohl 2. Minister Rico Rettelbusch Kinderk\u00f6nigin Hannah John &hellip;<\/p>\n<p class=\"read-more\"> <a class=\"more-link\" href=\"https:\/\/wp.schuetzencorps.de\/?page_id=131\"> <span class=\"screen-reader-text\">K\u00f6nige 2014<\/span> Weiterlesen &raquo;<\/a><\/p>\n","protected":false},"author":1,"featured_media":0,"parent":0,"menu_order":6,"comment_status":"closed","ping_status":"closed","template":"","meta":{"footnotes":""},"class_list":["post-131","page","type-page","status-publish","hentry"],"_links":{"self":[{"href":"https:\/\/wp.schuetzencorps.de\/index.php?rest_route=\/wp\/v2\/pages\/131","targetHints":{"allow":["GET"]}}],"collection":[{"href":"https:\/\/wp.schuetzencorps.de\/index.php?rest_route=\/wp\/v2\/pages"}],"about":[{"href":"https:\/\/wp.schuetzencorps.de\/index.php?rest_route=\/wp\/v2\/types\/page"}],"author":[{"embeddable":true,"href":"https:\/\/wp.schuetzencorps.de\/index.php?rest_route=\/wp\/v2\/users\/1"}],"replies":[{"embeddable":true,"href":"https:\/\/wp.schuetzencorps.de\/index.php?rest_route=%2Fwp%2Fv2%2Fcomments&post=131"}],"version-history":[{"count":5,"href":"https:\/\/wp.schuetzencorps.de\/index.php?rest_route=\/wp\/v2\/pages\/131\/revisions"}],"predecessor-version":[{"id":3065,"href":"https:\/\/wp.schuetzencorps.de\/index.php?rest_route=\/wp\/v2\/pages\/131\/revisions\/3065"}],"wp:attachment":[{"href":"https:\/\/wp.schuetzencorps.de\/index.php?rest_route=%2Fwp%2Fv2%2Fmedia&parent=131"}],"curies":[{"name":"wp","href":"https:\/\/api.w.org\/{rel}","templated":true}]}}