{"id":142,"date":"2016-11-28T17:10:42","date_gmt":"2016-11-28T17:10:42","guid":{"rendered":"http:\/\/schuetzencops.apps-1and1.net\/?page_id=142"},"modified":"2025-05-27T05:51:23","modified_gmt":"2025-05-27T05:51:23","slug":"koenige-preistraeger-2009","status":"publish","type":"page","link":"https:\/\/wp.schuetzencorps.de\/?page_id=142","title":{"rendered":"K\u00f6nige 2009"},"content":{"rendered":"<p class=\"entry-title\"><strong>Corpsk\u00f6nig<\/strong> Hermann Lampe, 1. Minister: Frank Ahrens, 2. Minister: Michael Schmidt<\/p>\n<div class=\"entry-content\">\n<p><strong>Stadtk\u00f6nig<\/strong> Albrecht Fienemann 1. Minister: Holger Friedrichs 2. Minister: Peter Alms<\/p>\n<p><strong>Jugendk\u00f6nig<\/strong> Leander Singh<\/p>\n<p><strong>Jugendk\u00f6nigin<\/strong> Alina Ebel<\/p>\n<p><strong>Kinderk\u00f6nig<\/strong> Justin Klemmstein<\/p>\n<p><strong>Kinderk\u00f6nigin<\/strong> Alicia Brown<\/p>\n<p><strong>Damenpokal<\/strong> Silke Baltzer<\/p>\n<p><strong>Pokal-Orden<\/strong> 1. G\u00fcnter Lange, 2. Holger Friedrichs und 3. Thomas Bade<\/p>\n<p><strong>Jugendpokal<\/strong> Daniela Schmidt<\/p>\n<p><strong>Ehrenscheibe aus Srem<\/strong> Hagen Rodehorst<\/p>\n<p><strong>G\u00e4stepokal<\/strong> Ulrich Busch<\/p>\n<\/div>\n","protected":false},"excerpt":{"rendered":"<p>Corpsk\u00f6nig Hermann Lampe, 1. Minister: Frank Ahrens, 2. Minister: Michael Schmidt Stadtk\u00f6nig Albrecht Fienemann 1. Minister: Holger Friedrichs 2. Minister: Peter Alms Jugendk\u00f6nig Leander Singh Jugendk\u00f6nigin Alina Ebel Kinderk\u00f6nig Justin Klemmstein Kinderk\u00f6nigin Alicia Brown Damenpokal Silke Baltzer Pokal-Orden 1. G\u00fcnter &hellip;<\/p>\n<p class=\"read-more\"> <a class=\"more-link\" href=\"https:\/\/wp.schuetzencorps.de\/?page_id=142\"> <span class=\"screen-reader-text\">K\u00f6nige 2009<\/span> Weiterlesen &raquo;<\/a><\/p>\n","protected":false},"author":1,"featured_media":0,"parent":0,"menu_order":11,"comment_status":"closed","ping_status":"closed","template":"","meta":{"footnotes":""},"class_list":["post-142","page","type-page","status-publish","hentry"],"_links":{"self":[{"href":"https:\/\/wp.schuetzencorps.de\/index.php?rest_route=\/wp\/v2\/pages\/142","targetHints":{"allow":["GET"]}}],"collection":[{"href":"https:\/\/wp.schuetzencorps.de\/index.php?rest_route=\/wp\/v2\/pages"}],"about":[{"href":"https:\/\/wp.schuetzencorps.de\/index.php?rest_route=\/wp\/v2\/types\/page"}],"author":[{"embeddable":true,"href":"https:\/\/wp.schuetzencorps.de\/index.php?rest_route=\/wp\/v2\/users\/1"}],"replies":[{"embeddable":true,"href":"https:\/\/wp.schuetzencorps.de\/index.php?rest_route=%2Fwp%2Fv2%2Fcomments&post=142"}],"version-history":[{"count":4,"href":"https:\/\/wp.schuetzencorps.de\/index.php?rest_route=\/wp\/v2\/pages\/142\/revisions"}],"predecessor-version":[{"id":292,"href":"https:\/\/wp.schuetzencorps.de\/index.php?rest_route=\/wp\/v2\/pages\/142\/revisions\/292"}],"wp:attachment":[{"href":"https:\/\/wp.schuetzencorps.de\/index.php?rest_route=%2Fwp%2Fv2%2Fmedia&parent=142"}],"curies":[{"name":"wp","href":"https:\/\/api.w.org\/{rel}","templated":true}]}}