{"id":165,"date":"2016-11-28T17:37:42","date_gmt":"2016-11-28T17:37:42","guid":{"rendered":"http:\/\/schuetzencops.apps-1and1.net\/?page_id=165"},"modified":"2024-01-09T06:21:22","modified_gmt":"2024-01-09T06:21:22","slug":"telegramm","status":"publish","type":"page","link":"https:\/\/wp.schuetzencorps.de\/?page_id=165","title":{"rendered":"Telegramm"},"content":{"rendered":"<p><strong><span id=\"cloak9c601847f3e57281a5a8076ab2a758e7\">mailto:<\/span><\/strong><span id=\"cloak9c601847f3e57281a5a8076ab2a758e7\"> <\/span><span id=\"cloak9c601847f3e57281a5a8076ab2a758e7\"><\/span><span id=\"cloak9c601847f3e57281a5a8076ab2a758e7\"><a href=\"mailto:TelegrammSchuetzencorps@TobiasNagler.com?subject=Bitte schicke an diese Adresse das Schuetzencorps-Telegramm\" target=\"_blank\" rel=\"noopener noreferrer\"><span style=\"color: #3a3b3b;\">Ja, ich m\u00f6chte das Sch\u00fctzencorps-Telegramm zuk\u00fcnftig per E-Mail erhalten<\/span><\/a>\u00a0<\/span><\/p>\n<p><strong>Archiv-Postausgang\u00a0<\/strong><\/p>\n<p><a href=\"https:\/\/wp.schuetzencorps.de\/wp-content\/uploads\/2023\/02\/1-Schuetzencorps-Telegramm-2014-01.pdf\" target=\"_blank\" rel=\"noopener\">1 Sch\u00fctzencorps-Telegramm 2014-01<\/a><br \/>\n<a href=\"https:\/\/wp.schuetzencorps.de\/wp-content\/uploads\/2023\/02\/2-Schuetzencorps-Telegramm-2014-02.pdf\" target=\"_blank\" rel=\"noopener\">2 Sch\u00fctzencorps-Telegramm 2014-02<\/a><br \/>\n<a href=\"https:\/\/wp.schuetzencorps.de\/wp-content\/uploads\/2023\/02\/3-Schuetzencorps-Telegramm-2014-03.pdf\" target=\"_blank\" rel=\"noopener\">3 Sch\u00fctzencorps-Telegramm 2014-03<\/a><br \/>\n<a href=\"https:\/\/wp.schuetzencorps.de\/wp-content\/uploads\/2023\/02\/4-Schuetzencorps-Telegramm-2014-04.pdf\" target=\"_blank\" rel=\"noopener\">4 Sch\u00fctzencorps-Telegramm 2014-04<\/a><br \/>\n<a href=\"https:\/\/wp.schuetzencorps.de\/wp-content\/uploads\/2023\/02\/5-Schuetzencorps-Telegramm-2014-05.pdf\" target=\"_blank\" rel=\"noopener\">5 Sch\u00fctzencorps-Telegramm 2014-05<\/a><br \/>\n<a href=\"https:\/\/wp.schuetzencorps.de\/wp-content\/uploads\/2023\/02\/6-Schuetzencorps-Telegramm-2015-01.pdf\" target=\"_blank\" rel=\"noopener\">6 Sch\u00fctzencorps-Telegramm 2015-01<\/a><br \/>\n<a href=\"https:\/\/wp.schuetzencorps.de\/wp-content\/uploads\/2023\/02\/7-Schuetzencorps-Telegramm-2015-02.pdf\" target=\"_blank\" rel=\"noopener\">7 Sch\u00fctzencorps-Telegramm 2015-02<\/a><br \/>\n<a href=\"https:\/\/wp.schuetzencorps.de\/wp-content\/uploads\/2023\/02\/8-Schuetzencorps-Telegramm-2015-03.pdf\" target=\"_blank\" rel=\"noopener\">8 Sch\u00fctzencorps-Telegramm 2015-03<\/a><br \/>\n<a href=\"https:\/\/wp.schuetzencorps.de\/wp-content\/uploads\/2023\/02\/9-Schuetzencorps-Telegramm-2015-04.pdf\" target=\"_blank\" rel=\"noopener\">9 Sch\u00fctzencorps-Telegramm 2015-04<\/a><br \/>\n<a href=\"https:\/\/wp.schuetzencorps.de\/wp-content\/uploads\/2023\/02\/10-Schuetzencorps-Telegramm-2015-05.pdf\" target=\"_blank\" rel=\"noopener\">10 Sch\u00fctzencorps-Telegramm 2015-05<\/a><br \/>\n<a href=\"https:\/\/wp.schuetzencorps.de\/wp-content\/uploads\/2023\/02\/11-Schuetzencorps-Telegramm-2015-06.pdf\" target=\"_blank\" rel=\"noopener\">11 Sch\u00fctzencorps-Telegramm 2015-06<\/a><br \/>\n<a href=\"https:\/\/wp.schuetzencorps.de\/wp-content\/uploads\/2023\/02\/12-Schuetzencorps-Telegramm-2016-01.pdf\" target=\"_blank\" rel=\"noopener\">12 Sch\u00fctzencorps-Telegramm 2016-01<\/a><br \/>\n<a href=\"https:\/\/wp.schuetzencorps.de\/wp-content\/uploads\/2023\/02\/13-Schuetzencorps-Telegramm-2016-02.pdf\" target=\"_blank\" rel=\"noopener\">13 Sch\u00fctzencorps-Telegramm 2016-02<\/a><br \/>\n<a href=\"https:\/\/wp.schuetzencorps.de\/wp-content\/uploads\/2023\/02\/14-plus-Schuetzencorps-Telegramm-2016-03-Extra.pdf\" target=\"_blank\" rel=\"noopener\">14 plus Sch\u00fctzencorps-Telegramm 2016-03-Extra<\/a><br \/>\n<a href=\"https:\/\/wp.schuetzencorps.de\/wp-content\/uploads\/2023\/02\/14-Schuetzencorps-Telegramm-2016-03.pdf\" target=\"_blank\" rel=\"noopener\">14 Sch\u00fctzencorps-Telegramm 2016-03<\/a><br \/>\n<a href=\"https:\/\/wp.schuetzencorps.de\/wp-content\/uploads\/2023\/02\/15-Schuetzencorps-Telegramm-2016-04.pdf\" target=\"_blank\" rel=\"noopener\">15 Sch\u00fctzencorps-Telegramm 2016-04<\/a><br \/>\n<a href=\"https:\/\/wp.schuetzencorps.de\/wp-content\/uploads\/2023\/02\/16-Schuetzencorps-Telegramm-2016-05.pdf\" target=\"_blank\" rel=\"noopener\">16 Sch\u00fctzencorps-Telegramm 2016-05<\/a><br \/>\n<a href=\"https:\/\/wp.schuetzencorps.de\/wp-content\/uploads\/2023\/02\/17-Schuetzencorps-Telegramm-2016-06.pdf\" target=\"_blank\" rel=\"noopener\">17 Sch\u00fctzencorps-Telegramm 2016-06<\/a><br \/>\n<a href=\"https:\/\/wp.schuetzencorps.de\/wp-content\/uploads\/2023\/02\/18-Schuetzencorps-Telegramm-2017-01.pdf\" target=\"_blank\" rel=\"noopener\">18 Sch\u00fctzencorps-Telegramm 2017-01<\/a><br \/>\n<a href=\"https:\/\/wp.schuetzencorps.de\/wp-content\/uploads\/2023\/02\/19-Schuetzencorps-Telegramm-2017-02.pdf\" target=\"_blank\" rel=\"noopener\">19 Sch\u00fctzencorps-Telegramm 2017-02<\/a><br \/>\n<a href=\"https:\/\/wp.schuetzencorps.de\/wp-content\/uploads\/2023\/02\/20-Schuetzencorps-Telegramm-2017-03.pdf\" target=\"_blank\" rel=\"noopener\">20 Sch\u00fctzencorps-Telegramm 2017-03<\/a><br \/>\n<a href=\"https:\/\/wp.schuetzencorps.de\/wp-content\/uploads\/2023\/02\/21-Schuetzencorps-Telegramm-2017-04.pdf\" target=\"_blank\" rel=\"noopener\">21 Sch\u00fctzencorps-Telegramm 2017-04<\/a><br \/>\n<a href=\"https:\/\/wp.schuetzencorps.de\/wp-content\/uploads\/2023\/02\/22-Schuetzencorps-Telegramm-2017-05.pdf\" target=\"_blank\" rel=\"noopener\">22 Sch\u00fctzencorps-Telegramm 2017-05<\/a><br \/>\n<a href=\"https:\/\/wp.schuetzencorps.de\/wp-content\/uploads\/2023\/02\/23.-Schuetzencorps-Telegramm.pdf\" target=\"_blank\" rel=\"noopener\">23 Sch\u00fctzencorps-Telegramm<\/a><br \/>\n<a href=\"https:\/\/wp.schuetzencorps.de\/wp-content\/uploads\/2023\/02\/24.-Schuetzencorps-Telegramm.pdf\" target=\"_blank\" rel=\"noopener\">24 Sch\u00fctzencorps-Telegramm<\/a><br \/>\n<a href=\"https:\/\/wp.schuetzencorps.de\/wp-content\/uploads\/2023\/02\/25-Schuetzencorps-Telegramm.pdf\" target=\"_blank\" rel=\"noopener\">25 Sch\u00fctzencorps-Telegramm<\/a><br \/>\n<a href=\"https:\/\/wp.schuetzencorps.de\/wp-content\/uploads\/2023\/02\/26-Schuetzencorps-Telegramm.pdf\" target=\"_blank\" rel=\"noopener\">26 Sch\u00fctzencorps-Telegramm<\/a><br \/>\n<a href=\"https:\/\/wp.schuetzencorps.de\/wp-content\/uploads\/2023\/02\/27-Schuetzencorps-Telegramm.pdf\" target=\"_blank\" rel=\"noopener\">27 Sch\u00fctzencorps-Telegramm<\/a><br \/>\n<a href=\"https:\/\/wp.schuetzencorps.de\/wp-content\/uploads\/2023\/02\/28-Schuetzencorps-Telegramm.pdf\" target=\"_blank\" rel=\"noopener\">28 Sch\u00fctzencorps-Telegramm<\/a><br \/>\n<a href=\"https:\/\/wp.schuetzencorps.de\/wp-content\/uploads\/2023\/02\/29-Schuetzencorps-Telegramm-.pdf\" target=\"_blank\" rel=\"noopener\">29 Sch\u00fctzencorps-Telegramm<\/a><br \/>\n<a href=\"https:\/\/wp.schuetzencorps.de\/wp-content\/uploads\/2023\/02\/30-Schuetzencorps-Telegramm.pdf\" target=\"_blank\" rel=\"noopener\">30 Sch\u00fctzencorps-Telegramm<\/a><br \/>\n<a href=\"https:\/\/wp.schuetzencorps.de\/wp-content\/uploads\/2023\/02\/31-Schuetzencorps-Telegramm.pdf\" target=\"_blank\" rel=\"noopener\">31 Sch\u00fctzencorps-Telegramm<\/a><br \/>\n<a href=\"https:\/\/wp.schuetzencorps.de\/wp-content\/uploads\/2023\/02\/32-Schuetzencorps-Telegramm.pdf\" target=\"_blank\" rel=\"noopener\">32 Sch\u00fctzencorps-Telegramm<\/a><br \/>\n<a href=\"https:\/\/wp.schuetzencorps.de\/wp-content\/uploads\/2023\/02\/33-plus-Schuetzencorps-Telegramm.pdf\" target=\"_blank\" rel=\"noopener\">33 plus Sch\u00fctzencorps-Telegramm<\/a><br \/>\n<a href=\"https:\/\/wp.schuetzencorps.de\/wp-content\/uploads\/2023\/02\/33-Schuetzencorps-Telegramm.pdf\" target=\"_blank\" rel=\"noopener\">33 Sch\u00fctzencorps-Telegramm<\/a><br \/>\n<a href=\"https:\/\/wp.schuetzencorps.de\/wp-content\/uploads\/2023\/02\/34-Schuetzencorps-Telegramm.pdf\" target=\"_blank\" rel=\"noopener\">34 Sch\u00fctzencorps-Telegramm<\/a><br \/>\n<a href=\"https:\/\/wp.schuetzencorps.de\/wp-content\/uploads\/2023\/02\/35-Schuetzencorps-Telegramm.pdf\" target=\"_blank\" rel=\"noopener\">35 Sch\u00fctzencorps-Telegramm<\/a><br \/>\n<a href=\"https:\/\/wp.schuetzencorps.de\/wp-content\/uploads\/2023\/02\/36-plus-Schuetzencorps-Telegramm.pdf\" target=\"_blank\" rel=\"noopener\">36 plus Sch\u00fctzencorps-Telegramm<\/a><br \/>\n<a href=\"https:\/\/wp.schuetzencorps.de\/wp-content\/uploads\/2023\/02\/37-Schuetzencorps-Telegramm.pdf\" target=\"_blank\" rel=\"noopener\">37 Sch\u00fctzencorps-Telegramm<\/a><br \/>\n<a href=\"https:\/\/wp.schuetzencorps.de\/wp-content\/uploads\/2023\/02\/38-Schuetzencorps-Telegramm.pdf\" target=\"_blank\" rel=\"noopener\">38 Sch\u00fctzencorps-Telegramm<\/a><br \/>\n<a href=\"https:\/\/wp.schuetzencorps.de\/wp-content\/uploads\/2023\/02\/39-Schuetzencorps-Telegramm.pdf\" target=\"_blank\" rel=\"noopener\">39 Sch\u00fctzencorps-Telegramm<\/a><br \/>\n<a href=\"https:\/\/wp.schuetzencorps.de\/wp-content\/uploads\/2023\/02\/40-Schuetzencorps-Telegramm.pdf\" target=\"_blank\" rel=\"noopener\">40 Sch\u00fctzencorps-Telegramm\u00a0<\/a><br \/>\n<a href=\"https:\/\/wp.schuetzencorps.de\/wp-content\/uploads\/2023\/10\/41-Schuetzencorps-Telegramm.pdf\" target=\"_blank\" rel=\"noopener\">41 Sch\u00fctzencorps-Telegramm<\/a><br \/>\n<a href=\"https:\/\/wp.schuetzencorps.de\/wp-content\/uploads\/2023\/10\/42-Schuetzencorps-Telegramm.pdf\" target=\"_blank\" rel=\"noopener\">42 Sch\u00fctzencorps-Telegramm<\/a><br \/>\n<a href=\"https:\/\/wp.schuetzencorps.de\/wp-content\/uploads\/2023\/10\/43-Schuetzencorps-Telegramm.pdf\" target=\"_blank\" rel=\"noopener\">43 Sch\u00fctzencorps-Telegramm<\/a><br \/>\n<a href=\"https:\/\/wp.schuetzencorps.de\/wp-content\/uploads\/2023\/10\/44-Schuetzencorps-Telegramm.pdf\" target=\"_blank\" rel=\"noopener\">44 Sch\u00fctzencorps-Telegramm<\/a><\/p>\n","protected":false},"excerpt":{"rendered":"<p>mailto: Ja, ich m\u00f6chte das Sch\u00fctzencorps-Telegramm zuk\u00fcnftig per E-Mail erhalten\u00a0 Archiv-Postausgang\u00a0 1 Sch\u00fctzencorps-Telegramm 2014-01 2 Sch\u00fctzencorps-Telegramm 2014-02 3 Sch\u00fctzencorps-Telegramm 2014-03 4 Sch\u00fctzencorps-Telegramm 2014-04 5 Sch\u00fctzencorps-Telegramm 2014-05 6 Sch\u00fctzencorps-Telegramm 2015-01 7 Sch\u00fctzencorps-Telegramm 2015-02 8 Sch\u00fctzencorps-Telegramm 2015-03 9 Sch\u00fctzencorps-Telegramm 2015-04 10 Sch\u00fctzencorps-Telegramm &hellip;<\/p>\n<p class=\"read-more\"> <a class=\"more-link\" href=\"https:\/\/wp.schuetzencorps.de\/?page_id=165\"> <span class=\"screen-reader-text\">Telegramm<\/span> Weiterlesen &raquo;<\/a><\/p>\n","protected":false},"author":1,"featured_media":0,"parent":0,"menu_order":18,"comment_status":"closed","ping_status":"closed","template":"","meta":{"footnotes":""},"class_list":["post-165","page","type-page","status-publish","hentry"],"_links":{"self":[{"href":"https:\/\/wp.schuetzencorps.de\/index.php?rest_route=\/wp\/v2\/pages\/165","targetHints":{"allow":["GET"]}}],"collection":[{"href":"https:\/\/wp.schuetzencorps.de\/index.php?rest_route=\/wp\/v2\/pages"}],"about":[{"href":"https:\/\/wp.schuetzencorps.de\/index.php?rest_route=\/wp\/v2\/types\/page"}],"author":[{"embeddable":true,"href":"https:\/\/wp.schuetzencorps.de\/index.php?rest_route=\/wp\/v2\/users\/1"}],"replies":[{"embeddable":true,"href":"https:\/\/wp.schuetzencorps.de\/index.php?rest_route=%2Fwp%2Fv2%2Fcomments&post=165"}],"version-history":[{"count":35,"href":"https:\/\/wp.schuetzencorps.de\/index.php?rest_route=\/wp\/v2\/pages\/165\/revisions"}],"predecessor-version":[{"id":3881,"href":"https:\/\/wp.schuetzencorps.de\/index.php?rest_route=\/wp\/v2\/pages\/165\/revisions\/3881"}],"wp:attachment":[{"href":"https:\/\/wp.schuetzencorps.de\/index.php?rest_route=%2Fwp%2Fv2%2Fmedia&parent=165"}],"curies":[{"name":"wp","href":"https:\/\/api.w.org\/{rel}","templated":true}]}}