{"id":2622,"date":"2017-05-30T06:18:22","date_gmt":"2017-05-30T06:18:22","guid":{"rendered":"http:\/\/wp.schuetzencorps.de\/?page_id=2622"},"modified":"2025-05-27T05:52:47","modified_gmt":"2025-05-27T05:52:47","slug":"koenige-2017","status":"publish","type":"page","link":"https:\/\/wp.schuetzencorps.de\/?page_id=2622","title":{"rendered":"K\u00f6nige 2017"},"content":{"rendered":"<p><strong>Corpsk\u00f6nig Wolfgang Busse<\/strong><br \/>\n1. Minister Peter Alms<br \/>\n2. Minister Dirk Herrmann<\/p>\n<p><strong>Lederorden<\/strong> Marko Naumann<\/p>\n<p><strong>Stadtk\u00f6nig Burkhard Eilmes<\/strong><br \/>\n1. Minister Dirk Meinecke<br \/>\n2. Minister Jens-Henrik Hoopmann<\/p>\n<p><strong>Kinderk\u00f6nig Maximo Bamberg<br \/>\n<\/strong>1. Minister Hennje Friedrichs<br \/>\n2. Minister Cean Yaygan<\/p>\n<div>\n<p><strong>Kinderk\u00f6nigin Nele Pinkert<\/strong><br \/>\n1. Minister Anna Eggers<br \/>\n2. Minister Tibelya Ercin<\/p>\n<p><strong>Jugendk\u00f6nig Marcel Ziemke<\/strong><br \/>\n1. Minister Jakob Otte<br \/>\n2. Minister Justus Kothe<\/p>\n<p><strong>Jugendk\u00f6nigin Nina Sommer<\/strong><br \/>\n1. Minister Lea-Louise Hooley<br \/>\n2. Minister Lies L\u00f6nnecke<\/p>\n<p><strong>Jugendpokal<\/strong><br \/>\n1. Inga Klut<br \/>\n2. Jan-Hermann Lampe<br \/>\n3. Lorentz Hartung<\/p>\n<p><strong>Damenpokal<\/strong><br \/>\n1. Hannelore Hoopmann<br \/>\n2. Jeanice Tierney<br \/>\n3. Beke Grahler<\/p>\n<p><strong>G\u00e4stepokal<\/strong> (gestiftet von Frank Juchert)<br \/>\n1. Hans-Joachim Stegmeier<br \/>\n2. Rainer Rehwinkel<br \/>\n3. Matthias Klages<\/p>\n<p><strong>Pokalorden<\/strong><br \/>\n1. Jan Schmidt<br \/>\n2. Lars L\u00fcpke<br \/>\n3. Sebastian Sander<\/p>\n<p><strong>Pembroke-Orden<\/strong>: William Hampton<\/p>\n<p><strong>Einschie\u00dfen 02.07.2017<\/strong><br \/>\n1. G\u00fcnther Lange 36-12-12-12-12-12-11<br \/>\n2. Tim Nijs 36-12-12-12-12-11-12<br \/>\n3. Dieter Heine 36-12-12-12-11-11-12<br \/>\n4. Steffen B\u00f6hm 36-12-11-12-12-11-12<br \/>\n5. Jan Fischer 36-12-11-11-11-11-12<br \/>\n6. Werner Glatzel 36-12-10-12-12-11-12<br \/>\n7. Carsten Siekmann 36-12-10-12-10-12-12<br \/>\n8. Marec Thurmann 36-11-12-12-12-11-12<br \/>\n9. Chris Gijzemijter 36-11-12-12-11-12-12<br \/>\n10. Mirco Fienemann 36-11-12-12-11-9-10<\/p>\n<div>&nbsp;<\/div>\n<\/div>\n","protected":false},"excerpt":{"rendered":"<p>Corpsk\u00f6nig Wolfgang Busse 1. Minister Peter Alms 2. Minister Dirk Herrmann Lederorden Marko Naumann Stadtk\u00f6nig Burkhard Eilmes 1. Minister Dirk Meinecke 2. Minister Jens-Henrik Hoopmann Kinderk\u00f6nig Maximo Bamberg 1. Minister Hennje Friedrichs 2. Minister Cean Yaygan Kinderk\u00f6nigin Nele Pinkert 1. &hellip;<\/p>\n<p class=\"read-more\"> <a class=\"more-link\" href=\"https:\/\/wp.schuetzencorps.de\/?page_id=2622\"> <span class=\"screen-reader-text\">K\u00f6nige 2017<\/span> Weiterlesen &raquo;<\/a><\/p>\n","protected":false},"author":1,"featured_media":0,"parent":0,"menu_order":3,"comment_status":"closed","ping_status":"closed","template":"","meta":{"footnotes":""},"class_list":["post-2622","page","type-page","status-publish","hentry"],"_links":{"self":[{"href":"https:\/\/wp.schuetzencorps.de\/index.php?rest_route=\/wp\/v2\/pages\/2622","targetHints":{"allow":["GET"]}}],"collection":[{"href":"https:\/\/wp.schuetzencorps.de\/index.php?rest_route=\/wp\/v2\/pages"}],"about":[{"href":"https:\/\/wp.schuetzencorps.de\/index.php?rest_route=\/wp\/v2\/types\/page"}],"author":[{"embeddable":true,"href":"https:\/\/wp.schuetzencorps.de\/index.php?rest_route=\/wp\/v2\/users\/1"}],"replies":[{"embeddable":true,"href":"https:\/\/wp.schuetzencorps.de\/index.php?rest_route=%2Fwp%2Fv2%2Fcomments&post=2622"}],"version-history":[{"count":25,"href":"https:\/\/wp.schuetzencorps.de\/index.php?rest_route=\/wp\/v2\/pages\/2622\/revisions"}],"predecessor-version":[{"id":3062,"href":"https:\/\/wp.schuetzencorps.de\/index.php?rest_route=\/wp\/v2\/pages\/2622\/revisions\/3062"}],"wp:attachment":[{"href":"https:\/\/wp.schuetzencorps.de\/index.php?rest_route=%2Fwp%2Fv2%2Fmedia&parent=2622"}],"curies":[{"name":"wp","href":"https:\/\/api.w.org\/{rel}","templated":true}]}}