{"id":265,"date":"2016-12-02T13:31:39","date_gmt":"2016-12-02T13:31:39","guid":{"rendered":"http:\/\/wp.schuetzencorps.de\/?page_id=265"},"modified":"2025-05-19T08:44:28","modified_gmt":"2025-05-19T08:44:28","slug":"grusswort-stadt-bergen","status":"publish","type":"page","link":"https:\/\/wp.schuetzencorps.de\/?page_id=265","title":{"rendered":"Gru\u00dfwort Stadt Bergen"},"content":{"rendered":"\r\n<p><strong>GRUSSWORT B\u00dcRGERMEISTERIN &#8211;<\/strong>Claudia Dettmar-M\u00fcller-<\/p>\r\n\r\n\r\n\r\n<p>Liebe Sch\u00fctzen, liebe B\u00fcrgerinnen und B\u00fcrger, sehr geehrte G\u00e4ste von nah und fern,<\/p>\r\n<p>in diesem Jahr gr\u00fc\u00dfe ich Sie als B\u00fcrgermeisterin der Stadt Bergen, nachdem ich im letzten Jahr als Stadtk\u00f6nigin meine Krone und mein Zepter an Carsten Siekmann abgeben durfte. Die Zeit als Stadtk\u00f6nigin war f\u00fcr mich eine wundervolle Erfahrung mit wertvollen Begegnungen, die mir in guter Erinnerung bleiben wird.<\/p>\r\n<p>Die Sch\u00fctzen- und Stadtfeste hier in Bergen sind Teil unseres gesellschaftlichen Lebens geworden und Ausdruck daf\u00fcr, dass Traditionen noch immer einen wichtigen Stellenwert in unserer schnelllebigen Zeit erfahren. So vereinen sie Menschen, die Freude an der Geselligkeit und an der Gemeinschaft haben und somit einen wichtigen Beitrag zur Identit\u00e4t der Stadt Bergen leisten. So freue ich mich auch immer wieder \u00fcber unsere G\u00e4ste aus Pembroke, Hendrik-Ido-Ambacht, Srem und Szubin, die mittlerweile ein fester Bestandteil unserer Festaktivit\u00e4ten geworden sind.<\/p>\r\n<p>Um Traditionen wie diese zu pflegen, bedarf es vieler flei\u00dfiger Helfer, die in haupt- und ehrenamtlicher T\u00e4tigkeit bereits weit vor dem jeweiligen Festakt mit viel Engagement und Herzblut vielf\u00e4ltige Aufgaben \u00fcbernehmen und das Fest zu einem unvergesslichen Erlebnis werden lassen. All jenen gilt mein herzlicher und besonderer Dank, denn Sie alle tragen dazu bei, dass wir uns f\u00fcr ein paar Tage im Jahr der f\u00fcnften Jahreszeit widmen und ausgelassen feiern k\u00f6nnen.\u00a0<\/p>\r\n<p>F\u00fcr die kommenden Tage w\u00fcnsche ich allen Teilnehmern viel Freude und Ausgelassenheit sowie den Sch\u00fctzen ein herzliches \u201eGut Schuss\u201c!<\/p>\r\n\r\n\r\n\r\n<p>Claudia Dettmar-M\u00fcller\u00a0<\/p>\r\n","protected":false},"excerpt":{"rendered":"<p>GRUSSWORT B\u00dcRGERMEISTERIN &#8211;Claudia Dettmar-M\u00fcller- Liebe Sch\u00fctzen, liebe B\u00fcrgerinnen und B\u00fcrger, sehr geehrte G\u00e4ste von nah und fern, in diesem Jahr gr\u00fc\u00dfe ich Sie als B\u00fcrgermeisterin der Stadt Bergen, nachdem ich im letzten Jahr als Stadtk\u00f6nigin meine Krone und mein Zepter &hellip;<\/p>\n<p class=\"read-more\"> <a class=\"more-link\" href=\"https:\/\/wp.schuetzencorps.de\/?page_id=265\"> <span class=\"screen-reader-text\">Gru\u00dfwort Stadt Bergen<\/span> Weiterlesen &raquo;<\/a><\/p>\n","protected":false},"author":1,"featured_media":0,"parent":2680,"menu_order":7,"comment_status":"closed","ping_status":"closed","template":"","meta":{"footnotes":""},"class_list":["post-265","page","type-page","status-publish","hentry"],"_links":{"self":[{"href":"https:\/\/wp.schuetzencorps.de\/index.php?rest_route=\/wp\/v2\/pages\/265","targetHints":{"allow":["GET"]}}],"collection":[{"href":"https:\/\/wp.schuetzencorps.de\/index.php?rest_route=\/wp\/v2\/pages"}],"about":[{"href":"https:\/\/wp.schuetzencorps.de\/index.php?rest_route=\/wp\/v2\/types\/page"}],"author":[{"embeddable":true,"href":"https:\/\/wp.schuetzencorps.de\/index.php?rest_route=\/wp\/v2\/users\/1"}],"replies":[{"embeddable":true,"href":"https:\/\/wp.schuetzencorps.de\/index.php?rest_route=%2Fwp%2Fv2%2Fcomments&post=265"}],"version-history":[{"count":13,"href":"https:\/\/wp.schuetzencorps.de\/index.php?rest_route=\/wp\/v2\/pages\/265\/revisions"}],"predecessor-version":[{"id":4127,"href":"https:\/\/wp.schuetzencorps.de\/index.php?rest_route=\/wp\/v2\/pages\/265\/revisions\/4127"}],"up":[{"embeddable":true,"href":"https:\/\/wp.schuetzencorps.de\/index.php?rest_route=\/wp\/v2\/pages\/2680"}],"wp:attachment":[{"href":"https:\/\/wp.schuetzencorps.de\/index.php?rest_route=%2Fwp%2Fv2%2Fmedia&parent=265"}],"curies":[{"name":"wp","href":"https:\/\/api.w.org\/{rel}","templated":true}]}}