{"id":267,"date":"2016-12-02T13:32:21","date_gmt":"2016-12-02T13:32:21","guid":{"rendered":"http:\/\/wp.schuetzencorps.de\/?page_id=267"},"modified":"2025-05-19T08:50:17","modified_gmt":"2025-05-19T08:50:17","slug":"festessen","status":"publish","type":"page","link":"https:\/\/wp.schuetzencorps.de\/?page_id=267","title":{"rendered":"Festessen 2025"},"content":{"rendered":"\r\n<p><strong>Teilnahme am Festessen\u00a0<br \/><\/strong>w\u00e4hrend des Sch\u00fctzenfestes am Freitag, 04. Juli 2025<\/p>\r\n<p>Die Anmeldung der Mitglieder des Sch\u00fctzencorps der Stadt Bergen zum Festessen am Freitag w\u00e4hrend des Sch\u00fctzenfestes ist wie folgt geregelt:<\/p>\r\n<ol>\r\n<li>Die Sch\u00fctzen melden sich bis sp\u00e4testens eine Woche vor dem Sch\u00fctzenfest im Rathaus Bergen im Vorzimmer zum Festessen an und erhalten hier ihre gew\u00fcnschte Platzreservierung. Bei dieser Gelegenheit ist der Kostenbeitrag bar in der Stadtkasse Bergen einzuzahlen.<\/li>\r\n<li>Bei Anmeldungen nach dem <strong>25.06.2025<\/strong> besteht kein Anspruch mehr auf einen bestimmten Platz.<\/li>\r\n<li>Auch ohne Anmeldung ist eine Teilnahme am Festessen m\u00f6glich, soweit noch freie Pl\u00e4tze vorhanden sind.<\/li>\r\n<li>Auf den Tischen liegt eine Liste der Tischbesetzung aus, im Foyer des Stadthauses wird zus\u00e4tzlich eine Suchliste ausgeh\u00e4ngt.<\/li>\r\n<\/ol>\r\n<p>\u00a0\u00a0\u00a0\u00a0\u00a0\u00a0\u00a0\u00a0\u00a0 Bei Bedarf stehen Hilfen f\u00fcr die Platzsuche zur Verf\u00fcgung.<\/p>\r\n<p><strong>Zur Information:\u00a0<\/strong><strong>Das Festessen wird in Form eines Buffets angeboten.<\/strong><\/p>\r\n","protected":false},"excerpt":{"rendered":"<p>Teilnahme am Festessen\u00a0w\u00e4hrend des Sch\u00fctzenfestes am Freitag, 04. Juli 2025 Die Anmeldung der Mitglieder des Sch\u00fctzencorps der Stadt Bergen zum Festessen am Freitag w\u00e4hrend des Sch\u00fctzenfestes ist wie folgt geregelt: Die Sch\u00fctzen melden sich bis sp\u00e4testens eine Woche vor dem &hellip;<\/p>\n<p class=\"read-more\"> <a class=\"more-link\" href=\"https:\/\/wp.schuetzencorps.de\/?page_id=267\"> <span class=\"screen-reader-text\">Festessen 2025<\/span> Weiterlesen &raquo;<\/a><\/p>\n","protected":false},"author":1,"featured_media":0,"parent":2680,"menu_order":8,"comment_status":"closed","ping_status":"closed","template":"","meta":{"footnotes":""},"class_list":["post-267","page","type-page","status-publish","hentry"],"_links":{"self":[{"href":"https:\/\/wp.schuetzencorps.de\/index.php?rest_route=\/wp\/v2\/pages\/267","targetHints":{"allow":["GET"]}}],"collection":[{"href":"https:\/\/wp.schuetzencorps.de\/index.php?rest_route=\/wp\/v2\/pages"}],"about":[{"href":"https:\/\/wp.schuetzencorps.de\/index.php?rest_route=\/wp\/v2\/types\/page"}],"author":[{"embeddable":true,"href":"https:\/\/wp.schuetzencorps.de\/index.php?rest_route=\/wp\/v2\/users\/1"}],"replies":[{"embeddable":true,"href":"https:\/\/wp.schuetzencorps.de\/index.php?rest_route=%2Fwp%2Fv2%2Fcomments&post=267"}],"version-history":[{"count":13,"href":"https:\/\/wp.schuetzencorps.de\/index.php?rest_route=\/wp\/v2\/pages\/267\/revisions"}],"predecessor-version":[{"id":4129,"href":"https:\/\/wp.schuetzencorps.de\/index.php?rest_route=\/wp\/v2\/pages\/267\/revisions\/4129"}],"up":[{"embeddable":true,"href":"https:\/\/wp.schuetzencorps.de\/index.php?rest_route=\/wp\/v2\/pages\/2680"}],"wp:attachment":[{"href":"https:\/\/wp.schuetzencorps.de\/index.php?rest_route=%2Fwp%2Fv2%2Fmedia&parent=267"}],"curies":[{"name":"wp","href":"https:\/\/api.w.org\/{rel}","templated":true}]}}