{"id":2680,"date":"2017-06-20T11:35:37","date_gmt":"2017-06-20T11:35:37","guid":{"rendered":"http:\/\/wp.schuetzencorps.de\/?page_id=2680"},"modified":"2025-06-26T07:28:19","modified_gmt":"2025-06-26T07:28:19","slug":"festschrift","status":"publish","type":"page","link":"https:\/\/wp.schuetzencorps.de\/?page_id=2680","title":{"rendered":"Info 2025"},"content":{"rendered":"<p><span style=\"font-family: georgia, palatino, serif;\"><\/span><\/p>\r\n<p><strong>F\u00fcr Besucher unseres Sch\u00fctzenfestes\u00a0<br \/><\/strong><strong>Informationen\u00a0<\/strong><strong>zum Sch\u00fctzen- und Stadtfest 2025<\/strong><\/p>\r\n<p>Vom 02. bis 06. Juli findet in Bergen in diesem Jahr wieder die \u201eF\u00fcnfte Jahreszeit\u201c statt; und die hat Tradition. Seit vielen Jahren wird in Bergen das Sch\u00fctzenfest gemeinsam von der Stadt Bergen und dem Sch\u00fctzencorps der Stadt Bergen veranstaltet.<\/p>\r\n<p>Wie in jedem Jahr sind alle Einwohner aufgerufen, sich aktiv am Sch\u00fctzen- und Stadtfest zu beteiligen. Sei es durch Kr\u00e4nze binden f\u00fcr den Saalschmuck im Festzelt, mit Girlanden und Fahnen als Stra\u00dfenschmuck oder als Besucher des Sch\u00fctzenfestes.<\/p>\r\n<p>In vielen St\u00e4dten und Gemeinden gibt es Neujahrsempf\u00e4nge, Abende der Begegnung oder Gartenfeste, um den gesellschaftlichen Teil in der Zusammenarbeit mit den unterschiedlichen Dienststellen, den milit\u00e4rischen Einrichtungen, der politischen Schiene oder gegen\u00fcber den ehrenamtlich t\u00e4tigen Personen gerecht zu werden. In Bergen wird das gemeinsam veranstaltete Sch\u00fctzen- und Stadtfest f\u00fcr diese Art der Begegnung genutzt und erfreut sich \u00fcberaus gro\u00dfer Beliebtheit bei den G\u00e4sten. Auch in diesem Jahr werden die Soldaten aus Bergen-Hohne aktiv am Sch\u00fctzen- und Stadtfest teilnehmen. Sie sind bereits mehrere Jahre dabei, also ist auch das bereits \u201eTradition\u201c. Wir freuen uns \u00fcber diese Teilnahme und w\u00fcnschen den Soldaten viel Spa\u00df und \u201eStandfestigkeit\u201c w\u00e4hrend der Sch\u00fctzenfesttage!<\/p>\r\n<p>Dazu werden G\u00e4ste zum Festessen eingeladen, die nicht dem Sch\u00fctzencorps angeh\u00f6ren, um auf diese Art und Weise zu dokumentieren, dass es ein gemeinsames Fest der Stadt Bergen und des Sch\u00fctzencorps der Stadt Bergen ist. Auch aus den Partnerst\u00e4dten sind wieder Abordnungen dabei.<\/p>\r\n<p>Das Sch\u00fctzencorps der Stadt Bergen beteiligt sich nat\u00fcrlich ebenfalls finanziell an den Kosten f\u00fcr das Sch\u00fctzenfest, in dem die Kosten f\u00fcr Teile des Umzuges, Bewirtung bei den Fr\u00fchst\u00fccken, G\u00e4ste des Corps oder der Musiken \u00fcbernommen werden. Ohne diese Kostenaufteilung k\u00f6nnte das Sch\u00fctzen- und Stadtfest in dieser Form nicht gefeiert werden. Finanziell ist das sicherlich nicht immer ganz leicht, aber das Sch\u00fctzencorps f\u00fchlt sich der Tradition gegen\u00fcber verpflichtet.<\/p>\r\n<p>Zu den H\u00f6hepunkten des Sch\u00fctzenfestes geh\u00f6rt unzweifelhaft der gro\u00dfe Umzug am Sonntagnachmittag mit den Abordnungen der Sch\u00fctzenvereine aus dem Stadtgebiet Bergen und dem anschlie\u00dfenden K\u00f6nigsumtrunk im Heisterkamp. Eine fr\u00f6hliche Stimmung vereint die Sch\u00fctzen, G\u00e4ste und viele ehemalige Berger Einwohner, die extra zum Sch\u00fctzenfest anreisen. An diesem Nachmittag wird aufgezeigt, wie sch\u00f6n und harmonisch ein Zusammenleben mit den unterschiedlichsten Bev\u00f6lkerungsschichten sein kann. Der europ\u00e4ische Gedanke wird hier live vorgef\u00fchrt.<\/p>\r\n<p>Leider gab es in anderen St\u00e4dten bei solchen Veranstaltungen auch b\u00f6se Zwischenf\u00e4lle mit Toten und Verletzten. Um das Risiko hier zu minimieren, hat das Corps zusammen mit der Verwaltung ein Sicherheitskonzept aufgestellt. Das wird jetzt unser Begleiter bei den Festlichkeiten sein.<\/p>\r\n<p>Meine Bitte daher an alle: halten Sie die Augen auf und wenn Ihnen eine Verbesserung einf\u00e4llt, teilen Sie das mit: <a href=\"mailto:susanne.slottke@bergen-online.de\">susanne.slottke@bergen-online.de<\/a><span style=\"font-family: georgia, palatino, serif; font-size: 12pt;\">.<\/span><\/p>\r\n<p><span style=\"font-family: georgia, palatino, serif; font-size: 12pt;\">\r\n\r\n<\/span><\/p>\r\n<p><span style=\"font-family: georgia, palatino, serif; font-size: 12pt;\"><strong>Festschriften<\/strong><\/span><\/p>\r\n<p><a href=\"https:\/\/wp.schuetzencorps.de\/wp-content\/uploads\/2025\/06\/Schuetzenfest-Festschrift_2025.pdf\" target=\"_blank\" rel=\"noopener\">Festschrift 2025<\/a><\/p>\r\n<p><span style=\"font-family: georgia, palatino, serif; font-size: 12pt;\">\r\n\r\n<\/span><\/p>\r\n<div class=\"wp-block-file\"><span style=\"font-family: georgia, palatino, serif; font-size: 12pt;\"><a id=\"wp-block-file--media-14f244f3-5697-49b9-889e-b209281f9bbc\" href=\"https:\/\/wp.schuetzencorps.de\/wp-content\/uploads\/2024\/06\/Festschrift_2024_Ansicht2.pdf\" target=\"_blank\" rel=\"noreferrer noopener\">Festschrift 2024<\/a>\u00a0<\/span><\/div>\r\n<p><span style=\"font-family: georgia, palatino, serif; font-size: 12pt;\">\r\n\r\n<\/span><\/p>\r\n<p><span style=\"font-family: georgia, palatino, serif; font-size: 12pt;\"><a href=\"https:\/\/wp.schuetzencorps.de\/wp-content\/uploads\/2023\/06\/Festschrift_2023_screen.pdf\" target=\"_blank\" rel=\"noreferrer noopener\" data-type=\"attachment\" data-id=\"3730\">Festschrift 2023<\/a>\u00a0<\/span><\/p>\r\n<p><span style=\"font-family: georgia, palatino, serif; font-size: 12pt;\">\r\n\r\n<\/span><\/p>\r\n<p><span style=\"font-family: georgia, palatino, serif; font-size: 12pt;\"><a href=\"https:\/\/wp.schuetzencorps.de\/wp-content\/uploads\/2022\/06\/00-Schu\u0308tzenfest-Bergen-2022.pdf\" target=\"_blank\" rel=\"noreferrer noopener\">Festschrift 2022<\/a>\u00a0<\/span><\/p>\r\n<p><span style=\"font-family: georgia, palatino, serif; font-size: 12pt;\">\r\n\r\n<\/span><\/p>\r\n<p><span style=\"font-family: georgia, palatino, serif; font-size: 12pt;\"><a href=\"https:\/\/wp.schuetzencorps.de\/wp-content\/uploads\/2019\/06\/Festschrift_2019.pdf\" target=\"_blank\" rel=\"noopener noreferrer\">Festschrift 2019<\/a>\u00a0<\/span><\/p>\r\n<p><span style=\"font-family: georgia, palatino, serif; font-size: 12pt;\">\r\n\r\n<\/span><\/p>\r\n<p><span style=\"font-family: georgia, palatino, serif; font-size: 12pt;\"><a href=\"https:\/\/wp.schuetzencorps.de\/wp-content\/uploads\/2018\/06\/Festschrift_2018.pdf\" target=\"_blank\" rel=\"noopener noreferrer\">Festschrift 2018<\/a>\u00a0<\/span><\/p>\r\n<p><span style=\"font-family: georgia, palatino, serif; font-size: 12pt;\">\r\n\r\n<\/span><\/p>\r\n<p><span style=\"font-family: georgia, palatino, serif; font-size: 12pt;\"><a href=\"https:\/\/wp.schuetzencorps.de\/wp-content\/uploads\/Festschrift_2017.pdf\" target=\"_blank\" rel=\"noopener noreferrer\">Festschrift 2017<\/a>\u00a0<\/span><\/p>\r\n<p><span style=\"font-family: georgia, palatino, serif; font-size: 12pt;\">\r\n\r\n<\/span><\/p>\r\n<p><span style=\"font-family: georgia, palatino, serif; font-size: 12pt;\"><a href=\"https:\/\/wp.schuetzencorps.de\/wp-content\/uploads\/2017\/06\/Festschrift_2016.pdf\" target=\"_blank\" rel=\"noopener noreferrer\">Festschrift 2016<\/a>\u00a0<\/span><\/p>\r\n<p><span style=\"font-family: georgia, palatino, serif;\"><\/span><\/p>","protected":false},"excerpt":{"rendered":"<p>F\u00fcr Besucher unseres Sch\u00fctzenfestes\u00a0Informationen\u00a0zum Sch\u00fctzen- und Stadtfest 2025 Vom 02. bis 06. Juli findet in Bergen in diesem Jahr wieder die \u201eF\u00fcnfte Jahreszeit\u201c statt; und die hat Tradition. Seit vielen Jahren wird in Bergen das Sch\u00fctzenfest gemeinsam von der Stadt &hellip;<\/p>\n<p class=\"read-more\"> <a class=\"more-link\" href=\"https:\/\/wp.schuetzencorps.de\/?page_id=2680\"> <span class=\"screen-reader-text\">Info 2025<\/span> Weiterlesen &raquo;<\/a><\/p>\n","protected":false},"author":1,"featured_media":0,"parent":0,"menu_order":19,"comment_status":"closed","ping_status":"closed","template":"","meta":{"footnotes":""},"class_list":["post-2680","page","type-page","status-publish","hentry"],"_links":{"self":[{"href":"https:\/\/wp.schuetzencorps.de\/index.php?rest_route=\/wp\/v2\/pages\/2680","targetHints":{"allow":["GET"]}}],"collection":[{"href":"https:\/\/wp.schuetzencorps.de\/index.php?rest_route=\/wp\/v2\/pages"}],"about":[{"href":"https:\/\/wp.schuetzencorps.de\/index.php?rest_route=\/wp\/v2\/types\/page"}],"author":[{"embeddable":true,"href":"https:\/\/wp.schuetzencorps.de\/index.php?rest_route=\/wp\/v2\/users\/1"}],"replies":[{"embeddable":true,"href":"https:\/\/wp.schuetzencorps.de\/index.php?rest_route=%2Fwp%2Fv2%2Fcomments&post=2680"}],"version-history":[{"count":37,"href":"https:\/\/wp.schuetzencorps.de\/index.php?rest_route=\/wp\/v2\/pages\/2680\/revisions"}],"predecessor-version":[{"id":4186,"href":"https:\/\/wp.schuetzencorps.de\/index.php?rest_route=\/wp\/v2\/pages\/2680\/revisions\/4186"}],"wp:attachment":[{"href":"https:\/\/wp.schuetzencorps.de\/index.php?rest_route=%2Fwp%2Fv2%2Fmedia&parent=2680"}],"curies":[{"name":"wp","href":"https:\/\/api.w.org\/{rel}","templated":true}]}}