{"id":269,"date":"2016-12-02T13:33:08","date_gmt":"2016-12-02T13:33:08","guid":{"rendered":"http:\/\/wp.schuetzencorps.de\/?page_id=269"},"modified":"2025-06-26T07:14:10","modified_gmt":"2025-06-26T07:14:10","slug":"kraenzebinden","status":"publish","type":"page","link":"https:\/\/wp.schuetzencorps.de\/?page_id=269","title":{"rendered":"Kr\u00e4nzebinden 2025"},"content":{"rendered":"<p><span style=\"font-size: 14pt;\"><strong>Kr\u00e4nzebinden f\u00fcr und mit den Kindern des Stadtgebietes<\/strong><\/span><\/p>\n<p><strong>Traditionen m\u00fcssen gewahrt werden!<\/strong><\/p>\n<p>So wie jedes Jahr wollen die Stadt Bergen und das Sch\u00fctzencorps Bergen auch in diesem Jahr ein traditionelles \u201eKr\u00e4nzehinblasen&#8220; zum Startschutz in die diesj\u00e4hrige Sch\u00fctzenfestwoche, veranstalten. Mehrere Musikz\u00fcge, das gesamte Sch\u00fctzencorps, die selbst dekorierten Kr\u00e4nze zum Zelt bringen und von den Sch\u00fctzen hierf\u00fcr eine Kleinigkeit zu bekommen wird f\u00fcr die Kinder wieder einmal ein Highlight.<\/p>\n<p><strong>Also meldet euch schnell an und seid dabei!\u00a0<\/strong><\/p>\n<p>Treffen f\u00fcr das gemeinsame und \u00f6ffentliche Kr\u00e4nzebinden:<br \/>\n<strong>Wo?<\/strong> Bergwerk Bergen, Ringstra\u00dfe 7, 29303 Bergen<br \/>\n<strong>Wann?<\/strong> Dienstag, 01. Juli 2025 von 15:00 Uhr bis 18:00 Uhr<br \/>\n<strong>Wie?<\/strong>\u00a0Bitte meldet euch und eure Kids an beim Bergwerk (05051\/5707 &#8211; bergwerk@stadt-bergen.de), Juri Schmidt (0162-2105188) oder Frederik Mohr (0172-4302886)<br \/>\n<strong>Was?<\/strong> Ihr braucht: Handschuhe, Gartenschere und eine Kleinigkeit f\u00fcr das Buffet!<\/p>\n<p>Die Organisatoren k\u00fcmmern sich wie immer um ausreichend Eichenlaub, Seil, Bindedraht, Krepppapier und auch Getr\u00e4nke!<\/p>\n<p>Vielen Dank an die Organisatoren: Bernd Mill, Juri Schmidt, Frederik Mohr und all die Helfer und Kids.<\/p>\n<p>F\u00fcr die gro\u00dfartige Unterst\u00fctzung, durch die unser Sch\u00fctzenfestzelt in der ersten Juliwoche wieder reichlich begr\u00fcnt und geschm\u00fcckt dasteht.<\/p>\n<p>Bergen, im Juni 2025<\/p>\n<table style=\"border-collapse: collapse; width: 100%;\">\n<tbody>\n<tr>\n<td style=\"width: 50%;\">Claudia Dettmar-M\u00fcller<\/td>\n<td style=\"width: 50%;\">Dr. Henrik Kohlmann<\/td>\n<\/tr>\n<tr>\n<td style=\"width: 50%;\">B\u00fcrgermeisterin der Stadt Bergen<\/td>\n<td style=\"width: 50%;\">Kommandeur Sch\u00fctzencorps Bergen<\/td>\n<\/tr>\n<\/tbody>\n<\/table>\n<p>&nbsp;<\/p>\n","protected":false},"excerpt":{"rendered":"<p>Kr\u00e4nzebinden f\u00fcr und mit den Kindern des Stadtgebietes Traditionen m\u00fcssen gewahrt werden! So wie jedes Jahr wollen die Stadt Bergen und das Sch\u00fctzencorps Bergen auch in diesem Jahr ein traditionelles \u201eKr\u00e4nzehinblasen&#8220; zum Startschutz in die diesj\u00e4hrige Sch\u00fctzenfestwoche, veranstalten. Mehrere Musikz\u00fcge, &hellip;<\/p>\n<p class=\"read-more\"> <a class=\"more-link\" href=\"https:\/\/wp.schuetzencorps.de\/?page_id=269\"> <span class=\"screen-reader-text\">Kr\u00e4nzebinden 2025<\/span> Weiterlesen &raquo;<\/a><\/p>\n","protected":false},"author":1,"featured_media":0,"parent":3110,"menu_order":1,"comment_status":"closed","ping_status":"closed","template":"","meta":{"footnotes":""},"class_list":["post-269","page","type-page","status-publish","hentry"],"_links":{"self":[{"href":"https:\/\/wp.schuetzencorps.de\/index.php?rest_route=\/wp\/v2\/pages\/269","targetHints":{"allow":["GET"]}}],"collection":[{"href":"https:\/\/wp.schuetzencorps.de\/index.php?rest_route=\/wp\/v2\/pages"}],"about":[{"href":"https:\/\/wp.schuetzencorps.de\/index.php?rest_route=\/wp\/v2\/types\/page"}],"author":[{"embeddable":true,"href":"https:\/\/wp.schuetzencorps.de\/index.php?rest_route=\/wp\/v2\/users\/1"}],"replies":[{"embeddable":true,"href":"https:\/\/wp.schuetzencorps.de\/index.php?rest_route=%2Fwp%2Fv2%2Fcomments&post=269"}],"version-history":[{"count":33,"href":"https:\/\/wp.schuetzencorps.de\/index.php?rest_route=\/wp\/v2\/pages\/269\/revisions"}],"predecessor-version":[{"id":4184,"href":"https:\/\/wp.schuetzencorps.de\/index.php?rest_route=\/wp\/v2\/pages\/269\/revisions\/4184"}],"up":[{"embeddable":true,"href":"https:\/\/wp.schuetzencorps.de\/index.php?rest_route=\/wp\/v2\/pages\/3110"}],"wp:attachment":[{"href":"https:\/\/wp.schuetzencorps.de\/index.php?rest_route=%2Fwp%2Fv2%2Fmedia&parent=269"}],"curies":[{"name":"wp","href":"https:\/\/api.w.org\/{rel}","templated":true}]}}