{"id":271,"date":"2016-12-02T13:34:11","date_gmt":"2016-12-02T13:34:11","guid":{"rendered":"http:\/\/wp.schuetzencorps.de\/?page_id=271"},"modified":"2025-05-19T08:53:41","modified_gmt":"2025-05-19T08:53:41","slug":"schiessordnung","status":"publish","type":"page","link":"https:\/\/wp.schuetzencorps.de\/?page_id=271","title":{"rendered":"Schie\u00dfordnung 2025"},"content":{"rendered":"\r\n<p><strong>Schie\u00dfordnung f\u00fcr das Stadtk\u00f6nigschie\u00dfen<\/strong><\/p>\r\n<p>F\u00fcr die Teilnahme gelten die Bedingungen f\u00fcr das Schie\u00dfen auf die Stadtk\u00f6nigscheibe vom Mai 2024.<\/p>\r\n<p>Die Auswertung erfolgt durch eine Kommission:<\/p>\r\n<p>a) B\u00fcrgermeisterin\u00a0<br \/>b) Markus Ebel\u00a0<br \/>c) Bj\u00f6rn Me\u00dfink\u00a0<br \/>e) Michael Gibb\u00a0<\/p>\r\n<p>Ersatz: G\u00fcnther Lange, weitere Ersatzleute werden durch die B\u00fcrgermeisterin benannt.\u00a0<\/p>\r\n<p>Jede(r) Teilnehmer(in) hat sich vor der Schussabgabe bei der Schie\u00dfleitung zu melden.\u00a0<\/p>\r\n<p>Es muss in der Reihenfolge der Anmeldung geschossen werden.\u00a0<\/p>\r\n<p>Jeder Sch\u00fctze hat 3 Schuss, ohne Probeschuss. Es wird nur Fleck angezeigt.\u00a0<\/p>\r\n<p>Ein Satzgeld wird nicht erhoben; lediglich die Kosten f\u00fcr die Munition sind an den Schie\u00dfwart zu entrichten.\u00a0<\/p>\r\n<p>Der Raum der Schie\u00dfkommission darf von den anwesenden Sch\u00fctzen nicht betreten werden.\u00a0<\/p>\r\n<p>Den Raum der Schie\u00dfkommission d\u00fcrfen nur die Kommissionsmitglieder betreten.\u00a0<\/p>\r\n<p>Ausnahmen im Bedarfsfall kann es nur auf Anordnung der B\u00fcrgermeisterin geben.\u00a0<\/p>\r\n<p>29303 Bergen, im Mai 2025\u00a0<\/p>\r\n<p><strong>Claudia Dettmar-M\u00fcller\u00a0<br \/><\/strong>B\u00fcrgermeisterin\u00a0<\/p>\r\n","protected":false},"excerpt":{"rendered":"<p>Schie\u00dfordnung f\u00fcr das Stadtk\u00f6nigschie\u00dfen F\u00fcr die Teilnahme gelten die Bedingungen f\u00fcr das Schie\u00dfen auf die Stadtk\u00f6nigscheibe vom Mai 2024. Die Auswertung erfolgt durch eine Kommission: a) B\u00fcrgermeisterin\u00a0b) Markus Ebel\u00a0c) Bj\u00f6rn Me\u00dfink\u00a0e) Michael Gibb\u00a0 Ersatz: G\u00fcnther Lange, weitere Ersatzleute werden durch &hellip;<\/p>\n<p class=\"read-more\"> <a class=\"more-link\" href=\"https:\/\/wp.schuetzencorps.de\/?page_id=271\"> <span class=\"screen-reader-text\">Schie\u00dfordnung 2025<\/span> Weiterlesen &raquo;<\/a><\/p>\n","protected":false},"author":1,"featured_media":0,"parent":2680,"menu_order":10,"comment_status":"closed","ping_status":"closed","template":"","meta":{"footnotes":""},"class_list":["post-271","page","type-page","status-publish","hentry"],"_links":{"self":[{"href":"https:\/\/wp.schuetzencorps.de\/index.php?rest_route=\/wp\/v2\/pages\/271","targetHints":{"allow":["GET"]}}],"collection":[{"href":"https:\/\/wp.schuetzencorps.de\/index.php?rest_route=\/wp\/v2\/pages"}],"about":[{"href":"https:\/\/wp.schuetzencorps.de\/index.php?rest_route=\/wp\/v2\/types\/page"}],"author":[{"embeddable":true,"href":"https:\/\/wp.schuetzencorps.de\/index.php?rest_route=\/wp\/v2\/users\/1"}],"replies":[{"embeddable":true,"href":"https:\/\/wp.schuetzencorps.de\/index.php?rest_route=%2Fwp%2Fv2%2Fcomments&post=271"}],"version-history":[{"count":10,"href":"https:\/\/wp.schuetzencorps.de\/index.php?rest_route=\/wp\/v2\/pages\/271\/revisions"}],"predecessor-version":[{"id":4130,"href":"https:\/\/wp.schuetzencorps.de\/index.php?rest_route=\/wp\/v2\/pages\/271\/revisions\/4130"}],"up":[{"embeddable":true,"href":"https:\/\/wp.schuetzencorps.de\/index.php?rest_route=\/wp\/v2\/pages\/2680"}],"wp:attachment":[{"href":"https:\/\/wp.schuetzencorps.de\/index.php?rest_route=%2Fwp%2Fv2%2Fmedia&parent=271"}],"curies":[{"name":"wp","href":"https:\/\/api.w.org\/{rel}","templated":true}]}}