{"id":273,"date":"2016-12-02T13:34:56","date_gmt":"2016-12-02T13:34:56","guid":{"rendered":"http:\/\/wp.schuetzencorps.de\/?page_id=273"},"modified":"2025-05-19T09:58:53","modified_gmt":"2025-05-19T09:58:53","slug":"festfolge","status":"publish","type":"page","link":"https:\/\/wp.schuetzencorps.de\/?page_id=273","title":{"rendered":"Festfolge 2025"},"content":{"rendered":"\r\n<p><strong>Festfolge f\u00fcr das Sch\u00fctzenfest 2025 der Stadt Bergen\u00a0<\/strong><\/p>\r\n<table style=\"width: 80%; border-style: dotted;\" width=\"80%\">\r\n<tbody>\r\n<tr>\r\n<td style=\"width: 296.362px;\"><strong>Mittwoch, 02. Juli 2025<\/strong><\/td>\r\n<td style=\"width: 891.312px;\">\u00a0<\/td>\r\n<\/tr>\r\n<tr>\r\n<td style=\"width: 296.362px;\">12:45 \u2013 17:45 Uhr<\/td>\r\n<td style=\"width: 891.312px;\">Traditionelles Eintrommeln, beginnend im Rathaus<\/td>\r\n<\/tr>\r\n<tr>\r\n<td style=\"width: 296.362px;\">18:00 Uhr<\/td>\r\n<td style=\"width: 891.312px;\">Bastis Brausebar auf dem Marktplatz (Erl\u00f6s f\u00fcr das Kindersch\u00fctzenfest)<\/td>\r\n<\/tr>\r\n<tr>\r\n<td style=\"width: 296.362px;\">18:00 \u2013 19:00 Uhr<\/td>\r\n<td style=\"width: 891.312px;\">Platzkonzert vor dem Rathaus mit dem Fanfarenzug Stadt Bergen\u00a0<\/td>\r\n<\/tr>\r\n<tr>\r\n<td style=\"width: 296.362px;\">18:30 Uhr<\/td>\r\n<td style=\"width: 891.312px;\">Antreten des Sch\u00fctzencorps am Rathaus<\/td>\r\n<\/tr>\r\n<tr>\r\n<td style=\"width: 296.362px;\">19:00 Uhr<\/td>\r\n<td style=\"width: 891.312px;\">Kr\u00e4nzehinblasen vom Marktplatz zum Festplatz und \u00dcbergabe der Kr\u00e4nze an die B\u00fcrgermeisterin im Festzelt<\/td>\r\n<\/tr>\r\n<tr>\r\n<td style=\"width: 296.362px;\">\u00a0<\/td>\r\n<td style=\"width: 891.312px;\">\u00a0<\/td>\r\n<\/tr>\r\n<tr>\r\n<td style=\"width: 296.362px;\"><strong>Donnerstag, 03. Juli 2025<\/strong><\/td>\r\n<td style=\"width: 891.312px;\">\u00a0<\/td>\r\n<\/tr>\r\n<tr>\r\n<td style=\"width: 296.362px;\">07:30 Uhr<\/td>\r\n<td style=\"width: 891.312px;\">Traditionelles Wecken<\/td>\r\n<\/tr>\r\n<tr>\r\n<td style=\"width: 296.362px;\">07:45 Uhr<\/td>\r\n<td style=\"width: 891.312px;\">Antreten der \u201eHolsteiner Hornmusiker\u201c am Caf\u00e9 am Museum, Friedensplatz, Abmarsch mit Musik zum Stadthaus<\/td>\r\n<\/tr>\r\n<tr>\r\n<td style=\"width: 296.362px;\">08:00 Uhr<\/td>\r\n<td style=\"width: 891.312px;\">Antreten der Marschteilnehmer am Stadthaus\u00a0<\/td>\r\n<\/tr>\r\n<tr>\r\n<td style=\"width: 296.362px;\">08:30 Uhr<\/td>\r\n<td style=\"width: 891.312px;\">Abmarsch vom Stadthaus zum Kommandeur<\/td>\r\n<\/tr>\r\n<tr>\r\n<td style=\"width: 296.362px;\">08:30 Uhr<\/td>\r\n<td style=\"width: 891.312px;\">Versammeln des Komitees und der geladenen G\u00e4ste im Rathaus<\/td>\r\n<\/tr>\r\n<tr>\r\n<td style=\"width: 296.362px;\">08:45 Uhr<\/td>\r\n<td style=\"width: 891.312px;\">Abholen des Kommandeurs<\/td>\r\n<\/tr>\r\n<tr>\r\n<td style=\"width: 296.362px;\">09:00 Uhr<\/td>\r\n<td style=\"width: 891.312px;\">Abholen der Fahnen, der Stadtk\u00f6nigin, des Komitees und der geladenen G\u00e4ste am Rathaus<\/td>\r\n<\/tr>\r\n<tr>\r\n<td style=\"width: 296.362px;\">09:30 \u2013 10:30 Uhr<\/td>\r\n<td style=\"width: 891.312px;\">Abholen des Corpsk\u00f6nigs<\/td>\r\n<\/tr>\r\n<tr>\r\n<td style=\"width: 296.362px;\">10:30 \u2013 11:00 Uhr<\/td>\r\n<td style=\"width: 891.312px;\">Festumzug durch die Stadt Bergen<\/td>\r\n<\/tr>\r\n<tr>\r\n<td style=\"width: 296.362px;\">11:00 &#8211;\u00a0 11:30 Uhr<\/td>\r\n<td style=\"width: 891.312px;\">Antreten des Sch\u00fctzencorps im Heisterkamp zur Vereidigung der Jungsch\u00fctzen<\/td>\r\n<\/tr>\r\n<tr>\r\n<td style=\"width: 296.362px;\">11:30 \u2013 13:30 Uhr<\/td>\r\n<td style=\"width: 891.312px;\">Sch\u00fctzenfr\u00fchst\u00fcck im Festzelt und Er\u00f6ffnung des Sch\u00fctzenfestes durch die B\u00fcrgermeisterin<\/td>\r\n<\/tr>\r\n<tr>\r\n<td style=\"width: 296.362px;\">13:30 \u2013 16:30 Uhr<\/td>\r\n<td style=\"width: 891.312px;\">Corpsk\u00f6nig-Schie\u00dfen<\/td>\r\n<\/tr>\r\n<tr>\r\n<td style=\"width: 296.362px;\">17:30 Uhr<\/td>\r\n<td style=\"width: 891.312px;\">Proklamation des neuen Corpsk\u00f6nigs<\/td>\r\n<\/tr>\r\n<tr>\r\n<td style=\"width: 296.362px;\">18:00 Uhr<\/td>\r\n<td style=\"width: 891.312px;\">Abmarsch zur Residenz des Corpsk\u00f6nigs<\/td>\r\n<\/tr>\r\n<tr>\r\n<td style=\"width: 296.362px;\">20:30 Uhr<\/td>\r\n<td style=\"width: 891.312px;\">R\u00fcckkehr vom Corpsk\u00f6nig und Beginn des Festballes (Kapelle: TOP MUSIC Tanzband)<\/td>\r\n<\/tr>\r\n<tr>\r\n<td style=\"width: 296.362px;\">22:00 Uhr<\/td>\r\n<td style=\"width: 891.312px;\">Sch\u00fctzenpolonaise<\/td>\r\n<\/tr>\r\n<tr>\r\n<td style=\"width: 296.362px;\">\u00a0<\/td>\r\n<td style=\"width: 891.312px;\">\u00a0<\/td>\r\n<\/tr>\r\n<tr>\r\n<td style=\"width: 296.362px;\"><strong>Freitag, 04. Juli 2025<\/strong><\/td>\r\n<td style=\"width: 891.312px;\">\u00a0<\/td>\r\n<\/tr>\r\n<tr>\r\n<td style=\"width: 296.362px;\">09:00 Uhr<\/td>\r\n<td style=\"width: 891.312px;\">Ministerfr\u00fchst\u00fcck im Festzelt<\/td>\r\n<\/tr>\r\n<tr>\r\n<td style=\"width: 296.362px;\">10:00 Uhr<\/td>\r\n<td style=\"width: 891.312px;\">Antreten des Sch\u00fctzencorps im Heisterkamp<\/td>\r\n<\/tr>\r\n<tr>\r\n<td style=\"width: 296.362px;\">10:30 Uhr<\/td>\r\n<td style=\"width: 891.312px;\">Abholen des Kommandeurs vom Rathaus<\/td>\r\n<\/tr>\r\n<tr>\r\n<td style=\"width: 296.362px;\">\u00a0<\/td>\r\n<td style=\"width: 891.312px;\">Abholen der Fahnen, des Komitees und der geladenen G\u00e4ste vom Rathaus<\/td>\r\n<\/tr>\r\n<tr>\r\n<td style=\"width: 296.362px;\">anschl. bis 12:00 Uhr<\/td>\r\n<td style=\"width: 891.312px;\">Abholen des Stadtk\u00f6nigs mit Umtrunk<\/td>\r\n<\/tr>\r\n<tr>\r\n<td style=\"width: 296.362px;\">12:00 Uhr<\/td>\r\n<td style=\"width: 891.312px;\">R\u00fcckkehr vom Stadtk\u00f6nig und Marsch zum Stadthaus<\/td>\r\n<\/tr>\r\n<tr>\r\n<td style=\"width: 296.362px;\">12:30 \u2013 14:30 Uhr<\/td>\r\n<td style=\"width: 891.312px;\">Gro\u00dfes Festessen mit Damen im Stadthaus (Musik: HOLSTEINER HORNMUSIK)<\/td>\r\n<\/tr>\r\n<tr>\r\n<td style=\"width: 296.362px;\">15.00 \u2013 16:30 Uhr<\/td>\r\n<td style=\"width: 891.312px;\">1) Stadtk\u00f6nig-Schie\u00dfen<\/td>\r\n<\/tr>\r\n<tr>\r\n<td style=\"width: 296.362px;\">\u00a0<\/td>\r\n<td style=\"width: 891.312px;\">2) G\u00e4ste- und Damenpokal-Schie\u00dfen<\/td>\r\n<\/tr>\r\n<tr>\r\n<td style=\"width: 296.362px;\">\u00a0<\/td>\r\n<td style=\"width: 891.312px;\">3) Damenkaffee im Festzelt<\/td>\r\n<\/tr>\r\n<tr>\r\n<td style=\"width: 296.362px;\">17:00 Uhr<\/td>\r\n<td style=\"width: 891.312px;\">Proklamation des Stadtk\u00f6nigs, Sieger Pokalschie\u00dfen<\/td>\r\n<\/tr>\r\n<tr>\r\n<td style=\"width: 296.362px;\">17:30 Uhr<\/td>\r\n<td style=\"width: 891.312px;\">Abmarsch zur Residenz des Stadtk\u00f6nigs<\/td>\r\n<\/tr>\r\n<tr>\r\n<td style=\"width: 296.362px;\">21:00 \u2013 03:00 Uhr<\/td>\r\n<td style=\"width: 891.312px;\">Partynacht unter den Eichen mit der Live-Band RETURN<\/td>\r\n<\/tr>\r\n<tr>\r\n<td style=\"width: 296.362px;\">\u00a0<\/td>\r\n<td style=\"width: 891.312px;\">\u00a0<\/td>\r\n<\/tr>\r\n<tr>\r\n<td style=\"width: 296.362px;\"><strong>Sonnabend, 05. Juli 2025<\/strong><\/td>\r\n<td style=\"width: 891.312px;\">\u00a0<\/td>\r\n<\/tr>\r\n<tr>\r\n<td style=\"width: 296.362px;\">12:30 \u2013 13:00 Uhr<\/td>\r\n<td style=\"width: 891.312px;\">Platzkonzert auf dem Marktplatz mit dem Spielmannszug der Sch\u00fctzengilde S\u00fclze<\/td>\r\n<\/tr>\r\n<tr>\r\n<td style=\"width: 296.362px;\">12:45 Uhr<\/td>\r\n<td style=\"width: 891.312px;\">Eintreffen des Sch\u00fctzencorps am Rathaus<\/td>\r\n<\/tr>\r\n<tr>\r\n<td style=\"width: 296.362px;\">13:00 Uhr<\/td>\r\n<td style=\"width: 891.312px;\">Festumzug der Kinder<\/td>\r\n<\/tr>\r\n<tr>\r\n<td style=\"width: 296.362px;\">14:00 \u2013 16:00 Uhr<\/td>\r\n<td style=\"width: 891.312px;\">Spiele und Vogelstechen f\u00fcr Kinder auf dem Festplatz<\/td>\r\n<\/tr>\r\n<tr>\r\n<td style=\"width: 296.362px;\">\u00a0<\/td>\r\n<td style=\"width: 891.312px;\">Schie\u00dfen f\u00fcr Jugendliche und Junioren in der Schie\u00dfsportanlage Heisterkamp<\/td>\r\n<\/tr>\r\n<tr>\r\n<td style=\"width: 296.362px;\">15:00 \u2013 17:30 Uhr<\/td>\r\n<td style=\"width: 891.312px;\">Unterhaltungsmusik im Festzelt<\/td>\r\n<\/tr>\r\n<tr>\r\n<td style=\"width: 296.362px;\">14:00 \u2013 16:00 Uhr<\/td>\r\n<td style=\"width: 891.312px;\">Pokalschie\u00dfen des Sch\u00fctzencorps<\/td>\r\n<\/tr>\r\n<tr>\r\n<td style=\"width: 296.362px;\">17:00 Uhr<\/td>\r\n<td style=\"width: 891.312px;\">Proklamation der Kinder- und Jugendk\u00f6nige\u00a0<\/td>\r\n<\/tr>\r\n<tr>\r\n<td style=\"width: 296.362px;\">21:00 \u2013 03:00 Uhr<\/td>\r\n<td style=\"width: 891.312px;\">Disco Pogo Party mit den Heidebeats\u00a0<\/td>\r\n<\/tr>\r\n<tr>\r\n<td style=\"width: 296.362px;\">\u00a0<\/td>\r\n<td style=\"width: 891.312px;\">\u00a0<\/td>\r\n<\/tr>\r\n<tr>\r\n<td style=\"width: 296.362px;\"><strong>Sonntag, 06. Juli 2025<\/strong><\/td>\r\n<td style=\"width: 891.312px;\">\u00a0<\/td>\r\n<\/tr>\r\n<tr>\r\n<td style=\"width: 296.362px;\">10.30 \u2013 11.15 Uhr<\/td>\r\n<td style=\"width: 891.312px;\">Gottesdienst im Heisterkamp<\/td>\r\n<\/tr>\r\n<tr>\r\n<td style=\"width: 296.362px;\">12:00 \u2013 15:00 Uhr<\/td>\r\n<td style=\"width: 891.312px;\">Sch\u00fctzenkommers im Festzelt<\/td>\r\n<\/tr>\r\n<tr>\r\n<td style=\"width: 296.362px;\">15:30 \u2013 17:00 Uhr<\/td>\r\n<td style=\"width: 891.312px;\">Sch\u00fctzenumzug sowie Abholung des Komitees und der G\u00e4ste vom Rathaus<\/td>\r\n<\/tr>\r\n<tr>\r\n<td style=\"width: 296.362px;\">17:15 \u2013 19:00 Uhr<\/td>\r\n<td style=\"width: 891.312px;\">K\u00f6nigsumtrunk im Heisterkamp<\/td>\r\n<\/tr>\r\n<tr>\r\n<td style=\"width: 296.362px;\">19:00 \u2013 21:45 Uhr<\/td>\r\n<td style=\"width: 891.312px;\">Unterhaltungs- und Stimmungsmusik im Festzelt mit der \u201eHolsteiner Hornmusik\u201c<\/td>\r\n<\/tr>\r\n<tr>\r\n<td style=\"width: 296.362px;\">21:45 Uhr<\/td>\r\n<td style=\"width: 891.312px;\">Aufstellen in der Lange Stra\u00dfe zum Fackelumzug und Fackelausgabe<\/td>\r\n<\/tr>\r\n<tr>\r\n<td style=\"width: 296.362px;\">22:00 Uhr<\/td>\r\n<td style=\"width: 891.312px;\">Abmarsch Fackelumzug zum Rathaus<\/td>\r\n<\/tr>\r\n<tr>\r\n<td style=\"width: 296.362px;\">\u00a0<\/td>\r\n<td style=\"width: 891.312px;\">&#8211; Abspielen der Nationalhymnen GB, NL, PL und D<\/td>\r\n<\/tr>\r\n<tr>\r\n<td style=\"width: 296.362px;\">\u00a0<\/td>\r\n<td style=\"width: 891.312px;\">&#8211; Fahneneinzug in das Rathaus<\/td>\r\n<\/tr>\r\n<tr>\r\n<td style=\"width: 296.362px;\">\u00a0<\/td>\r\n<td style=\"width: 891.312px;\">&#8211; 3 Walzer zum Abschluss<\/td>\r\n<\/tr>\r\n<\/tbody>\r\n<\/table>\r\n<p>(Tobi-Service: <a href=\"https:\/\/wp.schuetzencorps.de\/wp-content\/uploads\/2025\/05\/Festfolge-2025-V01.pdf\" target=\"_blank\" rel=\"noopener\">Festfolge 2025<\/a>)<\/p>\r\n<p>\r\n\r\n<\/p>\r\n<figure class=\"wp-block-table\"><\/figure>\r\n","protected":false},"excerpt":{"rendered":"<p>Festfolge f\u00fcr das Sch\u00fctzenfest 2025 der Stadt Bergen\u00a0 Mittwoch, 02. Juli 2025 \u00a0 12:45 \u2013 17:45 Uhr Traditionelles Eintrommeln, beginnend im Rathaus 18:00 Uhr Bastis Brausebar auf dem Marktplatz (Erl\u00f6s f\u00fcr das Kindersch\u00fctzenfest) 18:00 \u2013 19:00 Uhr Platzkonzert vor dem &hellip;<\/p>\n<p class=\"read-more\"> <a class=\"more-link\" href=\"https:\/\/wp.schuetzencorps.de\/?page_id=273\"> <span class=\"screen-reader-text\">Festfolge 2025<\/span> Weiterlesen &raquo;<\/a><\/p>\n","protected":false},"author":1,"featured_media":0,"parent":2680,"menu_order":11,"comment_status":"closed","ping_status":"closed","template":"","meta":{"footnotes":""},"class_list":["post-273","page","type-page","status-publish","hentry"],"_links":{"self":[{"href":"https:\/\/wp.schuetzencorps.de\/index.php?rest_route=\/wp\/v2\/pages\/273","targetHints":{"allow":["GET"]}}],"collection":[{"href":"https:\/\/wp.schuetzencorps.de\/index.php?rest_route=\/wp\/v2\/pages"}],"about":[{"href":"https:\/\/wp.schuetzencorps.de\/index.php?rest_route=\/wp\/v2\/types\/page"}],"author":[{"embeddable":true,"href":"https:\/\/wp.schuetzencorps.de\/index.php?rest_route=\/wp\/v2\/users\/1"}],"replies":[{"embeddable":true,"href":"https:\/\/wp.schuetzencorps.de\/index.php?rest_route=%2Fwp%2Fv2%2Fcomments&post=273"}],"version-history":[{"count":42,"href":"https:\/\/wp.schuetzencorps.de\/index.php?rest_route=\/wp\/v2\/pages\/273\/revisions"}],"predecessor-version":[{"id":4148,"href":"https:\/\/wp.schuetzencorps.de\/index.php?rest_route=\/wp\/v2\/pages\/273\/revisions\/4148"}],"up":[{"embeddable":true,"href":"https:\/\/wp.schuetzencorps.de\/index.php?rest_route=\/wp\/v2\/pages\/2680"}],"wp:attachment":[{"href":"https:\/\/wp.schuetzencorps.de\/index.php?rest_route=%2Fwp%2Fv2%2Fmedia&parent=273"}],"curies":[{"name":"wp","href":"https:\/\/api.w.org\/{rel}","templated":true}]}}