{"id":2738,"date":"2017-07-04T07:19:39","date_gmt":"2017-07-04T07:19:39","guid":{"rendered":"http:\/\/wp.schuetzencorps.de\/?page_id=2738"},"modified":"2022-06-23T11:06:45","modified_gmt":"2022-06-23T11:06:45","slug":"koenige-2017-07","status":"publish","type":"page","link":"https:\/\/wp.schuetzencorps.de\/?page_id=2738","title":{"rendered":"K\u00f6nige 2017.07"},"content":{"rendered":"<p><img loading=\"lazy\" decoding=\"async\" class=\"alignnone size-full wp-image-2739\" src=\"https:\/\/wp.schuetzencorps.de\/wp-content\/uploads\/2017\/07\/K\u00f6nige-2017.07.jpg\" alt=\"\" width=\"6016\" height=\"3376\" srcset=\"https:\/\/wp.schuetzencorps.de\/wp-content\/uploads\/2017\/07\/K\u00f6nige-2017.07.jpg 6016w, https:\/\/wp.schuetzencorps.de\/wp-content\/uploads\/2017\/07\/K\u00f6nige-2017.07-300x168.jpg 300w, https:\/\/wp.schuetzencorps.de\/wp-content\/uploads\/2017\/07\/K\u00f6nige-2017.07-768x431.jpg 768w, https:\/\/wp.schuetzencorps.de\/wp-content\/uploads\/2017\/07\/K\u00f6nige-2017.07-1024x575.jpg 1024w, https:\/\/wp.schuetzencorps.de\/wp-content\/uploads\/2017\/07\/K\u00f6nige-2017.07-100x56.jpg 100w, https:\/\/wp.schuetzencorps.de\/wp-content\/uploads\/2017\/07\/K\u00f6nige-2017.07-150x84.jpg 150w, https:\/\/wp.schuetzencorps.de\/wp-content\/uploads\/2017\/07\/K\u00f6nige-2017.07-200x112.jpg 200w, https:\/\/wp.schuetzencorps.de\/wp-content\/uploads\/2017\/07\/K\u00f6nige-2017.07-450x253.jpg 450w, https:\/\/wp.schuetzencorps.de\/wp-content\/uploads\/2017\/07\/K\u00f6nige-2017.07-600x337.jpg 600w, https:\/\/wp.schuetzencorps.de\/wp-content\/uploads\/2017\/07\/K\u00f6nige-2017.07-900x505.jpg 900w\" sizes=\"auto, (max-width: 6016px) 100vw, 6016px\" \/><br \/>\n(Bild: Hermann Hiestermann)<\/p>\n<p><strong><u> K\u00f6nigsfr\u00fchst\u00fcck 2017<\/u><\/strong><\/p>\n<p>Oberste Reihe stehend von links:<br \/>\nHenning H\u00f6per, Friedrich-Wilhelm Hartung, Werner Grethen, Peter Meinecke, Wilhelm Heers, Albrecht Fienemann, Bastian Majehrke, Niklas Meyerholz, Jens-Henrik Hoopmann, G\u00f6tz Holtz, Karl-Heinz Grethen<\/p>\n<p>Obere reihe stehend von links:<br \/>\nWolfgang Gallasch, Jan Schmidt, Thomas Timme, Olaf Carstensen, Wolfgang Rust, Frederik Zink, Hans-Herbert Dressler, Dr. Ulrich Sander, Friedrich Winternheimer, Horst-Dieter Meyerholz<\/p>\n<p>Stehend von links:<br \/>\nKarl-Otto Hohls, Ehrhard Brammer, Holger Thiel, Jan Fischer, Wolfgang Guse, Holger Friedrichs,&nbsp;Willi Alms jr., Michael Schmidt, Hendrik Alms, J\u00f6rg Denecke-Nehm, Dirk Herrmann, Henning Ohlhoff<\/p>\n<p>Sitzend von links:<br \/>\nDieter Heine, G\u00fcnther Lange, Dieter Sobczak, Otto Timme, G\u00fcnther Nehm, R\u00fcdiger Sonnenberg,&nbsp;Willi Alms sen., Wolfgang Schmidt, Werner Sch\u00e4fer, J\u00fcrgen-Heinrich Hoopmann<\/p>\n<p>Auf dem Bild fehlen:<br \/>\nKlaus-Heinrich Alms, Carl-Otto Dittmann, Hartmut Ebel, Karl Fienemann, Hermann Lampe, Dirk Meinecke, Hagen Rodehorst, Wolfgang Schlage<\/p>\n<p><strong>allgemeine Informationen Stand 02.07.2017:<\/strong><br \/>\n29 Corpsk\u00f6nige (lebend) seit 1950 im Corps<br \/>\n31 Stadtk\u00f6nige (lebend) seit 1950 im Corps<br \/>\nDurch Erlangen der K\u00f6nigsw\u00fcrde 2-fach Corps- oder Stadtk\u00f6nig bzw. Stadt- und Corpsk\u00f6nig sind (Stand 02.07.2017) insgesamt 51 lebende K\u00f6nige im Corps!<\/p>\n","protected":false},"excerpt":{"rendered":"<p>(Bild: Hermann Hiestermann) K\u00f6nigsfr\u00fchst\u00fcck 2017 Oberste Reihe stehend von links: Henning H\u00f6per, Friedrich-Wilhelm Hartung, Werner Grethen, Peter Meinecke, Wilhelm Heers, Albrecht Fienemann, Bastian Majehrke, Niklas Meyerholz, Jens-Henrik Hoopmann, G\u00f6tz Holtz, Karl-Heinz Grethen Obere reihe stehend von links: Wolfgang Gallasch, Jan &hellip;<\/p>\n<p class=\"read-more\"> <a class=\"more-link\" href=\"https:\/\/wp.schuetzencorps.de\/?page_id=2738\"> <span class=\"screen-reader-text\">K\u00f6nige 2017.07<\/span> Weiterlesen &raquo;<\/a><\/p>\n","protected":false},"author":1,"featured_media":0,"parent":90,"menu_order":3,"comment_status":"closed","ping_status":"closed","template":"","meta":{"footnotes":""},"class_list":["post-2738","page","type-page","status-publish","hentry"],"_links":{"self":[{"href":"https:\/\/wp.schuetzencorps.de\/index.php?rest_route=\/wp\/v2\/pages\/2738","targetHints":{"allow":["GET"]}}],"collection":[{"href":"https:\/\/wp.schuetzencorps.de\/index.php?rest_route=\/wp\/v2\/pages"}],"about":[{"href":"https:\/\/wp.schuetzencorps.de\/index.php?rest_route=\/wp\/v2\/types\/page"}],"author":[{"embeddable":true,"href":"https:\/\/wp.schuetzencorps.de\/index.php?rest_route=\/wp\/v2\/users\/1"}],"replies":[{"embeddable":true,"href":"https:\/\/wp.schuetzencorps.de\/index.php?rest_route=%2Fwp%2Fv2%2Fcomments&post=2738"}],"version-history":[{"count":3,"href":"https:\/\/wp.schuetzencorps.de\/index.php?rest_route=\/wp\/v2\/pages\/2738\/revisions"}],"predecessor-version":[{"id":2782,"href":"https:\/\/wp.schuetzencorps.de\/index.php?rest_route=\/wp\/v2\/pages\/2738\/revisions\/2782"}],"up":[{"embeddable":true,"href":"https:\/\/wp.schuetzencorps.de\/index.php?rest_route=\/wp\/v2\/pages\/90"}],"wp:attachment":[{"href":"https:\/\/wp.schuetzencorps.de\/index.php?rest_route=%2Fwp%2Fv2%2Fmedia&parent=2738"}],"curies":[{"name":"wp","href":"https:\/\/api.w.org\/{rel}","templated":true}]}}