{"id":276,"date":"2016-12-02T13:35:51","date_gmt":"2016-12-02T13:35:51","guid":{"rendered":"http:\/\/wp.schuetzencorps.de\/?page_id=276"},"modified":"2025-05-19T12:39:40","modified_gmt":"2025-05-19T12:39:40","slug":"juniorenpokal","status":"publish","type":"page","link":"https:\/\/wp.schuetzencorps.de\/?page_id=276","title":{"rendered":"Juniorenpokal 2025"},"content":{"rendered":"\r\n<p><strong>Junioren- Pokal- Schie\u00dfen<br \/><\/strong>Sonnabend, 05. Juli 2025 in der Schie\u00dfsporthalle am Heisterkamp<\/p>\r\n<ul>\r\n<li>In Zusammenarbeit mit dem Sch\u00fctzencorps der Stadt Bergen und dem Kindersch\u00fctzenfestkomitee wird seit 1995 f\u00fcr die Altersgruppe der Jugendlichen (m\u00e4nnlich und weiblich) zwischen 17 und 20 Jahren ein Junioren-\u00a0Pokalschie\u00dfen durchgef\u00fchrt.<\/li>\r\n<li>Teilnahmeberechtigt sind alle Jugendlichen aus dem Bereich der Stadt Bergen.<\/li>\r\n<li>Dieser Schie\u00dfwettbewerb findet ebenfalls am Sonnabend ab 14.00 Uhr in der Schie\u00dfsporthalle am Heisterkamp statt. Geschossen wird mit dem Kleinkalibergewehr.<\/li>\r\n<li>Die Auswertung erfolgt durch den Einsatz einer geeichten Ringwertemaschine (\u201eTeilermaschine\u201c). Die Auswertung erfolgt nach \u201eTeiler\u201c. Der beste \u201eTeiler\u201c gewinnt.<\/li>\r\n<li>Folgende Preise k\u00f6nnen errungen werden:<br \/><strong>1. Preis:<\/strong> Ein Pokal und 150,00 \u20ac<br \/><strong>2. Preis:<\/strong> Ein Pokal und 100,00 \u20ac<br \/><strong>3. Preis:<\/strong> Ein Pokal und 50,00 \u20ac<\/li>\r\n<\/ul>\r\n<p>Die Preise werden in Form einer Bergen Card vergeben, die in teilnehmenden Gesch\u00e4ften Bergens eingel\u00f6st werden kann. Zus\u00e4tzlich erhalten die Gewinner ein Eintrittsband f\u00fcr die Party am Samstagabend.<\/p>\r\n<p><strong>Ende des Wettbewerbs ist um 16.00 Uhr.<\/strong><\/p>\r\n<p>Preisverleihung 17.00 Uhr im Festzelt<\/p>\r\n","protected":false},"excerpt":{"rendered":"<p>Junioren- Pokal- Schie\u00dfenSonnabend, 05. Juli 2025 in der Schie\u00dfsporthalle am Heisterkamp In Zusammenarbeit mit dem Sch\u00fctzencorps der Stadt Bergen und dem Kindersch\u00fctzenfestkomitee wird seit 1995 f\u00fcr die Altersgruppe der Jugendlichen (m\u00e4nnlich und weiblich) zwischen 17 und 20 Jahren ein Junioren-\u00a0Pokalschie\u00dfen &hellip;<\/p>\n<p class=\"read-more\"> <a class=\"more-link\" href=\"https:\/\/wp.schuetzencorps.de\/?page_id=276\"> <span class=\"screen-reader-text\">Juniorenpokal 2025<\/span> Weiterlesen &raquo;<\/a><\/p>\n","protected":false},"author":1,"featured_media":0,"parent":278,"menu_order":1,"comment_status":"closed","ping_status":"closed","template":"","meta":{"footnotes":""},"class_list":["post-276","page","type-page","status-publish","hentry"],"_links":{"self":[{"href":"https:\/\/wp.schuetzencorps.de\/index.php?rest_route=\/wp\/v2\/pages\/276","targetHints":{"allow":["GET"]}}],"collection":[{"href":"https:\/\/wp.schuetzencorps.de\/index.php?rest_route=\/wp\/v2\/pages"}],"about":[{"href":"https:\/\/wp.schuetzencorps.de\/index.php?rest_route=\/wp\/v2\/types\/page"}],"author":[{"embeddable":true,"href":"https:\/\/wp.schuetzencorps.de\/index.php?rest_route=\/wp\/v2\/users\/1"}],"replies":[{"embeddable":true,"href":"https:\/\/wp.schuetzencorps.de\/index.php?rest_route=%2Fwp%2Fv2%2Fcomments&post=276"}],"version-history":[{"count":12,"href":"https:\/\/wp.schuetzencorps.de\/index.php?rest_route=\/wp\/v2\/pages\/276\/revisions"}],"predecessor-version":[{"id":4155,"href":"https:\/\/wp.schuetzencorps.de\/index.php?rest_route=\/wp\/v2\/pages\/276\/revisions\/4155"}],"up":[{"embeddable":true,"href":"https:\/\/wp.schuetzencorps.de\/index.php?rest_route=\/wp\/v2\/pages\/278"}],"wp:attachment":[{"href":"https:\/\/wp.schuetzencorps.de\/index.php?rest_route=%2Fwp%2Fv2%2Fmedia&parent=276"}],"curies":[{"name":"wp","href":"https:\/\/api.w.org\/{rel}","templated":true}]}}