{"id":2882,"date":"2018-06-09T12:12:08","date_gmt":"2018-06-09T12:12:08","guid":{"rendered":"https:\/\/wp.schuetzencorps.de\/?page_id=2882"},"modified":"2025-05-19T09:00:15","modified_gmt":"2025-05-19T09:00:15","slug":"teilnahmebedingungen","status":"publish","type":"page","link":"https:\/\/wp.schuetzencorps.de\/?page_id=2882","title":{"rendered":"Teilnahmebedingungen"},"content":{"rendered":"\r\n<p><strong>Teilnahmebedingungen\u00a0<br \/><\/strong><strong>f\u00fcr das Schie\u00dfen auf die Stadtk\u00f6nigscheibe<\/strong><\/p>\r\n<p>1) Auf die Stadtk\u00f6nigscheibe kann jeder Einwohner der Stadt Bergen schie\u00dfen, der\u00a0<br \/>\u00a0 \u00a0 a) das 21. Lebensjahr vollendet hat,\u00a0<br \/>\u00a0 \u00a0 b) in der Stadt Bergen (alle Ortschaften) wohnhaft gemeldet ist oder dem Sch\u00fctzencorps angeh\u00f6rt,\u00a0<br \/>\u00a0 \u00a0 c) am Freitag des Sch\u00fctzenfestes um 10:00 Uhr vor dem Rathaus angetreten ist und damit der B\u00fcrgermeisterin seine Teilnahme gemeldet hat und anschlie\u00dfend zusammen mit dem Sch\u00fctzenfestkomitee am gesamten Ummarsch teilnimmt.<\/p>\r\n<p>2) Die K\u00f6nigsw\u00fcrde wird demjenigen Teilnehmer verliehen, der den besten Einzelschuss abgegeben hat.<\/p>\r\n<p>3) K\u00f6nige, die nicht in der Ortschaft Bergen wohnen, m\u00fcssen bei Erringen der K\u00f6nigsw\u00fcrde dort eine provisorische Residenz nehmen.<\/p>\r\n<p>4) Der Stadtk\u00f6nig muss unter Beachtung \u00fcberlieferter Sitten und Gebr\u00e4uche die Bewirtung des Sch\u00fctzenfestkomitees, des Sch\u00fctzencorps und der Musikkapellen vornehmen. Dazu geh\u00f6ren die Bewirtung in der Residenz am:\u00a0<br \/>\u00a0 \u00a0 a) Freitag nach der Proklamation\u00a0<br \/>\u00a0 \u00a0 b) Sonntag nach dem Umzug im Heisterkamp zusammen mit dem Corpsk\u00f6nig\u00a0<br \/>\u00a0 \u00a0 c) Freitagvormittag des folgenden Jahres w\u00e4hrend des Ummarsches.\u00a0<\/p>\r\n<p>5) Der Stadtk\u00f6nig ist verpflichtet, w\u00e4hrend des Sch\u00fctzenfestes und bei anderen Anl\u00e4ssen, zu denen er eingeladen wird, teilzunehmen und die K\u00f6nigskette zu tragen.<\/p>\r\n<p>6) Der Stadtk\u00f6nig erh\u00e4lt eine vom Sch\u00fctzenfestkomitee festgesetzte Entsch\u00e4digung. Alle Kosten, die \u00fcber diesen Betrag hinausgehen, hat er zu tragen.<\/p>\r\n<p>7) W\u00e4hrend seiner Regentschaft geh\u00f6rt der Stadtk\u00f6nig dem Sch\u00fctzenfestkomitee mit beratender Funktion an. Beschl\u00fcsse des Komitees sind f\u00fcr den Stadtk\u00f6nig verbindlich.<\/p>\r\n<p>Aus Gr\u00fcnden der besseren Lesbarkeit wurde im Text die m\u00e4nnliche Form gew\u00e4hlt. Die Angaben beziehen sich jedoch auf Angeh\u00f6rige aller Geschlechter, sofern nicht ausdr\u00fccklich auf ein Geschlecht Bezug genommen wird.<\/p>\r\n<p>29303 Bergen, im Mai 2025<\/p>\r\n<p>Claudia Dettmar-M\u00fcller\u00a0<br \/>B\u00fcrgermeisterin<\/p>\r\n","protected":false},"excerpt":{"rendered":"<p>Teilnahmebedingungen\u00a0f\u00fcr das Schie\u00dfen auf die Stadtk\u00f6nigscheibe 1) Auf die Stadtk\u00f6nigscheibe kann jeder Einwohner der Stadt Bergen schie\u00dfen, der\u00a0\u00a0 \u00a0 a) das 21. Lebensjahr vollendet hat,\u00a0\u00a0 \u00a0 b) in der Stadt Bergen (alle Ortschaften) wohnhaft gemeldet ist oder dem Sch\u00fctzencorps angeh\u00f6rt,\u00a0\u00a0 &hellip;<\/p>\n<p class=\"read-more\"> <a class=\"more-link\" href=\"https:\/\/wp.schuetzencorps.de\/?page_id=2882\"> <span class=\"screen-reader-text\">Teilnahmebedingungen<\/span> Weiterlesen &raquo;<\/a><\/p>\n","protected":false},"author":1,"featured_media":0,"parent":271,"menu_order":0,"comment_status":"closed","ping_status":"closed","template":"","meta":{"footnotes":""},"class_list":["post-2882","page","type-page","status-publish","hentry"],"_links":{"self":[{"href":"https:\/\/wp.schuetzencorps.de\/index.php?rest_route=\/wp\/v2\/pages\/2882","targetHints":{"allow":["GET"]}}],"collection":[{"href":"https:\/\/wp.schuetzencorps.de\/index.php?rest_route=\/wp\/v2\/pages"}],"about":[{"href":"https:\/\/wp.schuetzencorps.de\/index.php?rest_route=\/wp\/v2\/types\/page"}],"author":[{"embeddable":true,"href":"https:\/\/wp.schuetzencorps.de\/index.php?rest_route=\/wp\/v2\/users\/1"}],"replies":[{"embeddable":true,"href":"https:\/\/wp.schuetzencorps.de\/index.php?rest_route=%2Fwp%2Fv2%2Fcomments&post=2882"}],"version-history":[{"count":13,"href":"https:\/\/wp.schuetzencorps.de\/index.php?rest_route=\/wp\/v2\/pages\/2882\/revisions"}],"predecessor-version":[{"id":4132,"href":"https:\/\/wp.schuetzencorps.de\/index.php?rest_route=\/wp\/v2\/pages\/2882\/revisions\/4132"}],"up":[{"embeddable":true,"href":"https:\/\/wp.schuetzencorps.de\/index.php?rest_route=\/wp\/v2\/pages\/271"}],"wp:attachment":[{"href":"https:\/\/wp.schuetzencorps.de\/index.php?rest_route=%2Fwp%2Fv2%2Fmedia&parent=2882"}],"curies":[{"name":"wp","href":"https:\/\/api.w.org\/{rel}","templated":true}]}}