{"id":2889,"date":"2018-06-09T12:49:20","date_gmt":"2018-06-09T12:49:20","guid":{"rendered":"https:\/\/wp.schuetzencorps.de\/?page_id=2889"},"modified":"2025-05-27T05:52:40","modified_gmt":"2025-05-27T05:52:40","slug":"koenige-2018","status":"publish","type":"page","link":"https:\/\/wp.schuetzencorps.de\/?page_id=2889","title":{"rendered":"K\u00f6nige 2018"},"content":{"rendered":"<p><strong>Corpsk\u00f6nig Thomas Aslett<\/strong><br \/>\n1. Minister Stefan Sonnenberg<br \/>\n2. Minister Jens Henrik Hoopmann<\/p>\n<p><strong>Lederorden\u00a0<\/strong>G\u00f6tz Holtz<\/p>\n<p><strong>Stadtk\u00f6nig Lars L\u00fcpke<\/strong><br \/>\n1. Minister Patrick Marquardt<br \/>\n2. Minister Peter Alms<\/p>\n<p><strong>Kinderk\u00f6nig Walid Shani Bagi<br \/>\n<\/strong>1. Minister Ghazi Shani Bagi<br \/>\n2. Minister Jefrem Ercin<\/p>\n<div>\n<p><strong>Kinderk\u00f6nigin Kishia Ninche<\/strong><br \/>\n1. Minister Nahid Babai<br \/>\n2. Minister Lea Hartmann<\/p>\n<p><strong>Jugendk\u00f6nig Maximo Bamberg<\/strong><br \/>\n1. Minister Marcel Ziemke<br \/>\n2. Minister Nils Sommer<\/p>\n<p><strong>Jugendk\u00f6nigin Lea-Louise Hooley<\/strong><br \/>\n1. Minister Johanna Binder<br \/>\n2. Minister Lucy Scheel<\/p>\n<p><strong>Jugendpokal<\/strong><br \/>\n1. Timo H\u00e4nsel<br \/>\n2. Schechhaso Tatyan<br \/>\n3. Nina Sommer<\/p>\n<p><strong>Damenpokal<\/strong><br \/>\n1. Monika Dressler<br \/>\n2. Beke Grahler<br \/>\n3. Silvia Buhr<\/p>\n<p><strong>G\u00e4stepokal<\/strong> (gestiftet von )<br \/>\n1. Thomas Weide<br \/>\n2. Christian Waldow<br \/>\n3. Bernd Bizio<\/p>\n<p><strong>Pokalorden<\/strong><br \/>\n1. Chris Gijzemeijter<br \/>\n2. Lennart Heers<br \/>\n3. Andreas Hemme<\/p>\n<p><strong>Pembroke-Orden<\/strong>: Henrik Kohlmann<\/p>\n<p><strong>Srem-Scheibe:<\/strong> Matthias Gehnke<\/p>\n<p><strong>Einschie\u00dfen 01.07.2018<\/strong><\/p>\n<p>1. Uwe Cassube 36 (12-12-12-12-12-12)<br \/>\n2. Reinhard Runge 36 (12-12-12-12-11-12-12-12-11-11)<br \/>\n3. Michael Schmidt 36 (12-12-12-12-11-12-12-12-11-10)<br \/>\n4. Tim Nijs 36 (12-12-12-12-11-12-11-12-11)<br \/>\n5. Markus Meyerholz 36 (12-12-12-12-11-11)<br \/>\n6. Thomas Hartung 36 (12-12-12-11-12-12)<br \/>\n7. Dennis Hallmann 36 (12-12-11-12-12-10)<br \/>\n8. Hagen Winterhoff 36 (12-12-11-12-10-11)<br \/>\n9. Horst-Dieter Meyerholz 36 (12-12-11-11-12-11)<br \/>\n10. Carsten Siekmann 36 (12-11-11-12-11-11)<\/p>\n<\/div>\n","protected":false},"excerpt":{"rendered":"<p>Corpsk\u00f6nig Thomas Aslett 1. Minister Stefan Sonnenberg 2. Minister Jens Henrik Hoopmann Lederorden\u00a0G\u00f6tz Holtz Stadtk\u00f6nig Lars L\u00fcpke 1. Minister Patrick Marquardt 2. Minister Peter Alms Kinderk\u00f6nig Walid Shani Bagi 1. Minister Ghazi Shani Bagi 2. Minister Jefrem Ercin Kinderk\u00f6nigin Kishia &hellip;<\/p>\n<p class=\"read-more\"> <a class=\"more-link\" href=\"https:\/\/wp.schuetzencorps.de\/?page_id=2889\"> <span class=\"screen-reader-text\">K\u00f6nige 2018<\/span> Weiterlesen &raquo;<\/a><\/p>\n","protected":false},"author":1,"featured_media":0,"parent":0,"menu_order":2,"comment_status":"closed","ping_status":"closed","template":"","meta":{"footnotes":""},"class_list":["post-2889","page","type-page","status-publish","hentry"],"_links":{"self":[{"href":"https:\/\/wp.schuetzencorps.de\/index.php?rest_route=\/wp\/v2\/pages\/2889","targetHints":{"allow":["GET"]}}],"collection":[{"href":"https:\/\/wp.schuetzencorps.de\/index.php?rest_route=\/wp\/v2\/pages"}],"about":[{"href":"https:\/\/wp.schuetzencorps.de\/index.php?rest_route=\/wp\/v2\/types\/page"}],"author":[{"embeddable":true,"href":"https:\/\/wp.schuetzencorps.de\/index.php?rest_route=\/wp\/v2\/users\/1"}],"replies":[{"embeddable":true,"href":"https:\/\/wp.schuetzencorps.de\/index.php?rest_route=%2Fwp%2Fv2%2Fcomments&post=2889"}],"version-history":[{"count":12,"href":"https:\/\/wp.schuetzencorps.de\/index.php?rest_route=\/wp\/v2\/pages\/2889\/revisions"}],"predecessor-version":[{"id":3531,"href":"https:\/\/wp.schuetzencorps.de\/index.php?rest_route=\/wp\/v2\/pages\/2889\/revisions\/3531"}],"wp:attachment":[{"href":"https:\/\/wp.schuetzencorps.de\/index.php?rest_route=%2Fwp%2Fv2%2Fmedia&parent=2889"}],"curies":[{"name":"wp","href":"https:\/\/api.w.org\/{rel}","templated":true}]}}