{"id":3059,"date":"2019-06-25T08:38:14","date_gmt":"2019-06-25T08:38:14","guid":{"rendered":"https:\/\/wp.schuetzencorps.de\/?page_id=3059"},"modified":"2025-05-27T05:52:32","modified_gmt":"2025-05-27T05:52:32","slug":"koenige-2019","status":"publish","type":"page","link":"https:\/\/wp.schuetzencorps.de\/?page_id=3059","title":{"rendered":"K\u00f6nige 2019"},"content":{"rendered":"<p><strong>Corpsk\u00f6nig Roman Aslett<\/strong><br \/>\n1. Minister Horst-Dieter Meyerholz<br \/>\n2. Minister Benjamin Hohls<\/p>\n<p><strong>Lederorden Jan Fischer<\/strong><\/p>\n<p><strong>Stadtk\u00f6nig Jan Schwarze<\/strong><br \/>\n1. Minister Thomas Hartung<br \/>\n2. Minister Rainer Kirchhoff<\/p>\n<p><strong>Kinderk\u00f6nig Marcel Drews<br \/>\n<\/strong>1. Minister Dio Bellos<br \/>\n2. Minister Joost Hoopmann<\/p>\n<div>\n<p><strong>Kinderk\u00f6nigin Kishia Niche<\/strong><br \/>\n1. Minister Chantal Fendt<br \/>\n2. Minister Evin Alptekin<\/p>\n<p><strong>Jugendk\u00f6nig Julian Wolf<\/strong><br \/>\n1. Minister Liam Nijkamp<br \/>\n2. Minister Cuwan Yavsan<\/p>\n<p><strong>Jugendk\u00f6nigin Lina Hoheisel<\/strong><br \/>\n1. Minister Wadfa Shanibagi<br \/>\n2. Minister Tibelya Erein<\/p>\n<p><strong>Jugendpokal <\/strong><br \/>\n1. Christoph Eichst\u00e4dt<br \/>\n2. Nina Sommer<br \/>\n3. Johanna Binder<\/p>\n<p><strong>Damenpokal<\/strong><br \/>\n1. Elke Wlodarz<br \/>\n2. Jeanice Tierney<br \/>\n3. Christiane H\u00f6ft<\/p>\n<p><strong>G\u00e4stepokal<\/strong> (gestiftet von St\u00e4dtegemeinschaft Hendrik-Ido-Ambacht &amp; Bergen)<br \/>\n1. Heinz Dankert<\/p>\n<p><strong>G\u00e4steorden<br \/>\n<\/strong>1. Artur Osinski<br \/>\n2. Miroslaw Dolata<br \/>\n3. Stanislaw Plejniczak<\/p>\n<p><strong>Pokalorden<\/strong><br \/>\n1. Steffen B\u00f6hm<br \/>\n2. Niklas Meyerholz<br \/>\n3. Alexander Ruppert<\/p>\n<p><strong>Pembroke-Orden<\/strong>: Holger Thiel<\/p>\n<p><strong>Srem-Scheibe:<\/strong> Bernhard Mohr<\/p>\n<p><strong>Einschie\u00dfen 30.06.2019<br \/>\n<\/strong>1. Mark Stouten<br \/>\n2. Udo Ebel<br \/>\n3. Max Grahler<br \/>\n4. Willi Alms<br \/>\n5. Jens-Henrik Hoopmann<br \/>\n6. Henrik Kohlmann<br \/>\n7. Holger Thiel<br \/>\n8. Ramon Guse<br \/>\n9. Klaus Meier<br \/>\n10. Matthias Ebel<\/p>\n<\/div>\n","protected":false},"excerpt":{"rendered":"<p>Corpsk\u00f6nig Roman Aslett 1. Minister Horst-Dieter Meyerholz 2. Minister Benjamin Hohls Lederorden Jan Fischer Stadtk\u00f6nig Jan Schwarze 1. Minister Thomas Hartung 2. Minister Rainer Kirchhoff Kinderk\u00f6nig Marcel Drews 1. Minister Dio Bellos 2. Minister Joost Hoopmann Kinderk\u00f6nigin Kishia Niche 1. &hellip;<\/p>\n<p class=\"read-more\"> <a class=\"more-link\" href=\"https:\/\/wp.schuetzencorps.de\/?page_id=3059\"> <span class=\"screen-reader-text\">K\u00f6nige 2019<\/span> Weiterlesen &raquo;<\/a><\/p>\n","protected":false},"author":1,"featured_media":0,"parent":0,"menu_order":1,"comment_status":"closed","ping_status":"closed","template":"","meta":{"footnotes":""},"class_list":["post-3059","page","type-page","status-publish","hentry"],"_links":{"self":[{"href":"https:\/\/wp.schuetzencorps.de\/index.php?rest_route=\/wp\/v2\/pages\/3059","targetHints":{"allow":["GET"]}}],"collection":[{"href":"https:\/\/wp.schuetzencorps.de\/index.php?rest_route=\/wp\/v2\/pages"}],"about":[{"href":"https:\/\/wp.schuetzencorps.de\/index.php?rest_route=\/wp\/v2\/types\/page"}],"author":[{"embeddable":true,"href":"https:\/\/wp.schuetzencorps.de\/index.php?rest_route=\/wp\/v2\/users\/1"}],"replies":[{"embeddable":true,"href":"https:\/\/wp.schuetzencorps.de\/index.php?rest_route=%2Fwp%2Fv2%2Fcomments&post=3059"}],"version-history":[{"count":12,"href":"https:\/\/wp.schuetzencorps.de\/index.php?rest_route=\/wp\/v2\/pages\/3059\/revisions"}],"predecessor-version":[{"id":3530,"href":"https:\/\/wp.schuetzencorps.de\/index.php?rest_route=\/wp\/v2\/pages\/3059\/revisions\/3530"}],"wp:attachment":[{"href":"https:\/\/wp.schuetzencorps.de\/index.php?rest_route=%2Fwp%2Fv2%2Fmedia&parent=3059"}],"curies":[{"name":"wp","href":"https:\/\/api.w.org\/{rel}","templated":true}]}}