{"id":3074,"date":"2019-07-02T18:17:05","date_gmt":"2019-07-02T18:17:05","guid":{"rendered":"https:\/\/wp.schuetzencorps.de\/?page_id=3074"},"modified":"2022-06-23T11:06:53","modified_gmt":"2022-06-23T11:06:53","slug":"koenigsfruehstueck","status":"publish","type":"page","link":"https:\/\/wp.schuetzencorps.de\/?page_id=3074","title":{"rendered":"K\u00f6nige 2019.07"},"content":{"rendered":"<p><strong>K\u00f6nigsfr\u00fchst\u00fcck 2019<\/strong><\/p>\n<p><a href=\"https:\/\/wp.schuetzencorps.de\/wp-content\/uploads\/2019\/07\/2019-Koenigsfruehstueck.jpg\" target=\"_blank\" rel=\"noopener noreferrer\" data-rel=\"lightbox-image-0\" data-rl_title=\"\" data-rl_caption=\"\" title=\"\"><img loading=\"lazy\" decoding=\"async\" width=\"800\" height=\"493\" class=\"alignnone wp-image-3075\" alt=\"\" src=\"https:\/\/wp.schuetzencorps.de\/wp-content\/uploads\/2019\/07\/2019-Koenigsfruehstueck-700x431.jpg\" srcset=\"https:\/\/wp.schuetzencorps.de\/wp-content\/uploads\/2019\/07\/2019-Koenigsfruehstueck-700x431.jpg 700w, https:\/\/wp.schuetzencorps.de\/wp-content\/uploads\/2019\/07\/2019-Koenigsfruehstueck-300x185.jpg 300w, https:\/\/wp.schuetzencorps.de\/wp-content\/uploads\/2019\/07\/2019-Koenigsfruehstueck-768x473.jpg 768w, https:\/\/wp.schuetzencorps.de\/wp-content\/uploads\/2019\/07\/2019-Koenigsfruehstueck-100x62.jpg 100w, https:\/\/wp.schuetzencorps.de\/wp-content\/uploads\/2019\/07\/2019-Koenigsfruehstueck-150x92.jpg 150w, https:\/\/wp.schuetzencorps.de\/wp-content\/uploads\/2019\/07\/2019-Koenigsfruehstueck-200x123.jpg 200w, https:\/\/wp.schuetzencorps.de\/wp-content\/uploads\/2019\/07\/2019-Koenigsfruehstueck-450x277.jpg 450w, https:\/\/wp.schuetzencorps.de\/wp-content\/uploads\/2019\/07\/2019-Koenigsfruehstueck-600x370.jpg 600w, https:\/\/wp.schuetzencorps.de\/wp-content\/uploads\/2019\/07\/2019-Koenigsfruehstueck-900x555.jpg 900w\" sizes=\"auto, (max-width: 800px) 100vw, 800px\" \/><\/a><br \/>\nBild: Hermann Hiestermann<\/p>\n<p><strong>Oberste Reihe stehend von links:<\/strong><br \/>\nBurkhard Eilmes, Frederik Zink, Hermann Lampe, Dirk Herrmann, Olaf Carstensen, G\u00f6tz Holtz, Holger Friedrichs, Hagen Rodehorst, Jens-Henrik Hoopmann, J\u00f6rg Denecke-Nehm, Hartmut Ebel<br \/>\n<strong>Obere Reihe stehend von links:<\/strong><br \/>\nEhrhard Brammer, Peter Meinecke, Karl-Otto Hohls, Dr. Jan Schmidt, Friedrich-Wilhelm Hartung, Wolfgang Guse, Albrecht Fienemann, Karl-Heinz Grethen, Wolfgang Busse, Dr. Ulrich Sander, Hans-Herbert Dressler<br \/>\n<strong>Stehend von links:<\/strong><br \/>\nWolfgang Gallasch, Dieter Heine, Dieter Sobczak, Thomas Timme, Jan Fischer, Niklas Meyerholz, Thomas Aslett, Dr. Lars L\u00fcpke, Wilhelm Heers, J\u00fcrgen-Heinrich Hoopmann, Horst-Dieter Meyerholz, Holger Thiel<br \/>\n<strong>Sitzend von links:<\/strong><br \/>\nHenning H\u00f6per, G\u00fcnther Lange, Otto Timme, Friedrich Winternheimer, G\u00fcnther Nehm, R\u00fcdiger Sonnenberg, Dirk Meinecke, Werner Grethen, Willi Alms jun., Wolfgang Rust<\/p>\n<p><strong>Es fehlen:<\/strong><br \/>\nHendrik Alms, Klaus-Heinrich Alms, Carl-Otto Dittmann, Karl Fienemann, Bastian Majehrke, Henning Ohlhoff, Werner Sch\u00e4fer, Wolfgang Schlage, Michael Schmidt<\/p>\n<p><strong>allgemeine Informationen Stand 02.07.2019<\/strong><br \/>\n29 Corpsk\u00f6nige (lebend) seit 1950 im Corps<br \/>\n32 Stadtk\u00f6nige (lebend) seit 1950 im Corps<br \/>\nDurch Erlangen der K\u00f6nigsw\u00fcrde 2-fach Corps- oder Stadtk\u00f6nig bzw. Stadt- und Corpsk\u00f6nig sind Stand 02.07.2019 insgesamt 53 lebende K\u00f6nige im Corps!<\/p>\n","protected":false},"excerpt":{"rendered":"<p>K\u00f6nigsfr\u00fchst\u00fcck 2019 Bild: Hermann Hiestermann Oberste Reihe stehend von links: Burkhard Eilmes, Frederik Zink, Hermann Lampe, Dirk Herrmann, Olaf Carstensen, G\u00f6tz Holtz, Holger Friedrichs, Hagen Rodehorst, Jens-Henrik Hoopmann, J\u00f6rg Denecke-Nehm, Hartmut Ebel Obere Reihe stehend von links: Ehrhard Brammer, Peter &hellip;<\/p>\n<p class=\"read-more\"> <a class=\"more-link\" href=\"https:\/\/wp.schuetzencorps.de\/?page_id=3074\"> <span class=\"screen-reader-text\">K\u00f6nige 2019.07<\/span> Weiterlesen &raquo;<\/a><\/p>\n","protected":false},"author":1,"featured_media":0,"parent":90,"menu_order":4,"comment_status":"closed","ping_status":"closed","template":"","meta":{"footnotes":""},"class_list":["post-3074","page","type-page","status-publish","hentry"],"_links":{"self":[{"href":"https:\/\/wp.schuetzencorps.de\/index.php?rest_route=\/wp\/v2\/pages\/3074","targetHints":{"allow":["GET"]}}],"collection":[{"href":"https:\/\/wp.schuetzencorps.de\/index.php?rest_route=\/wp\/v2\/pages"}],"about":[{"href":"https:\/\/wp.schuetzencorps.de\/index.php?rest_route=\/wp\/v2\/types\/page"}],"author":[{"embeddable":true,"href":"https:\/\/wp.schuetzencorps.de\/index.php?rest_route=\/wp\/v2\/users\/1"}],"replies":[{"embeddable":true,"href":"https:\/\/wp.schuetzencorps.de\/index.php?rest_route=%2Fwp%2Fv2%2Fcomments&post=3074"}],"version-history":[{"count":8,"href":"https:\/\/wp.schuetzencorps.de\/index.php?rest_route=\/wp\/v2\/pages\/3074\/revisions"}],"predecessor-version":[{"id":3819,"href":"https:\/\/wp.schuetzencorps.de\/index.php?rest_route=\/wp\/v2\/pages\/3074\/revisions\/3819"}],"up":[{"embeddable":true,"href":"https:\/\/wp.schuetzencorps.de\/index.php?rest_route=\/wp\/v2\/pages\/90"}],"wp:attachment":[{"href":"https:\/\/wp.schuetzencorps.de\/index.php?rest_route=%2Fwp%2Fv2%2Fmedia&parent=3074"}],"curies":[{"name":"wp","href":"https:\/\/api.w.org\/{rel}","templated":true}]}}