{"id":3527,"date":"2022-06-23T05:40:18","date_gmt":"2022-06-23T05:40:18","guid":{"rendered":"https:\/\/wp.schuetzencorps.de\/?page_id=3527"},"modified":"2022-07-10T12:44:42","modified_gmt":"2022-07-10T12:44:42","slug":"koenige-2022","status":"publish","type":"page","link":"https:\/\/wp.schuetzencorps.de\/?page_id=3527","title":{"rendered":"K\u00f6nige 2022"},"content":{"rendered":"\n<p><strong>Corpsk\u00f6nig Stefan Sonnenberg<\/strong><br \/>1. Minister Henning Ohlhoff <br \/>2. Minister Dirk Herrmann <\/p>\n\n\n\n<p><strong>Lederorden Thomas Aslett <\/strong><\/p>\n\n\n\n<p><strong>Stadtk\u00f6nig Harry Bade-Sell<\/strong><br \/>1. Minister Thomas Hartung<br \/>2. Minister Julian Rodemann <\/p>\n\n\n\n<p><strong>Kinderk\u00f6nig Fiete Schmidt <br \/><\/strong>1. Minister Jonah Sch\u00e4kel<br \/>2. Minister Liam Winkelmann<\/p>\n\n\n\n<p><strong>Jugendk\u00f6nig Klaudia Haratym<\/strong> <br \/>1. Minister Maximo Bamberg <br \/>2. Minister Taron Michaelis<\/p>\n\n\n\n<p><strong>Juniorenpokal<\/strong> <br \/>1. Platz Alexander Mizel<br \/>2. Platz Moritz Poeck<br \/>3. Platz Delil Sacik<\/p>\n\n\n\n<p><strong>Damenpokal<\/strong><br \/>1. Katharina Hoopmann<br \/>2. Annika Behrens<br \/>3. Christiane H\u00f6ft<\/p>\n\n\n\n<p><strong>G\u00e4stepokal<\/strong> (gestiftet von Claudia Dettmar-M\u00fcller)<br \/>1. Stefan Sch\u00e4fer <\/p>\n\n\n\n<p><strong>G\u00e4steorden<br \/><\/strong>1. <br \/>2. <br \/>3. <\/p>\n\n\n\n<p><strong>Pokalorden<\/strong><br \/>1. <br \/>2. <br \/>3. <\/p>\n\n\n\n<p><strong>Pembroke-Orden<\/strong>: Janik Thurmann<\/p>\n\n\n\n<p><strong>Srem-Scheibe:<\/strong>&nbsp;<\/p>\n\n\n\n<p><strong>Einschie\u00dfen 03.07.2022<\/strong><\/p>\n\n\n\n<p>Platz Name (Ergebnis) Stechsch\u00fcsse<\/p>\n\n\n\n<p>1. Thomas Hartung (36) 12-12-12-12-12-11<br \/>2. Michael Goroll (36) 12-12-12-11-12-10<br \/>3. Henrik Kohlmann (36) 12-12-11-12-12-12<br \/>4. Holger Thiel (36) 12-12-11-12-10-10<br \/>5. Jan Schmidt (36) 12-12-11-11-12-12<br \/>6. Niklas Meyerholz (36) 11-12-12-12-12-11<br \/>7. Holger Friedrichs (36) 11-12-11-12-12-12<br \/>8. Lars L\u00fcpke (35) 12-12-12-11-11<br \/>9. Uwe Cassube (35) 12-12-11-12-12<br \/>10. Tim Ritterbusch (35) 12-11-12-11-12<\/p>\n\n\n\n<p><\/p>\n","protected":false},"excerpt":{"rendered":"<p>Corpsk\u00f6nig Stefan Sonnenberg1. Minister Henning Ohlhoff 2. Minister Dirk Herrmann Lederorden Thomas Aslett Stadtk\u00f6nig Harry Bade-Sell1. Minister Thomas Hartung2. Minister Julian Rodemann Kinderk\u00f6nig Fiete Schmidt 1. Minister Jonah Sch\u00e4kel2. Minister Liam Winkelmann Jugendk\u00f6nig Klaudia Haratym 1. Minister Maximo Bamberg 2. &hellip;<\/p>\n<p class=\"read-more\"> <a class=\"more-link\" href=\"https:\/\/wp.schuetzencorps.de\/?page_id=3527\"> <span class=\"screen-reader-text\">K\u00f6nige 2022<\/span> Weiterlesen &raquo;<\/a><\/p>\n","protected":false},"author":1,"featured_media":0,"parent":0,"menu_order":0,"comment_status":"closed","ping_status":"closed","template":"","meta":{"footnotes":""},"class_list":["post-3527","page","type-page","status-publish","hentry"],"_links":{"self":[{"href":"https:\/\/wp.schuetzencorps.de\/index.php?rest_route=\/wp\/v2\/pages\/3527","targetHints":{"allow":["GET"]}}],"collection":[{"href":"https:\/\/wp.schuetzencorps.de\/index.php?rest_route=\/wp\/v2\/pages"}],"about":[{"href":"https:\/\/wp.schuetzencorps.de\/index.php?rest_route=\/wp\/v2\/types\/page"}],"author":[{"embeddable":true,"href":"https:\/\/wp.schuetzencorps.de\/index.php?rest_route=\/wp\/v2\/users\/1"}],"replies":[{"embeddable":true,"href":"https:\/\/wp.schuetzencorps.de\/index.php?rest_route=%2Fwp%2Fv2%2Fcomments&post=3527"}],"version-history":[{"count":23,"href":"https:\/\/wp.schuetzencorps.de\/index.php?rest_route=\/wp\/v2\/pages\/3527\/revisions"}],"predecessor-version":[{"id":3566,"href":"https:\/\/wp.schuetzencorps.de\/index.php?rest_route=\/wp\/v2\/pages\/3527\/revisions\/3566"}],"wp:attachment":[{"href":"https:\/\/wp.schuetzencorps.de\/index.php?rest_route=%2Fwp%2Fv2%2Fmedia&parent=3527"}],"curies":[{"name":"wp","href":"https:\/\/api.w.org\/{rel}","templated":true}]}}