{"id":3758,"date":"2023-06-26T10:02:38","date_gmt":"2023-06-26T10:02:38","guid":{"rendered":"https:\/\/wp.schuetzencorps.de\/?page_id=3758"},"modified":"2023-07-11T11:28:12","modified_gmt":"2023-07-11T11:28:12","slug":"koenige-2023","status":"publish","type":"page","link":"https:\/\/wp.schuetzencorps.de\/?page_id=3758","title":{"rendered":"K\u00f6nige 2023"},"content":{"rendered":"\n<p><strong>Corpsk\u00f6nig<\/strong> <strong>Henrik Kohlmann<\/strong><br>1. Minister Frederik Zink<br>2. Minister Udo Ebel <\/p>\n\n\n\n<p><strong>Lederorden:<\/strong> <br>Bernhard Mohr<\/p>\n\n\n\n<p><strong>Stadtk\u00f6nigin Claudia Dettmar-M\u00fcller<\/strong><br>1. Minister Jan Schmidt <br>2. Minister Hans-Joachim Falk <\/p>\n\n\n\n<p><strong>Kinderk\u00f6nig:in Hanna Neuendorf  <br><\/strong>1. Minister:in Kiyano Bremer <br>2. Minister:in Joshua Heinrich Dehning<\/p>\n\n\n\n<p><strong>Jugendk\u00f6nig:in Matthis Ull <\/strong><br>1. Minister:in Janthe Hoopmann <br>2. Minister:in Taylor Bremer <\/p>\n\n\n\n<p><strong>Juniorenpokal<\/strong><br>1. Liam Nijkamp <br>2. Maximo Bamberg <br>3. Bennet Fischer <\/p>\n\n\n\n<p><strong>Damenpokal<\/strong><br>1. Anne Sell <br>2. Ulrike Soldan <br>3. Susanne Ohlhoff<\/p>\n\n\n\n<p><strong>G\u00e4stepokal<\/strong>\u00a0(gestiftet von OTL B\u00f6ker-Kdt Tr\u00dcbPIKdtr Bergen)<br>Holger Stolzmann<\/p>\n\n\n\n<p><strong>Pokalorden<\/strong><br>1. Lars L\u00fcpke <br>2. Matze Gehnke <br>3. Mathias Ebel <\/p>\n\n\n\n<p><strong>Pembroke-Orden<\/strong>: <br>Ayhan Sacik<\/p>\n\n\n\n<p><strong>Einschie\u00dfen 02.07.2023:<\/strong><br>Platz Name (Ergebnis) Stechsch\u00fcsse<br>1. Uwe Cassube (36) 12-12-12-12-12-11 <br>2. Niklas Meyerholz (36) 12-12-11-12-11-12 <br>3. Marcus Ebel (36) 12-11-12-12-12-11 <br>4. Andre Kuske (36) 12-11-11-11-12-10 <br>5. Joachim Koscielny (36) 11-12-11-11-12-11 <br>6. Frederik Zink (36) 10-12-10-12-11-10 <br>7. Rolf Dittmann (36) 10-11-12-12-10-10 <br>8. Ayhan Sacik (35) 12-12-12-10-11 <br>9. Fabian Ahrens (35) 12-11-11-10-12 <br>10. Michael Schmidt (35) 11-12-12-12-11<\/p>\n","protected":false},"excerpt":{"rendered":"<p>Corpsk\u00f6nig Henrik Kohlmann1. Minister Frederik Zink2. Minister Udo Ebel Lederorden: Bernhard Mohr Stadtk\u00f6nigin Claudia Dettmar-M\u00fcller1. Minister Jan Schmidt 2. Minister Hans-Joachim Falk Kinderk\u00f6nig:in Hanna Neuendorf 1. Minister:in Kiyano Bremer 2. Minister:in Joshua Heinrich Dehning Jugendk\u00f6nig:in Matthis Ull 1. Minister:in Janthe &hellip;<\/p>\n<p class=\"read-more\"> <a class=\"more-link\" href=\"https:\/\/wp.schuetzencorps.de\/?page_id=3758\"> <span class=\"screen-reader-text\">K\u00f6nige 2023<\/span> Weiterlesen &raquo;<\/a><\/p>\n","protected":false},"author":1,"featured_media":0,"parent":0,"menu_order":0,"comment_status":"closed","ping_status":"closed","template":"","meta":{"footnotes":""},"class_list":["post-3758","page","type-page","status-publish","hentry"],"_links":{"self":[{"href":"https:\/\/wp.schuetzencorps.de\/index.php?rest_route=\/wp\/v2\/pages\/3758","targetHints":{"allow":["GET"]}}],"collection":[{"href":"https:\/\/wp.schuetzencorps.de\/index.php?rest_route=\/wp\/v2\/pages"}],"about":[{"href":"https:\/\/wp.schuetzencorps.de\/index.php?rest_route=\/wp\/v2\/types\/page"}],"author":[{"embeddable":true,"href":"https:\/\/wp.schuetzencorps.de\/index.php?rest_route=\/wp\/v2\/users\/1"}],"replies":[{"embeddable":true,"href":"https:\/\/wp.schuetzencorps.de\/index.php?rest_route=%2Fwp%2Fv2%2Fcomments&post=3758"}],"version-history":[{"count":17,"href":"https:\/\/wp.schuetzencorps.de\/index.php?rest_route=\/wp\/v2\/pages\/3758\/revisions"}],"predecessor-version":[{"id":3794,"href":"https:\/\/wp.schuetzencorps.de\/index.php?rest_route=\/wp\/v2\/pages\/3758\/revisions\/3794"}],"wp:attachment":[{"href":"https:\/\/wp.schuetzencorps.de\/index.php?rest_route=%2Fwp%2Fv2%2Fmedia&parent=3758"}],"curies":[{"name":"wp","href":"https:\/\/api.w.org\/{rel}","templated":true}]}}