{"id":3820,"date":"2023-07-27T05:58:47","date_gmt":"2023-07-27T05:58:47","guid":{"rendered":"https:\/\/wp.schuetzencorps.de\/?page_id=3820"},"modified":"2025-05-27T05:56:54","modified_gmt":"2025-05-27T05:56:54","slug":"koenige-2023-07","status":"publish","type":"page","link":"https:\/\/wp.schuetzencorps.de\/?page_id=3820","title":{"rendered":"K\u00f6nige 2023.07"},"content":{"rendered":"\n<figure class=\"wp-block-image size-large is-resized\"><a href=\"https:\/\/wp.schuetzencorps.de\/wp-content\/uploads\/2023\/07\/2023-07-02-Koenigsfruehstueck-2023-scaled.jpg\" target=\"_blank\" rel=\"noreferrer noopener\" data-rel=\"lightbox-image-0\" data-rl_title=\"\" data-rl_caption=\"\" title=\"\"><img loading=\"lazy\" decoding=\"async\" src=\"https:\/\/wp.schuetzencorps.de\/wp-content\/uploads\/2023\/07\/2023-07-02-Koenigsfruehstueck-2023-700x467.jpg\" alt=\"\" class=\"wp-image-3821\" width=\"840\" height=\"560\" srcset=\"https:\/\/wp.schuetzencorps.de\/wp-content\/uploads\/2023\/07\/2023-07-02-Koenigsfruehstueck-2023-700x467.jpg 700w, https:\/\/wp.schuetzencorps.de\/wp-content\/uploads\/2023\/07\/2023-07-02-Koenigsfruehstueck-2023-300x200.jpg 300w, https:\/\/wp.schuetzencorps.de\/wp-content\/uploads\/2023\/07\/2023-07-02-Koenigsfruehstueck-2023-768x513.jpg 768w, https:\/\/wp.schuetzencorps.de\/wp-content\/uploads\/2023\/07\/2023-07-02-Koenigsfruehstueck-2023-1536x1025.jpg 1536w, https:\/\/wp.schuetzencorps.de\/wp-content\/uploads\/2023\/07\/2023-07-02-Koenigsfruehstueck-2023-2048x1367.jpg 2048w, https:\/\/wp.schuetzencorps.de\/wp-content\/uploads\/2023\/07\/2023-07-02-Koenigsfruehstueck-2023-100x67.jpg 100w, https:\/\/wp.schuetzencorps.de\/wp-content\/uploads\/2023\/07\/2023-07-02-Koenigsfruehstueck-2023-150x100.jpg 150w, https:\/\/wp.schuetzencorps.de\/wp-content\/uploads\/2023\/07\/2023-07-02-Koenigsfruehstueck-2023-200x133.jpg 200w, https:\/\/wp.schuetzencorps.de\/wp-content\/uploads\/2023\/07\/2023-07-02-Koenigsfruehstueck-2023-450x300.jpg 450w, https:\/\/wp.schuetzencorps.de\/wp-content\/uploads\/2023\/07\/2023-07-02-Koenigsfruehstueck-2023-600x400.jpg 600w, https:\/\/wp.schuetzencorps.de\/wp-content\/uploads\/2023\/07\/2023-07-02-Koenigsfruehstueck-2023-900x601.jpg 900w\" sizes=\"auto, (max-width: 840px) 100vw, 840px\" \/><\/a><\/figure>\n\n\n\n<p>(Bild: Hermann Hiestermann) <\/p>\n\n\n\n<p><strong><u>8. K\u00f6nigsfr\u00fchst\u00fcck 2023<\/u><\/strong><\/p>\n\n\n\n<p>Oberste Reihe stehend von links:<br>Niklas Meyerholz, Roman Aslett, Frederik Zink, Horst-Dieter Meyerholz, Hagen Rodehorst, Holger Thiel, Burkhard Eilmes, Henning Ohlhoff, Stefan Sonnenberg, Dirk Herrmann,<\/p>\n\n\n\n<p>Obere Reihe stehend von links:<br>Wilhelm Heers, Karl-Otto Hohls, Peter Meinecke, Hermann Lampe, Jan Schmidt, J\u00f6rg Denecke-Nehm, Thomas Timme, Harry Bade-Sell, Wolfgang Gallasch, Holger Friedrichs,<\/p>\n\n\n\n<p>Stehend von links:<br>Dieter Sobczak, Hans-Herbert Dressler, G\u00f6tz Holtz, Albrecht Fienemann, Wolfgang Guse, Michael Schmidt, Willi Alms jun., Dr. Ulrich Sander, Dr. Lars L\u00fcpke, Ehrhard Brammer, Werner Grethen,<\/p>\n\n\n\n<p>Sitzend von links:<br>Olaf Carstensen, Henning H\u00f6per, Wolfgang Rust, Wolfgang Busse, G\u00fcnther Lange, R\u00fcdiger Sonnenberg, Hartmut Ebel, Karl-Heinz Grethen, Karl Fienemann, Friedrich Winternheimer<\/p>\n\n\n\n<p>Es fehlen:<br>Hendrik Alms, Klaus-Heinrich Alms, Bastian Majehrke, Jan Fischer, Thomas Aslett, J\u00fcrgen-Heinrich Hoopmann, Otto Timme, Dirk Meinecke, Jens-Henrik Hoopmann, Jan Schwarze<\/p>\n\n\n\n<p>Allgemeine Informationen Stand 04.07.2023: <br>29 Corpsk\u00f6nige (lebend) seit 1950 im Corps<br>30 Stadtk\u00f6nige (lebend) seit 1950 im Corps<\/p>\n\n\n\n<p>Durch Erlangen der K\u00f6nigsw\u00fcrde 2-fach Corps- oder Stadtk\u00f6nig bzw. Stadt- und Corpsk\u00f6nig sind Stand 04.07.2023 insgesamt 51 lebende K\u00f6nige im Corps!<\/p>\n","protected":false},"excerpt":{"rendered":"<p>(Bild: Hermann Hiestermann) 8. K\u00f6nigsfr\u00fchst\u00fcck 2023 Oberste Reihe stehend von links:Niklas Meyerholz, Roman Aslett, Frederik Zink, Horst-Dieter Meyerholz, Hagen Rodehorst, Holger Thiel, Burkhard Eilmes, Henning Ohlhoff, Stefan Sonnenberg, Dirk Herrmann, Obere Reihe stehend von links:Wilhelm Heers, Karl-Otto Hohls, Peter Meinecke, &hellip;<\/p>\n<p class=\"read-more\"> <a class=\"more-link\" href=\"https:\/\/wp.schuetzencorps.de\/?page_id=3820\"> <span class=\"screen-reader-text\">K\u00f6nige 2023.07<\/span> Weiterlesen &raquo;<\/a><\/p>\n","protected":false},"author":1,"featured_media":0,"parent":90,"menu_order":0,"comment_status":"closed","ping_status":"closed","template":"","meta":{"footnotes":""},"class_list":["post-3820","page","type-page","status-publish","hentry"],"_links":{"self":[{"href":"https:\/\/wp.schuetzencorps.de\/index.php?rest_route=\/wp\/v2\/pages\/3820","targetHints":{"allow":["GET"]}}],"collection":[{"href":"https:\/\/wp.schuetzencorps.de\/index.php?rest_route=\/wp\/v2\/pages"}],"about":[{"href":"https:\/\/wp.schuetzencorps.de\/index.php?rest_route=\/wp\/v2\/types\/page"}],"author":[{"embeddable":true,"href":"https:\/\/wp.schuetzencorps.de\/index.php?rest_route=\/wp\/v2\/users\/1"}],"replies":[{"embeddable":true,"href":"https:\/\/wp.schuetzencorps.de\/index.php?rest_route=%2Fwp%2Fv2%2Fcomments&post=3820"}],"version-history":[{"count":6,"href":"https:\/\/wp.schuetzencorps.de\/index.php?rest_route=\/wp\/v2\/pages\/3820\/revisions"}],"predecessor-version":[{"id":3837,"href":"https:\/\/wp.schuetzencorps.de\/index.php?rest_route=\/wp\/v2\/pages\/3820\/revisions\/3837"}],"up":[{"embeddable":true,"href":"https:\/\/wp.schuetzencorps.de\/index.php?rest_route=\/wp\/v2\/pages\/90"}],"wp:attachment":[{"href":"https:\/\/wp.schuetzencorps.de\/index.php?rest_route=%2Fwp%2Fv2%2Fmedia&parent=3820"}],"curies":[{"name":"wp","href":"https:\/\/api.w.org\/{rel}","templated":true}]}}