{"id":4192,"date":"2025-06-30T02:43:13","date_gmt":"2025-06-30T02:43:13","guid":{"rendered":"https:\/\/wp.schuetzencorps.de\/?page_id=4192"},"modified":"2025-06-30T06:59:44","modified_gmt":"2025-06-30T06:59:44","slug":"liedertexte","status":"publish","type":"page","link":"https:\/\/wp.schuetzencorps.de\/?page_id=4192","title":{"rendered":"Liedertexte"},"content":{"rendered":"<p><a href=\"https:\/\/wp.schuetzencorps.de\/wp-content\/uploads\/2025\/06\/Schuetzencorps-Liedertexte-V05.pdf\" target=\"_blank\" rel=\"noopener\">Sch\u00fctzencorps Liedertexte<\/a> (pdf-Format, Duplex-Druck, lange Kante)<\/p>\n<p>&nbsp;<\/p>\n<p><strong>Bargen<\/strong><\/p>\n<p><em>Melodie: Pee Wee King<br \/>\nText: Horst-Henning Siebernik<\/em><\/p>\n<p>Wo de Barger Beeck sick schl\u00e4ngeln deit,<br \/>\nwo man \u00f6ver`n Damm no\u00b4n M\u00f6hlendieck geiht,<br \/>\nwo de Wind \u00f6ver den Guldbarg weiht,<br \/>\ndor b\u00fcn ick zu Hus!<\/p>\n<p>Wo dat Amtsgericht h\u00fct Stadthus heit,<br \/>\nAmtsrichters Park vull oler Beucken steiht,<br \/>\nwo up\u00b4n H\u00f6hbarg h\u00fct en Windrad dreiht,<br \/>\ndor b\u00fcn ick tu Hus.<\/p>\n<p>Bargen, dat is miene Heimaat,<br \/>\nno Bargen , dor geh\u00f6r ick henn.<\/p>\n<p>Wo de een wat \u00f6ver\u00b4n annern weit,<br \/>\nwo in Meincken Hus man freien deit,<br \/>\nwo up\u00b4n Platz uk noch en Panzer scheit,<br \/>\ndor b\u00fcn ick tu Hus.<\/p>\n<p>Wo de Sch\u00fcttengill in Hesterkamp,<br \/>\nin St. Lamberti usen God wi dankt,<br \/>\nin\u00b4t R\u00f6mstedthus in freue Tieden langt,<br \/>\ndor b\u00fcn ick tu Hus.<\/p>\n<p>Bargen, dat is miene Heimaat,<br \/>\nno Bargen , dor geh\u00f6r ick henn.<\/p>\n<p>Wo de Rampen an veel Leed us mohnt,<br \/>\nwo veele Minschen ut`n Utland wohnt,<br \/>\nwo v\u00f6r all L\u00fch sick tau leben lohnt,<br \/>\ndor b\u00fcn ick tu Hus.<\/p>\n<p>Wo de Barger Beeck sick schl\u00e4ngeln deit,<br \/>\nwo man \u00f6vern Damm no\u00b4n M\u00f6hlendieck geiht,<br \/>\nwo de Wind \u00f6ver den Guldbarg weiht,<br \/>\ndor b\u00fcn ick zu Hus! *<\/p>\n<p>&nbsp;<\/p>\n<p>&nbsp;<\/p>\n<p><strong>Erika<\/strong><\/p>\n<p>Auf der Heide bl\u00fcht ein kleines Bl\u00fcmelein<br \/>\nund das heisst: Erika.<br \/>\nHeiss von hunderttausend kleinen Bienelein<br \/>\nwird umschw\u00e4rmt, Erika.<br \/>\nDenn ihr Herz ist voller S\u00fcssigkeit,<br \/>\nzarter Duft entstr\u00f6mt dem Bl\u00fctenkleid.<br \/>\nAuf der Heide bl\u00fcht ein kleines Bl\u00fcmelein<br \/>\nund das heisst: Erika.<\/p>\n<p>In der Heimat wohnt ein kleines M\u00e4gdelein<br \/>\nund das heisst: Erika.<br \/>\nDieses M\u00e4del ist mein treues Sch\u00e4tzelein<br \/>\nund mein Gl\u00fcck, Erika.<br \/>\nWenn das Heidekraut rotlila bl\u00fcht<br \/>\nsinge ich zum Gruss ihr dieses Lied.<br \/>\nAuf der Heide bl\u00fcht ein kleines Bl\u00fcmelein<br \/>\nund das heisst: Erika.<\/p>\n<p>In meinem K\u00e4mmerlein bl\u00fcht auch ein Bl\u00fcmelein<br \/>\nund das heisst: Erika.<br \/>\nSchon beim Morgengraun, so wie beim D\u00e4mmerschein,<br \/>\nschaut\u2019s mich an, Erika.<br \/>\nUnd dann ist es nur, als spr\u00e4ch es laut:<br \/>\nDenkst du auch an deine kleine Braut?<br \/>\nIn der Heimat weint um dich ein M\u00e4gdelein<br \/>\nund das heisst: Erika. *<\/p>\n<p>&nbsp;<\/p>\n<p>&nbsp;<\/p>\n<p><strong>Heider\u00f6slein<\/strong><\/p>\n<p>Durch die gr\u00fcne Heide geht ein M\u00e4dchen jung und sch\u00f6n<br \/>\nund ein junger J\u00e4gersmann sieht sie des Weges gehen.<br \/>\nPfl\u00fcckte schnell ein R\u00f6slein rot und zieht den gr\u00fcnen Hut<br \/>\nund er spricht das M\u00e4dchen an, wie ein Verliebter tut.<\/p>\n<p><em>Oh Heider\u00f6slein, nimm dich in acht,<br \/>\noh Heider\u00f6slein, was der J\u00e4ger macht.<br \/>\nEr nahm die Rose und gab sie dir<br \/>\noh Heider\u00f6slein, er will dein Herz daf\u00fcr.<\/em><\/p>\n<p>Heider\u00f6slein h\u00f6rte nicht, erwidert seinen Gru\u00df<br \/>\nund der k\u00fchne J\u00e4gersmann nahm sich dann einen Ku\u00df.<br \/>\nAls das goldne Abendrot die gr\u00fcne Heide gr\u00fc\u00dft<br \/>\nhat das Heider\u00f6slein auch den J\u00e4gersmann gek\u00fcsst.<\/p>\n<p><em>Oh Heider\u00f6slein\u2026.<\/em><\/p>\n<p>Als die gr\u00fcne Heide gl\u00e4nzt im Silbermondenschein<br \/>\ngingen beide Hand in Hand, als sollte es so sein.<br \/>\nHeider\u00f6slein sp\u00fcrte nur, wie ihr das Herz dann schlug<br \/>\nals der junge J\u00e4gersmann sie auf den Armen trug.<\/p>\n<p><em>Oh Heider\u00f6slein\u2026. *<\/em><\/p>\n<p>&nbsp;<\/p>\n<p>&nbsp;<\/p>\n<p><strong>Unter den Eichen<\/strong><\/p>\n<p>(Melodie: Reinhard Mey<br \/>\n(Text: Uli Sander, H.-Henning Siebernik)<\/p>\n<p>Sch\u00fctzenfest in Bergen ist,<br \/>\nwenn Berger B\u00fcrger Stra\u00dfen schm\u00fccken.<br \/>\nWenn man Alltagsstre\u00df vergisst,<br \/>\nwenn Sch\u00fctzen mit Musik ausr\u00fccken.<br \/>\nNur wer diese Droge kennt,<br \/>\nund wei\u00df sich daran zu berauschen,<br \/>\nder keinen einz\u2019gen Tag verpennt,<br \/>\ner w\u00fcrd mit keinem Zivi tauschen.<\/p>\n<p><em><u>Refrain:<br \/>\n<\/u><\/em><em>Unter den Eichen<br \/>\nmuss die Freiheit wohl grenzenlos sein,<br \/>\nalle \u00c4ngste, alle Sorgen sind hier<br \/>\nverflogen etwa nach dem 15. Bier,<br \/>\nso genie\u00dft man j\u00e4hrlich f\u00fcnf Tage lang<br \/>\nSch\u00fctzenfest im Heisterkamp.<\/em><\/p>\n<p>Nachwuchssorgen kennt man nicht.<br \/>\nDas Sch\u00fctzencorps ist angesehen<br \/>\nund wer fremde Sprachen spricht,<br \/>\nmuss um Aufnahme gar flehen.<br \/>\nAlt und Jung sind hier vereint,<br \/>\nzu pflegen alte Traditionen.<br \/>\nUnd es gibt keinen, der da meint:<br \/>\nDie Sache w\u00fcrde sich nicht lohnen.<\/p>\n<p>Gr\u00fcnes holen, Sonntag fr\u00fch<br \/>\nJungsch\u00fctzen m\u00fcssen sich bew\u00e4hren.<br \/>\nManchen zwingt es in die Knie,<br \/>\nes kann schon an den Kr\u00e4ften zehren.<br \/>\nHaumeister Mark zeigt stets Bem\u00fch\u2019n<br \/>\ngr\u00fcne Zweige abzuhauen.<br \/>\nDoch nicht immer f\u00e4llt nur Gr\u00fcn,<br \/>\nes hat schon manchen umgehauen.<\/p>\n<p>Henrik ist der Kommandeur.<br \/>\nEr kommandiert den ganzen Haufen,<br \/>\nund er achtet darauf sehr,<br \/>\ndass die Jungs nicht zuviel saufen.<br \/>\nJa, ein S\u00e4bel um den Bauch<br \/>\nkann einen Kohlmann ganz sch\u00f6n zieren.<br \/>\nManchmal zieht er diesen auch<br \/>\nmutig wie bei den Musketieren.<\/p>\n<p>Auch das kleinste Stimmungstief<br \/>\nist nur von ganz kurzer Dauer,<br \/>\nes wird der dritte Zug aktiv<br \/>\nund dann gibt es richtig Power.<br \/>\nWie gro\u00df der Bl\u00f6dsinn, den man macht,<br \/>\ndas ist egal, man macht ihn weiter,<br \/>\nund gibt\u2019s von oben eins aufs Dach<br \/>\nist Benno stets der Blitzableiter.<\/p>\n<p>F\u00fcr manchen out, f\u00fcr sie selbst in,<br \/>\nmeist frohgelaunt und guter Dinge,<br \/>\nSie achten sehr auf Disziplin.<br \/>\nSo sind sie, uns\u2019re Silberlinge.<br \/>\nDoch wenn sie richtig feiern gehen,<br \/>\nsind Stefans Worte ihnen schnuppe,<br \/>\nund dann k\u00f6nnen alle sehn,<br \/>\nauch sie sind eine starke Truppe.<\/p>\n<p>Wenn auch verwittert die Gestalt,<br \/>\nmanch einer folgt uns auf dem Wagen.<br \/>\nIhr Sch\u00fctzenherz wird niemals alt,<br \/>\nund niemals h\u00f6rst Du, dass sie klagen.<br \/>\nMindestens f\u00fcnfundzwanzig Jahr\u2019<br \/>\nhalten sie hoch schon unsere Fahnen.<br \/>\nWer sie sind, das ist doch klar:<br \/>\nPeter und seine Goldfasanen. *<\/p>\n<p>&nbsp;<\/p>\n<p>&nbsp;<\/p>\n<p><strong>Niedersachsenlied<\/strong><\/p>\n<p>Von der Weser bis zur Elbe,<br \/>\nVon dem Harz bis an das Meer<br \/>\nStehen Niedersachsens S\u00f6hne,<br \/>\nEine feste Burg und Wehr<br \/>\nFest wie unsre Eichen<br \/>\nhalten alle Zeit wir stand,<br \/>\nWenn St\u00fcrme brausen<br \/>\n\u00dcbers deutsche Vaterland.<\/p>\n<p>Wir sind die Niedersachsen,<br \/>\nSturmfest und erdverwachsen,<br \/>\nHeil Herzog Widukinds Stamm!<br \/>\nWir sind die Niedersachsen,<br \/>\nSturmfest und erdverwachsen,<br \/>\nHeil Herzog Widukinds Stamm!<\/p>\n<p>2. Wo fiel\u2019n die r\u00f6mischen Schergen?<br \/>\nWo versank die\u00a0welsche\u00a0Brut?<br \/>\nIn Niedersachsens Bergen,<br \/>\nAn Niedersachsens Wut<br \/>\nWer warf den r\u00f6mischen Adler<br \/>\nNieder in den Sand?<br \/>\nWer hielt die Freiheit hoch<br \/>\nIm deutschen Vaterland?<\/p>\n<p>Das war\u2019n die Niedersachsen,<br \/>\nSturmfest und erdverwachsen,<br \/>\nHeil Herzog Widukinds Stamm!<br \/>\nDas war\u2019n die Niedersachsen,<br \/>\nSturmfest und erdverwachsen,<br \/>\nHeil Herzog Widukinds Stamm!<\/p>\n<p>Auf bl\u00fchend roter Heide<br \/>\nStarben einst vieltausend Mann<br \/>\nF\u00fcr Niedersachsens Treue<br \/>\nTraf sie des Franken Bann.<br \/>\nViel tausend Br\u00fcder fielen<br \/>\nVon des Henkers Hand.<br \/>\nViele tausend Br\u00fcder<br \/>\nF\u00fcr ihr Niedersachsenland.<\/p>\n<p>Das war\u2019n die Niedersachsen,<br \/>\nSturmfest und erdverwachsen,<br \/>\nHeil Herzog Widukinds Stamm!<br \/>\nDas war\u2019n die Niedersachsen,<br \/>\nSturmfest und erdverwachsen,<br \/>\nHeil Herzog Widukinds Stamm!<\/p>\n<p>4. Aus der V\u00e4ter Blut und Wunden<br \/>\nW\u00e4chst der S\u00f6hne Heldenmut.<br \/>\nNiedersachsen soll\u2019s bekunden:<br \/>\nF\u00fcr die Freiheit Gut und Blut.<br \/>\nFest wie unsre Eichen halten<br \/>\nAllezeit wir stand,<br \/>\nWenn St\u00fcrme brausen<br \/>\n\u00dcbers deutsche Vaterland.<\/p>\n<p>Wir sind die Niedersachsen,<br \/>\nSturmfest und erdverwachsen,<br \/>\nHeil Herzog Widukinds Stamm!<br \/>\nWir sind die Niedersachsen,<br \/>\nSturmfest und erdverwachsen,<br \/>\nHeil Herzog Widukinds Stamm! *<\/p>\n<p>&nbsp;<\/p>\n<p>&nbsp;<\/p>\n<p><strong>Auf der L\u00fcneburger Heide<\/strong><\/p>\n<p>Auf der L\u00fcneburger Heide,<br \/>\nIn dem wundersch\u00f6nen Land,<br \/>\nGing ich auf und ging ich unter,<br \/>\nAllerlei am Weg ich fand.<br \/>\nValleri, vallera, und juchheirassa,<br \/>\nund juchheirassa,<br \/>\nBester Schatz, bester Schatz,<br \/>\ndenn du wei\u00dft, du wei\u00dft es ja.<\/p>\n<p>Br\u00fcder, la\u00dft die Gl\u00e4ser klingen,<br \/>\nDenn der Muskateller Wein<br \/>\nWird vom langen Stehen sauer,<br \/>\nAusgetrunken mu\u00df er sein.<br \/>\nValleri, vallera, und juchheirassa,<br \/>\nund juchheirassa,<br \/>\nBester Schatz, bester Schatz,<br \/>\ndenn du wei\u00dft, du wei\u00dft es ja.<\/p>\n<p>Und die Bracken und die bellen,<br \/>\nUnd die B\u00fcchse und die knallt,<br \/>\nRote Hirsche wolln wir jagen<br \/>\nIn dem gr\u00fcnen, gr\u00fcnen Wald.<br \/>\nValleri, vallera, und juchheirassa,<br \/>\nund juchheirassa,<br \/>\nBester Schatz, bester Schatz,<br \/>\ndenn du wei\u00dft, du wei\u00dft es ja.<\/p>\n<p>Ei du H\u00fcbsche, ei du Feine,<br \/>\nEi du Bild wie Milch und Blut,<br \/>\nUnsere Herzen wolln wir tauschen,<br \/>\nDenn du glaubst nicht, wie das tut.<br \/>\nValleri, vallera, und juchheirassa,<br \/>\nund juchheirassa,<br \/>\nBester Schatz, bester Schatz,<br \/>\ndenn du wei\u00dft, du wei\u00dft es ja. *<\/p>\n<p>&nbsp;<\/p>\n<p>&nbsp;<\/p>\n<p><strong>Der gute Kamerad<\/strong><\/p>\n<p>Ich hatt\u2019 einen Kameraden,<br \/>\nEinen bessern findst du nit.<br \/>\nDie Trommel schlug zum Streite,<br \/>\nEr ging an meiner Seite<br \/>\nIm gleichen Schritt und Tritt.<\/p>\n<p>Eine Kugel kam geflogen,<br \/>\nGilt sie mir oder gilt sie dir?<br \/>\nIhn hat sie weggerissen,<br \/>\nEr liegt zu meinen F\u00fc\u00dfen,<br \/>\nAls w\u00e4r\u2019s ein St\u00fcck von mir.<\/p>\n<p>Will mir die Hand noch reichen,<br \/>\nDerweil ich eben lad.<br \/>\nKann dir die Hand nicht geben,<br \/>\nBleib du im ew\u2019gen Leben<br \/>\nMein guter Kamerad! *<\/p>\n<p>&nbsp;<\/p>\n","protected":false},"excerpt":{"rendered":"<p>Sch\u00fctzencorps Liedertexte (pdf-Format, Duplex-Druck, lange Kante) &nbsp; Bargen Melodie: Pee Wee King Text: Horst-Henning Siebernik Wo de Barger Beeck sick schl\u00e4ngeln deit, wo man \u00f6ver`n Damm no\u00b4n M\u00f6hlendieck geiht, wo de Wind \u00f6ver den Guldbarg weiht, dor b\u00fcn ick zu &hellip;<\/p>\n<p class=\"read-more\"> <a class=\"more-link\" href=\"https:\/\/wp.schuetzencorps.de\/?page_id=4192\"> <span class=\"screen-reader-text\">Liedertexte<\/span> Weiterlesen &raquo;<\/a><\/p>\n","protected":false},"author":1,"featured_media":0,"parent":0,"menu_order":0,"comment_status":"closed","ping_status":"closed","template":"","meta":{"footnotes":""},"class_list":["post-4192","page","type-page","status-publish","hentry"],"_links":{"self":[{"href":"https:\/\/wp.schuetzencorps.de\/index.php?rest_route=\/wp\/v2\/pages\/4192","targetHints":{"allow":["GET"]}}],"collection":[{"href":"https:\/\/wp.schuetzencorps.de\/index.php?rest_route=\/wp\/v2\/pages"}],"about":[{"href":"https:\/\/wp.schuetzencorps.de\/index.php?rest_route=\/wp\/v2\/types\/page"}],"author":[{"embeddable":true,"href":"https:\/\/wp.schuetzencorps.de\/index.php?rest_route=\/wp\/v2\/users\/1"}],"replies":[{"embeddable":true,"href":"https:\/\/wp.schuetzencorps.de\/index.php?rest_route=%2Fwp%2Fv2%2Fcomments&post=4192"}],"version-history":[{"count":3,"href":"https:\/\/wp.schuetzencorps.de\/index.php?rest_route=\/wp\/v2\/pages\/4192\/revisions"}],"predecessor-version":[{"id":4199,"href":"https:\/\/wp.schuetzencorps.de\/index.php?rest_route=\/wp\/v2\/pages\/4192\/revisions\/4199"}],"wp:attachment":[{"href":"https:\/\/wp.schuetzencorps.de\/index.php?rest_route=%2Fwp%2Fv2%2Fmedia&parent=4192"}],"curies":[{"name":"wp","href":"https:\/\/api.w.org\/{rel}","templated":true}]}}