{"id":4200,"date":"2025-06-30T07:19:27","date_gmt":"2025-06-30T07:19:27","guid":{"rendered":"https:\/\/wp.schuetzencorps.de\/?page_id=4200"},"modified":"2025-06-30T07:22:08","modified_gmt":"2025-06-30T07:22:08","slug":"koenige-2025-07","status":"publish","type":"page","link":"https:\/\/wp.schuetzencorps.de\/?page_id=4200","title":{"rendered":"K\u00f6nige 2025.07"},"content":{"rendered":"<p><img loading=\"lazy\" decoding=\"async\" class=\"alignnone wp-image-4201 size-full\" src=\"https:\/\/wp.schuetzencorps.de\/wp-content\/uploads\/2025\/06\/KOENIGSFRUeHSTUeCK-2025-HWH_8912-scaled.jpg\" alt=\"\" width=\"2560\" height=\"1709\" srcset=\"https:\/\/wp.schuetzencorps.de\/wp-content\/uploads\/2025\/06\/KOENIGSFRUeHSTUeCK-2025-HWH_8912-scaled.jpg 2560w, https:\/\/wp.schuetzencorps.de\/wp-content\/uploads\/2025\/06\/KOENIGSFRUeHSTUeCK-2025-HWH_8912-300x200.jpg 300w, https:\/\/wp.schuetzencorps.de\/wp-content\/uploads\/2025\/06\/KOENIGSFRUeHSTUeCK-2025-HWH_8912-700x467.jpg 700w, https:\/\/wp.schuetzencorps.de\/wp-content\/uploads\/2025\/06\/KOENIGSFRUeHSTUeCK-2025-HWH_8912-768x513.jpg 768w, https:\/\/wp.schuetzencorps.de\/wp-content\/uploads\/2025\/06\/KOENIGSFRUeHSTUeCK-2025-HWH_8912-1536x1025.jpg 1536w, https:\/\/wp.schuetzencorps.de\/wp-content\/uploads\/2025\/06\/KOENIGSFRUeHSTUeCK-2025-HWH_8912-2048x1367.jpg 2048w, https:\/\/wp.schuetzencorps.de\/wp-content\/uploads\/2025\/06\/KOENIGSFRUeHSTUeCK-2025-HWH_8912-100x67.jpg 100w, https:\/\/wp.schuetzencorps.de\/wp-content\/uploads\/2025\/06\/KOENIGSFRUeHSTUeCK-2025-HWH_8912-150x100.jpg 150w, https:\/\/wp.schuetzencorps.de\/wp-content\/uploads\/2025\/06\/KOENIGSFRUeHSTUeCK-2025-HWH_8912-200x134.jpg 200w, https:\/\/wp.schuetzencorps.de\/wp-content\/uploads\/2025\/06\/KOENIGSFRUeHSTUeCK-2025-HWH_8912-450x300.jpg 450w, https:\/\/wp.schuetzencorps.de\/wp-content\/uploads\/2025\/06\/KOENIGSFRUeHSTUeCK-2025-HWH_8912-600x401.jpg 600w, https:\/\/wp.schuetzencorps.de\/wp-content\/uploads\/2025\/06\/KOENIGSFRUeHSTUeCK-2025-HWH_8912-900x601.jpg 900w\" sizes=\"auto, (max-width: 2560px) 100vw, 2560px\" \/><\/p>\n<p>(Bild: Hermann Hiestermann)<\/p>\n<p><strong><u>K\u00f6nigsfr\u00fchst\u00fcck 2025<\/u><\/strong><\/p>\n<p><span style=\"text-decoration: underline;\">Oberste Reihe stehend von links:<\/span>\u00a0Roman Aslett, Jan Fischer, Wilhelm Heers, Peter Meinecke, Thomas Timme, J\u00f6rg Denecke-Nehm, Niklas Meyerholz, Thomas Aslett, Hartmut Ebel,<\/p>\n<p><span style=\"text-decoration: underline;\">Obere Reihe stehend von links:<\/span>\u00a0Olaf Carstensen, Frederik Zink, Horst-Dieter Meyerholz, Dr. Lars L\u00fcpke, Hermann Lampe, Stefan Sonnenberg, Karl-Heinz Grethen, Henning Ohlhoff, Burkhard Eilmes, Holger Friedrichs<\/p>\n<p><span style=\"text-decoration: underline;\">Stehend von links:<\/span>\u00a0Friedrich Winternheimer, Wolfgang Guse, Dr. Ulrich Sander, Willi Alms jun., Dr. Henrik Kohlmann, Holger Thiel, Wolfgang Busse, Wolfgang Rust, Karl-Otto Hohls<\/p>\n<p><span style=\"text-decoration: underline;\">Sitzend von links:<\/span>\u00a0Ehrhard Brammer, Hans-Herbert Dressler, Wolfgang Gallasch, Dieter Sobczak, Carsten Siekmann, Leander Singh, R\u00fcdiger Sonnenberg, Henning H\u00f6per, J\u00fcrgen-Heinrich Hoopmann, Albrecht Fienemann, G\u00f6tz Holtz<\/p>\n<p><span style=\"text-decoration: underline;\">Es fehlen:<\/span>\u00a0Klaus-Heinrich Alms, Bastian Majehrke, Dirk Meinecke, Jens-Henrik Hoopmann, Jan Schwarze, Hagen Rodehorst, Dirk Herrmann, Karl Fienemann, Harry Bade-Sell, Michael Schmidt, Werner Grethen, Jan Schmidt, G\u00fcnther Lange<\/p>\n<p><span style=\"text-decoration: underline;\">allgemeine Informationen Stand 30.06.2025<\/span><\/p>\n<p>30 Corpsk\u00f6nige (lebend) seit 1950 im Corps<br \/>\n30 Stadtk\u00f6nige (lebend) seit 1950 im Corps<\/p>\n<p>Durch Erlangen der K\u00f6nigsw\u00fcrde 2-fach Corps- oder Stadtk\u00f6nig bzw. Stadt- und Corpsk\u00f6nig sind Stand 04.07.2023 insgesamt 52 lebende K\u00f6nige im Corps!<\/p>\n","protected":false},"excerpt":{"rendered":"<p>(Bild: Hermann Hiestermann) K\u00f6nigsfr\u00fchst\u00fcck 2025 Oberste Reihe stehend von links:\u00a0Roman Aslett, Jan Fischer, Wilhelm Heers, Peter Meinecke, Thomas Timme, J\u00f6rg Denecke-Nehm, Niklas Meyerholz, Thomas Aslett, Hartmut Ebel, Obere Reihe stehend von links:\u00a0Olaf Carstensen, Frederik Zink, Horst-Dieter Meyerholz, Dr. Lars L\u00fcpke, &hellip;<\/p>\n<p class=\"read-more\"> <a class=\"more-link\" href=\"https:\/\/wp.schuetzencorps.de\/?page_id=4200\"> <span class=\"screen-reader-text\">K\u00f6nige 2025.07<\/span> Weiterlesen &raquo;<\/a><\/p>\n","protected":false},"author":1,"featured_media":0,"parent":0,"menu_order":0,"comment_status":"closed","ping_status":"closed","template":"","meta":{"footnotes":""},"class_list":["post-4200","page","type-page","status-publish","hentry"],"_links":{"self":[{"href":"https:\/\/wp.schuetzencorps.de\/index.php?rest_route=\/wp\/v2\/pages\/4200","targetHints":{"allow":["GET"]}}],"collection":[{"href":"https:\/\/wp.schuetzencorps.de\/index.php?rest_route=\/wp\/v2\/pages"}],"about":[{"href":"https:\/\/wp.schuetzencorps.de\/index.php?rest_route=\/wp\/v2\/types\/page"}],"author":[{"embeddable":true,"href":"https:\/\/wp.schuetzencorps.de\/index.php?rest_route=\/wp\/v2\/users\/1"}],"replies":[{"embeddable":true,"href":"https:\/\/wp.schuetzencorps.de\/index.php?rest_route=%2Fwp%2Fv2%2Fcomments&post=4200"}],"version-history":[{"count":2,"href":"https:\/\/wp.schuetzencorps.de\/index.php?rest_route=\/wp\/v2\/pages\/4200\/revisions"}],"predecessor-version":[{"id":4204,"href":"https:\/\/wp.schuetzencorps.de\/index.php?rest_route=\/wp\/v2\/pages\/4200\/revisions\/4204"}],"wp:attachment":[{"href":"https:\/\/wp.schuetzencorps.de\/index.php?rest_route=%2Fwp%2Fv2%2Fmedia&parent=4200"}],"curies":[{"name":"wp","href":"https:\/\/api.w.org\/{rel}","templated":true}]}}