{"id":4330,"date":"2026-04-22T11:19:42","date_gmt":"2026-04-22T11:19:42","guid":{"rendered":"https:\/\/wp.schuetzencorps.de\/?page_id=4330"},"modified":"2026-04-22T11:20:10","modified_gmt":"2026-04-22T11:20:10","slug":"firewall","status":"publish","type":"page","link":"https:\/\/wp.schuetzencorps.de\/?page_id=4330","title":{"rendered":"FireWall"},"content":{"rendered":"<h3>2026-04-22<br \/>\nWichtiger Hinweis vom WordPress.org Plugins Team.<\/h3>\n<p>Wir m\u00f6chten Sie dar\u00fcber informieren, dass mehrere Plugins des Autors &#8222;essentialplugin&#8220; von der Community als nicht konform mit den Richtlinien gemeldet wurden. Nach einer Untersuchung k\u00f6nnen wir best\u00e4tigen, dass das Plugin Code enthielt, der unbefugten Zugriff Dritter auf Websites erm\u00f6glichen k\u00f6nnte, die es nutzen.<\/p>\n<p>Als Reaktion darauf haben wir sofort Ma\u00dfnahmen ergriffen, um das Plugin im Verzeichnis WordPress.org Plugins zu schlie\u00dfen und ein Update zu ver\u00f6ffentlichen, das bereits versucht hat, betroffenen Code von Ihrer Website zu entfernen. Obwohl es m\u00f6glich ist, dass nicht alles automatisch entfernt werden konnte.<\/p>\n<p>Konkret hat dieses Plugin Code von analytics.essentialplugin.com heruntergeladen und auf deiner Seite installiert; auch wenn der Einzelfall unterschiedlich sein kann, wissen wir, dass sie eine Hintert\u00fcr in einer Datei namens &#8222;wp-comments-posts.php&#8220; installiert haben, die der Kerndatei &#8222;wp-comments-post.php&#8220; sehr \u00e4hnlich ist. Wir wissen, dass diese Backdoor zumindest genutzt wurde, um Code in die wp-config.php-Datei einzuschleusen, um versteckte Spam-Links hinzuzuf\u00fcgen, Weiterleitungen zu erstellen und\/oder Seiten auf Webseiten einzuschleusen. Diese Aktionen stehen im Zusammenhang mit Black-Hat-SEO-Techniken, die oft vor Administratoren verborgen sind.<\/p>\n<p>Obwohl unser Update versucht hat, die Hintert\u00fcr automatisch zu entfernen, kann es nicht best\u00e4tigen, dass sie vollst\u00e4ndig entfernt wurde. Es ist m\u00f6glich, dass die Hintert\u00fcr in Dateien installiert wurde, von denen wir nichts wissen, und unbefugte Ma\u00dfnahmen auf Ihrer Seite bereits durchgef\u00fchrt wurden. Daher empfehlen wir Ihnen dringend, Ihre Seite gr\u00fcndlich auf Anzeichen eines Kompromittierens zu \u00fcberpr\u00fcfen und sofortige Ma\u00dfnahmen zur Sicherung zu ergreifen.<\/p>\n","protected":false},"excerpt":{"rendered":"<p>2026-04-22 Wichtiger Hinweis vom WordPress.org Plugins Team. Wir m\u00f6chten Sie dar\u00fcber informieren, dass mehrere Plugins des Autors &#8222;essentialplugin&#8220; von der Community als nicht konform mit den Richtlinien gemeldet wurden. Nach einer Untersuchung k\u00f6nnen wir best\u00e4tigen, dass das Plugin Code enthielt, &hellip;<\/p>\n<p class=\"read-more\"> <a class=\"more-link\" href=\"https:\/\/wp.schuetzencorps.de\/?page_id=4330\"> <span class=\"screen-reader-text\">FireWall<\/span> Weiterlesen &raquo;<\/a><\/p>\n","protected":false},"author":1,"featured_media":0,"parent":0,"menu_order":0,"comment_status":"closed","ping_status":"closed","template":"","meta":{"footnotes":""},"class_list":["post-4330","page","type-page","status-publish","hentry"],"_links":{"self":[{"href":"https:\/\/wp.schuetzencorps.de\/index.php?rest_route=\/wp\/v2\/pages\/4330","targetHints":{"allow":["GET"]}}],"collection":[{"href":"https:\/\/wp.schuetzencorps.de\/index.php?rest_route=\/wp\/v2\/pages"}],"about":[{"href":"https:\/\/wp.schuetzencorps.de\/index.php?rest_route=\/wp\/v2\/types\/page"}],"author":[{"embeddable":true,"href":"https:\/\/wp.schuetzencorps.de\/index.php?rest_route=\/wp\/v2\/users\/1"}],"replies":[{"embeddable":true,"href":"https:\/\/wp.schuetzencorps.de\/index.php?rest_route=%2Fwp%2Fv2%2Fcomments&post=4330"}],"version-history":[{"count":2,"href":"https:\/\/wp.schuetzencorps.de\/index.php?rest_route=\/wp\/v2\/pages\/4330\/revisions"}],"predecessor-version":[{"id":4332,"href":"https:\/\/wp.schuetzencorps.de\/index.php?rest_route=\/wp\/v2\/pages\/4330\/revisions\/4332"}],"wp:attachment":[{"href":"https:\/\/wp.schuetzencorps.de\/index.php?rest_route=%2Fwp%2Fv2%2Fmedia&parent=4330"}],"curies":[{"name":"wp","href":"https:\/\/api.w.org\/{rel}","templated":true}]}}