{"id":86,"date":"2016-11-09T16:37:22","date_gmt":"2016-11-09T16:37:22","guid":{"rendered":"http:\/\/schuetzencops.apps-1and1.net\/?page_id=86"},"modified":"2025-05-27T05:52:55","modified_gmt":"2025-05-27T05:52:55","slug":"koenige-preistraeger-2016","status":"publish","type":"page","link":"https:\/\/wp.schuetzencorps.de\/?page_id=86","title":{"rendered":"K\u00f6nige 2016"},"content":{"rendered":"<p><strong>Corpsk\u00f6nig Holger Friedrichs<\/strong><br \/>\n1. Minister Michael Schmidt<br \/>\n2. Minister Jan Tschiskale<\/p>\n<div>\n<p><strong>Lederorden<\/strong> Jan Fischer<\/p>\n<p><strong>Stadtk\u00f6nig&nbsp;Dirk Herrmann<\/strong><br \/>\n1. Minister Harry Bade-Sell<br \/>\n2. Minister Lars L\u00fcpke<\/p>\n<p>4. Hans-Herbert Dressler<br \/>\n5. Benjamin Hohls<br \/>\n6. Thomas Bade<br \/>\n7. Dieter Sobczak<br \/>\n8. Jan Schmidt<br \/>\n9. Marec Thurmann<br \/>\n10. Friedrich-Wilhelm Hartung<\/p>\n<p><strong>Kinderk\u00f6nig Maximo Bamberg<\/strong><br \/>\n1. Minister Henry B\u00f6hm<br \/>\n2. Minister Dean Feijt<\/p>\n<p><strong>Kinderk\u00f6nigin Amalia Perfen<\/strong><br \/>\n1. Minister Fabienne Phillips<br \/>\n2. Minister Carolin Tufas<\/p>\n<p><strong>Jugendk\u00f6nig Maximilian Mechler<\/strong><br \/>\n1. Minister Marcel Ziemke<br \/>\n2. Minister Colin Pietsch<\/p>\n<p><strong>Jugendk\u00f6nigin Laura Holtz<\/strong><br \/>\n1. Minister Larrissa Ebel<br \/>\n2. Minister Johanna Binder<\/p>\n<p><strong>Jugendpokal<\/strong><br \/>\n1. Jana Leitenberger<br \/>\n2.&nbsp;Christoph Eichstaedt<br \/>\n3.&nbsp;Simon Rabe<\/p>\n<p><strong>Damenpokal<\/strong><br \/>\n1. Hannelore Hoopmann<br \/>\n2. Nadine Friedrichs<br \/>\n3. Kerstin Dillenz<\/p>\n<p><strong>G\u00e4stepokal<\/strong> (gestiftet von Adolf Krause)<br \/>\n1. Michael Heins, SV Offen<br \/>\n2. Christian Thiele, SV Bollersen<br \/>\n3. Heinz Helms, SV Eversen<\/p>\n<p><strong>G\u00e4steorden Sch\u00fctzen Partnerst\u00e4dte<\/strong><br \/>\n1. Nico Eskens, NL<br \/>\n2. Hubert Tabutha, PL<br \/>\n3. Miroslaw Dolata, PL<\/p>\n<p><strong>Pokalorden<\/strong><br \/>\n1. Lars L\u00fcpke<br \/>\n2. Holger Friedrichs<br \/>\n3. Nils Haase<\/p>\n<p><strong>Polenscheibe aus Srem<\/strong>: Lutz Thurmann<\/p>\n<p><strong>Pembroke-Orden<\/strong>: Markus Ebel<\/p>\n<p><strong>Einschie\u00dfen 03.07.2016<\/strong><br \/>\n1. Holger Thiel (36) +12-12-12-12-12-12-12-11<br \/>\n2. Marec Thurmann (36) +12-12-12-12-12-12-12-10<br \/>\n3. Markus Meyerholz (36) +12-12-12-12-12-11<br \/>\n4. Fabian Ahrens&nbsp;(36) +12-12-12-12-12-11-12<br \/>\n5. Dirk Herrmann&nbsp;(36)&nbsp;+12-12-11-12-11-11<br \/>\n6. Hermann Lampe (36)&nbsp;+11-11-12-12-12-12<br \/>\n7. Ulrich Sander&nbsp;(36) +12-11-12-11-12-11<br \/>\n8. Roman Aslett&nbsp;(36) +12-11-12-10-11-12<br \/>\n9. Chris Gijzemijter (36) +12-11-11-12-11-12<br \/>\n10. Erhard Brammer (36) +12-10-12-11-12-12<\/p>\n<\/div>\n","protected":false},"excerpt":{"rendered":"<p>Corpsk\u00f6nig Holger Friedrichs 1. Minister Michael Schmidt 2. Minister Jan Tschiskale Lederorden Jan Fischer Stadtk\u00f6nig&nbsp;Dirk Herrmann 1. Minister Harry Bade-Sell 2. Minister Lars L\u00fcpke 4. Hans-Herbert Dressler 5. Benjamin Hohls 6. Thomas Bade 7. Dieter Sobczak 8. Jan Schmidt 9. &hellip;<\/p>\n<p class=\"read-more\"> <a class=\"more-link\" href=\"https:\/\/wp.schuetzencorps.de\/?page_id=86\"> <span class=\"screen-reader-text\">K\u00f6nige 2016<\/span> Weiterlesen &raquo;<\/a><\/p>\n","protected":false},"author":1,"featured_media":0,"parent":0,"menu_order":4,"comment_status":"closed","ping_status":"closed","template":"","meta":{"footnotes":""},"class_list":["post-86","page","type-page","status-publish","hentry"],"_links":{"self":[{"href":"https:\/\/wp.schuetzencorps.de\/index.php?rest_route=\/wp\/v2\/pages\/86","targetHints":{"allow":["GET"]}}],"collection":[{"href":"https:\/\/wp.schuetzencorps.de\/index.php?rest_route=\/wp\/v2\/pages"}],"about":[{"href":"https:\/\/wp.schuetzencorps.de\/index.php?rest_route=\/wp\/v2\/types\/page"}],"author":[{"embeddable":true,"href":"https:\/\/wp.schuetzencorps.de\/index.php?rest_route=\/wp\/v2\/users\/1"}],"replies":[{"embeddable":true,"href":"https:\/\/wp.schuetzencorps.de\/index.php?rest_route=%2Fwp%2Fv2%2Fcomments&post=86"}],"version-history":[{"count":11,"href":"https:\/\/wp.schuetzencorps.de\/index.php?rest_route=\/wp\/v2\/pages\/86\/revisions"}],"predecessor-version":[{"id":3063,"href":"https:\/\/wp.schuetzencorps.de\/index.php?rest_route=\/wp\/v2\/pages\/86\/revisions\/3063"}],"wp:attachment":[{"href":"https:\/\/wp.schuetzencorps.de\/index.php?rest_route=%2Fwp%2Fv2%2Fmedia&parent=86"}],"curies":[{"name":"wp","href":"https:\/\/api.w.org\/{rel}","templated":true}]}}